{"id":18750,"date":"2021-01-29T23:51:23","date_gmt":"2021-01-29T21:51:23","guid":{"rendered":"https:\/\/hookahshop.lt\/?post_type=product&#038;p=18750"},"modified":"2026-05-12T23:29:25","modified_gmt":"2026-05-12T20:29:25","slug":"tarpine-kaljano-kolbai-balta","status":"publish","type":"product","link":"https:\/\/hookahshop.lt\/lv\/produkt\/starplikas-udenspipes-kolba-balts\/","title":{"rendered":"Bl\u012bve \u016bdensp\u012bpes kolbai Balts"},"content":{"rendered":"<h2>Bl\u012bve \u016bdensp\u012bpes kolbai Balts<\/h2>\n<p>Ide\u0101ls izm\u0113rs, lai der\u0113tu liel\u0101kajai da\u013cai \u016bdensp\u012bpju. Pateicoties p\u0101rkl\u0101jumam, tie nesl\u012bd un nenokr\u012bt. Augstas kvalit\u0101tes silikons un ra\u017eo\u0161ana veicina \u0161o starpliku ilgm\u016b\u017e\u012bbu.<\/p>\n<p><strong>Specifik\u0101cijas:<\/strong><br \/>\n\u0100r\u0113jais diametrs: 40mm<br \/>\nIek\u0161\u0113jais diametrs: 36mm<br \/>\nSvars: apm\u0113ram 11g.<\/p>\n<p>Vai jums ir k\u0101di jaut\u0101jumi? Sazinies ar mums\u00a0<a href=\"https:\/\/hookahshop.lt\/lv\/kontaktiem\/\">kontaktu lapa<\/a>\u00a0vai rakstiet mums pa e-pastu\u00a0<a href=\"https:\/\/facebook.com\/HookahShop.lt\/\" target=\"_blank\" rel=\"noopener noreferrer\">Facebook konts<\/a>\u00a0un m\u0113s atbild\u0113sim uz j\u016bsu piepras\u012bjumu taj\u0101 pa\u0161\u0101 dien\u0101.<\/p>","protected":false},"excerpt":{"rendered":"<p>Shisha Flask Spacer White Lielisks izm\u0113rs, lai der\u0113tu liel\u0101kajai da\u013cai \u016bdensp\u012bpju. Pateicoties p\u0101rkl\u0101jumam, tie nesl\u012bd un nenokr\u012bt. Augstas kvalit\u0101tes silikons un ra\u017eo\u0161ana veicina \u0161o starpliku ilgm\u016b\u017e\u012bbu. Specifik\u0101cijas: \u0100r\u0113jais diametrs: 40mm Iek\u0161\u0113jais diametrs: 36mm Svars: apm\u0113ram 11g. Vai jums ir k\u0101di jaut\u0101jumi? Sazinieties ar mums kontaktu lap\u0101 vai rakstiet mums uz m\u016bsu Facebook kontu un m\u0113s atbild\u0113sim uz j\u016bsu piepras\u012bjumu taj\u0101 pa\u0161\u0101 dien\u0101.<\/p>","protected":false},"featured_media":18751,"comment_status":"open","ping_status":"closed","template":"","meta":[],"_links":{"self":[{"href":"https:\/\/hookahshop.lt\/lv\/wp-json\/wp\/v2\/product\/18750"}],"collection":[{"href":"https:\/\/hookahshop.lt\/lv\/wp-json\/wp\/v2\/product"}],"about":[{"href":"https:\/\/hookahshop.lt\/lv\/wp-json\/wp\/v2\/types\/product"}],"replies":[{"embeddable":true,"href":"https:\/\/hookahshop.lt\/lv\/wp-json\/wp\/v2\/comments?post=18750"}],"version-history":[{"count":7,"href":"https:\/\/hookahshop.lt\/lv\/wp-json\/wp\/v2\/product\/18750\/revisions"}],"predecessor-version":[{"id":45702,"href":"https:\/\/hookahshop.lt\/lv\/wp-json\/wp\/v2\/product\/18750\/revisions\/45702"}],"wp:featuredmedia":[{"embeddable":true,"href":"https:\/\/hookahshop.lt\/lv\/wp-json\/wp\/v2\/media\/18751"}],"wp:attachment":[{"href":"https:\/\/hookahshop.lt\/lv\/wp-json\/wp\/v2\/media?parent=18750"}],"curies":[{"name":"wp","href":"https:\/\/api.w.org\/{rel}","templated":true}]}}