{"id":18771,"date":"2021-01-30T14:03:17","date_gmt":"2021-01-30T12:03:17","guid":{"rendered":"https:\/\/hookahshop.lt\/?post_type=product&#038;p=18771"},"modified":"2026-04-15T23:28:58","modified_gmt":"2026-04-15T20:28:58","slug":"kaljano-priedu-rinkinys-kelioninis","status":"publish","type":"product","link":"https:\/\/hookahshop.lt\/lv\/produkt\/udenspipe-piederumu-komplekts-celojums\/","title":{"rendered":"\u016adensp\u012bpes piederumu komplekts TRAVEL"},"content":{"rendered":"<h2>\u016adensp\u012bpes piederumu komplekts TRAVEL<\/h2>\n<p>\u0160is ir komplekts, kur\u0101 atrad\u012bsiet: t\u016bristu pl\u012bti \u016bdensp\u012bpes og\u013cu sild\u012b\u0161anai, g\u0101zes balonu un 100 vienreiz\u0113j\u0101s lieto\u0161anas iemu\u0161us.<\/p>\n<p><strong>Piederumu komplekts sast\u0101v no:<\/strong><br \/>\nT\u016brisma pl\u012bts \u016bdensp\u012bpes og\u013cu sau\u013co\u0161anai<br \/>\nG\u0101zes balons<br \/>\nVienreiz\u0113j\u0101s lieto\u0161anas iemuti 100 gab.<\/p>\n<p>*Produkta izskats un z\u012bmols var at\u0161\u0137irties no att\u0113la.<\/p>\n<p>Vai jums ir k\u0101di jaut\u0101jumi? Sazinies ar mums\u00a0<a href=\"https:\/\/hookahshop.lt\/lv\/kontaktiem\/\">kontaktu lapa<\/a>\u00a0vai rakstiet mums pa e-pastu\u00a0<a href=\"https:\/\/facebook.com\/HookahShop.lt\/\" target=\"_blank\" rel=\"noopener noreferrer\">Facebook konts<\/a>\u00a0un m\u0113s atbild\u0113sim uz j\u016bsu piepras\u012bjumu taj\u0101 pa\u0161\u0101 dien\u0101.<\/p>","protected":false},"excerpt":{"rendered":"<p>\u016adensp\u012bpes piederumu komplekts TRAVEL \u0160is ir komplekts, kur\u0101 atrad\u012bsi: t\u016bristu pl\u012bti \u016bdensp\u012bpes og\u013cu sild\u012b\u0161anai, g\u0101zes balonu un 100 vienreiz\u0113j\u0101s lieto\u0161anas iemuti. Piederumu komplekt\u0101 ietilpst: T\u016brisma pl\u012bts \u016bdensp\u012bpes og\u013cu sild\u012b\u0161anai G\u0101zes balons Vienreiz\u0113j\u0101s lieto\u0161anas iemuti 100gab. *Produkta izskats un z\u012bmols var at\u0161\u0137irties no att\u0113la. Vai jums ir k\u0101di jaut\u0101jumi? Sazinieties ar mums kontaktu lap\u0101 vai rakstiet mums m\u016bsu Facebook kont\u0101 un m\u0113s atbild\u0113sim [\u2026]<\/p>","protected":false},"featured_media":18772,"comment_status":"open","ping_status":"closed","template":"","meta":[],"_links":{"self":[{"href":"https:\/\/hookahshop.lt\/lv\/wp-json\/wp\/v2\/product\/18771"}],"collection":[{"href":"https:\/\/hookahshop.lt\/lv\/wp-json\/wp\/v2\/product"}],"about":[{"href":"https:\/\/hookahshop.lt\/lv\/wp-json\/wp\/v2\/types\/product"}],"replies":[{"embeddable":true,"href":"https:\/\/hookahshop.lt\/lv\/wp-json\/wp\/v2\/comments?post=18771"}],"version-history":[{"count":7,"href":"https:\/\/hookahshop.lt\/lv\/wp-json\/wp\/v2\/product\/18771\/revisions"}],"predecessor-version":[{"id":43550,"href":"https:\/\/hookahshop.lt\/lv\/wp-json\/wp\/v2\/product\/18771\/revisions\/43550"}],"wp:featuredmedia":[{"embeddable":true,"href":"https:\/\/hookahshop.lt\/lv\/wp-json\/wp\/v2\/media\/18772"}],"wp:attachment":[{"href":"https:\/\/hookahshop.lt\/lv\/wp-json\/wp\/v2\/media?parent=18771"}],"curies":[{"name":"wp","href":"https:\/\/api.w.org\/{rel}","templated":true}]}}