{"id":18798,"date":"2021-01-31T18:54:45","date_gmt":"2021-01-31T16:54:45","guid":{"rendered":"https:\/\/hookahshop.lt\/?post_type=product&#038;p=18798"},"modified":"2026-04-15T23:29:13","modified_gmt":"2026-04-15T20:29:13","slug":"taurele-kaljanui-oblako-dusha-killer","status":"publish","type":"product","link":"https:\/\/hookahshop.lt\/lv\/produkt\/kauss-udenspipe-makonis-dusha-killer\/","title":{"rendered":"Kauss \u016bdensp\u012bpe OBLAKO Dusha Killer"},"content":{"rendered":"<h2>Kauss \u016bdensp\u012bpe OBLAKO Dusha Killer<\/h2>\n<p>Klasiskais modelis &quot;OBLAKO&quot; ir p\u0101rkl\u0101ts ar unik\u0101lu melnu glaz\u016bru, kas vienl\u012bdz piem\u0113rota gan vieglai, gan stipr\u0101kai k\u016bpin\u0101\u0161anai. \u0160\u012b jaun\u0101 kr\u016bze &quot;OBALAKO&quot; ir ierobe\u017eota tir\u0101\u017ea, kas izdota kop\u0101 ar z\u012bmolu &quot;DUSHA&quot;. Dusha Killer kr\u016bze tiek izgaismota no apak\u0161as ar melnu mat\u0113tu glaz\u016bru, bet no aug\u0161as ar melnu sp\u012bd\u012bgu glaz\u016bru. Produkt\u0101 izmantota tikai p\u0101rtikas glaz\u016bra, kas nerada risku cilv\u0113ka vesel\u012bbai.<\/p>\n<p>\u016adensp\u012bpe mais\u012bjuma ietilp\u012bba: 23-28g.<\/p>\n<p><strong>Specifik\u0101cijas:<\/strong><br \/>\nAugstums: 116 mm<br \/>\nDiametrs (\u0101r\u0113jais): 74 mm<br \/>\nDiametrs (iek\u0161\u0113jais): 62 mm<br \/>\nDzi\u013cums: 15 mm<br \/>\nUrbuma diametrs: 8 mm<br \/>\nUrbumu skaits: 5<br \/>\nSvars: apm\u0113ram 190 g.<\/p>\n<p>Vai jums ir k\u0101di jaut\u0101jumi? Sazinies ar mums\u00a0<a href=\"https:\/\/hookahshop.lt\/lv\/kontaktiem\/\">kontaktu lapa<\/a>\u00a0vai rakstiet mums pa e-pastu\u00a0<a href=\"https:\/\/facebook.com\/HookahShop.lt\/\" target=\"_blank\" rel=\"noopener noreferrer\">Facebook konts<\/a>\u00a0un m\u0113s atbild\u0113sim uz j\u016bsu piepras\u012bjumu taj\u0101 pa\u0161\u0101 dien\u0101.<\/p>","protected":false},"excerpt":{"rendered":"<p>\u016adensp\u012bpes kr\u016bz\u012bte OBLAKO Dusha Killer Klasiskais modelis &quot;OBLAKO&quot; ir p\u0101rkl\u0101ts ar unik\u0101lu melnu glaz\u016bru, kas ir vienl\u012bdz piem\u0113rota gan viegliem, gan sp\u0113c\u012bgiem sm\u0113\u0137\u0113t\u0101jiem. \u0160\u012b jaun\u0101 kr\u016bz\u012bte &quot;OBALAKO&quot; ir ierobe\u017eot\u0101 izlaidum\u0101, kas izlaista kop\u0101 ar z\u012bmolu &quot;DUSHA&quot;. Dusha Killer kr\u016bz\u012bte tiek apdedzin\u0101ta no apak\u0161as ar melnu mat\u0113tu glaz\u016bru, bet no aug\u0161as - ar melnu sp\u012bd\u012bgu glaz\u016bru. Produkt\u0101 tiek izmantota tikai p\u0101rtikas kvalit\u0101tes glaz\u016bra, kas neizraisa [\u2026]<\/p>","protected":false},"featured_media":18799,"comment_status":"open","ping_status":"closed","template":"","meta":[],"_links":{"self":[{"href":"https:\/\/hookahshop.lt\/lv\/wp-json\/wp\/v2\/product\/18798"}],"collection":[{"href":"https:\/\/hookahshop.lt\/lv\/wp-json\/wp\/v2\/product"}],"about":[{"href":"https:\/\/hookahshop.lt\/lv\/wp-json\/wp\/v2\/types\/product"}],"replies":[{"embeddable":true,"href":"https:\/\/hookahshop.lt\/lv\/wp-json\/wp\/v2\/comments?post=18798"}],"version-history":[{"count":5,"href":"https:\/\/hookahshop.lt\/lv\/wp-json\/wp\/v2\/product\/18798\/revisions"}],"predecessor-version":[{"id":44350,"href":"https:\/\/hookahshop.lt\/lv\/wp-json\/wp\/v2\/product\/18798\/revisions\/44350"}],"wp:featuredmedia":[{"embeddable":true,"href":"https:\/\/hookahshop.lt\/lv\/wp-json\/wp\/v2\/media\/18799"}],"wp:attachment":[{"href":"https:\/\/hookahshop.lt\/lv\/wp-json\/wp\/v2\/media?parent=18798"}],"curies":[{"name":"wp","href":"https:\/\/api.w.org\/{rel}","templated":true}]}}