{"id":18808,"date":"2021-01-31T21:48:58","date_gmt":"2021-01-31T19:48:58","guid":{"rendered":"https:\/\/hookahshop.lt\/?post_type=product&#038;p=18808"},"modified":"2026-04-16T10:21:23","modified_gmt":"2026-04-16T07:21:23","slug":"znyples-kaljano-anglims-kaloud-vestara-cyris-brown","status":"publish","type":"product","link":"https:\/\/hookahshop.lt\/lv\/produkt\/udenspipe-ogles-udenspipe-kaloud-vestara-cyris-bruns\/","title":{"rendered":"\u016adensp\u012bpe og\u013cu knaibles KALOUD Vestara Cyris Brown"},"content":{"rendered":"<h2>\u016adensp\u012bpe og\u013cu knaibles KALOUD Vestara Cyris Brown<\/h2>\n<p>Slavenais amerik\u0101\u0146u \u016bdensp\u012bpes piederumu ra\u017eot\u0101js &quot;Kaloud&quot; pasaulei par\u0101d\u012bjis jaunu aksesu\u0101ru - \u016bdensp\u012bpes knaibles &quot;KALOUD VESTARA TONGS&quot;.<br \/>\nKnaibles ir izgatavotas no met\u0101la un koka.<\/p>\n<p>Vai jums ir k\u0101di jaut\u0101jumi? Sazinies ar mums\u00a0<a href=\"https:\/\/hookahshop.lt\/lv\/kontaktiem\/\">kontaktu lapa<\/a>\u00a0vai rakstiet mums pa e-pastu\u00a0<a href=\"https:\/\/facebook.com\/HookahShop.lt\/\" target=\"_blank\" rel=\"noopener noreferrer\">Facebook konts<\/a>\u00a0un m\u0113s atbild\u0113sim uz j\u016bsu piepras\u012bjumu taj\u0101 pa\u0161\u0101 dien\u0101.<\/p>","protected":false},"excerpt":{"rendered":"<p>Knaibles \u016bdensp\u012bpes ogl\u0113m KALOUD Vestara Cyris Brown Slavenais amerik\u0101\u0146u \u016bdensp\u012bpes piederumu ra\u017eot\u0101js &quot;Kaloud&quot; par\u0101d\u012bja pasaulei jaunu aksesu\u0101ru - \u016bdensp\u012bpes knaibles &quot;KALOUD VESTARA TONGS&quot;. Knaibles ir izgatavotas no met\u0101la un koka. Vai jums ir k\u0101di jaut\u0101jumi? Sazinieties ar mums kontaktu lap\u0101 vai rakstiet mums uz m\u016bsu Facebook kontu un m\u0113s atbild\u0113sim uz j\u016bsu piepras\u012bjumu taj\u0101 pa\u0161\u0101 dien\u0101.<\/p>","protected":false},"featured_media":18809,"comment_status":"open","ping_status":"closed","template":"","meta":[],"_links":{"self":[{"href":"https:\/\/hookahshop.lt\/lv\/wp-json\/wp\/v2\/product\/18808"}],"collection":[{"href":"https:\/\/hookahshop.lt\/lv\/wp-json\/wp\/v2\/product"}],"about":[{"href":"https:\/\/hookahshop.lt\/lv\/wp-json\/wp\/v2\/types\/product"}],"replies":[{"embeddable":true,"href":"https:\/\/hookahshop.lt\/lv\/wp-json\/wp\/v2\/comments?post=18808"}],"version-history":[{"count":4,"href":"https:\/\/hookahshop.lt\/lv\/wp-json\/wp\/v2\/product\/18808\/revisions"}],"predecessor-version":[{"id":33273,"href":"https:\/\/hookahshop.lt\/lv\/wp-json\/wp\/v2\/product\/18808\/revisions\/33273"}],"wp:featuredmedia":[{"embeddable":true,"href":"https:\/\/hookahshop.lt\/lv\/wp-json\/wp\/v2\/media\/18809"}],"wp:attachment":[{"href":"https:\/\/hookahshop.lt\/lv\/wp-json\/wp\/v2\/media?parent=18808"}],"curies":[{"name":"wp","href":"https:\/\/api.w.org\/{rel}","templated":true}]}}