{"id":18820,"date":"2021-01-31T23:05:45","date_gmt":"2021-01-31T21:05:45","guid":{"rendered":"https:\/\/hookahshop.lt\/?post_type=product&#038;p=18820"},"modified":"2026-04-06T23:29:18","modified_gmt":"2026-04-06T20:29:18","slug":"znyples-kaljano-anglims-alpha-hookah-cyber","status":"publish","type":"product","link":"https:\/\/hookahshop.lt\/lv\/produkt\/znyples-udenspipe-charcoal-alfa-udenspipe-cyber\/","title":{"rendered":"\u016adensp\u012bpes kokogles knaibles ALPHA HOOKAH Cyber"},"content":{"rendered":"<h2>\u016adensp\u012bpes kokogles knaibles ALPHA HOOKAH Cyber<\/h2>\n<p>Stil\u012bgas un \u0113rtas knaibles ar ori\u0123in\u0101lu grav\u0113jumu. Pincet\u0113m ir speci\u0101ls samta maisi\u0146\u0161 p\u0101rn\u0113s\u0101\u0161anai. T\u0101tad, tie k\u013c\u016bs ne tikai par noder\u012bgu un for\u0161u aksesu\u0101ru, bet ar\u012b par skaistu d\u0101vanu!<\/p>\n<p><strong>Raksturojums:<\/strong><br \/>\n- Kr\u0101sa melna<br \/>\n- Materi\u0101ls: ner\u016bs\u0113jo\u0161ais t\u0113rauds<br \/>\n-Garums: 23,7 cm<\/p>\n<p><strong>Iestat\u012bjums:<\/strong><br \/>\nKnaibles<br \/>\nSoma (samta)<br \/>\nKaste<\/p>\n<p>Vai jums ir k\u0101di jaut\u0101jumi? Sazinies ar mums\u00a0<a href=\"https:\/\/hookahshop.lt\/lv\/kontaktiem\/\">kontaktu lapa<\/a>\u00a0vai rakstiet mums pa e-pastu\u00a0<a href=\"https:\/\/facebook.com\/HookahShop.lt\/\" target=\"_blank\" rel=\"noopener noreferrer\">Facebook konts<\/a>\u00a0un m\u0113s atbild\u0113sim uz j\u016bsu piepras\u012bjumu taj\u0101 pa\u0161\u0101 dien\u0101.<\/p>","protected":false},"excerpt":{"rendered":"<p>Knaibles \u016bdensp\u012bpes ogl\u0113m ALPHA HOOKAH Cyber\u00a0Stil\u012bgas un \u0113rtas knaibles ar ori\u0123in\u0101lu grav\u0113jumu. Pincet\u0113m ir speci\u0101ls samta maisi\u0146\u0161 p\u0101rn\u0113s\u0101\u0161anai. T\u0101tad, tie k\u013c\u016bs ne tikai par noder\u012bgu un for\u0161u aksesu\u0101ru, bet ar\u012b par skaistu d\u0101vanu! Raksturojums: -Kr\u0101sa: Melna -Materi\u0101ls: Ner\u016bs\u0113jo\u0161ais t\u0113rauds -Garums: 23,7 cm Komplekts: Knaibles Soma (samta) Kaste Ir k\u0101di jaut\u0101jumi? Sazinieties ar mums kontaktu lap\u0101 vai rakstiet mums [...]<\/p>","protected":false},"featured_media":18822,"comment_status":"open","ping_status":"closed","template":"","meta":[],"_links":{"self":[{"href":"https:\/\/hookahshop.lt\/lv\/wp-json\/wp\/v2\/product\/18820"}],"collection":[{"href":"https:\/\/hookahshop.lt\/lv\/wp-json\/wp\/v2\/product"}],"about":[{"href":"https:\/\/hookahshop.lt\/lv\/wp-json\/wp\/v2\/types\/product"}],"replies":[{"embeddable":true,"href":"https:\/\/hookahshop.lt\/lv\/wp-json\/wp\/v2\/comments?post=18820"}],"version-history":[{"count":5,"href":"https:\/\/hookahshop.lt\/lv\/wp-json\/wp\/v2\/product\/18820\/revisions"}],"predecessor-version":[{"id":43879,"href":"https:\/\/hookahshop.lt\/lv\/wp-json\/wp\/v2\/product\/18820\/revisions\/43879"}],"wp:featuredmedia":[{"embeddable":true,"href":"https:\/\/hookahshop.lt\/lv\/wp-json\/wp\/v2\/media\/18822"}],"wp:attachment":[{"href":"https:\/\/hookahshop.lt\/lv\/wp-json\/wp\/v2\/media?parent=18820"}],"curies":[{"name":"wp","href":"https:\/\/api.w.org\/{rel}","templated":true}]}}