{"id":18979,"date":"2021-02-05T21:52:39","date_gmt":"2021-02-05T19:52:39","guid":{"rendered":"https:\/\/hookahshop.lt\/?post_type=product&#038;p=18979"},"modified":"2026-04-06T23:28:38","modified_gmt":"2026-04-06T20:28:38","slug":"difuzorius-kaljanui-black","status":"publish","type":"product","link":"https:\/\/hookahshop.lt\/lv\/produkt\/difuzors-udenspipe-melns\/","title":{"rendered":"\u016adensp\u012bpes Melnais difuzors"},"content":{"rendered":"<h2>\u016adensp\u012bpes Melnais difuzors<\/h2>\n<p>Darba process ir l\u012bdz\u012bgs filtram, jo tas sadala gaisa burbu\u013cus, kas pace\u013cas kolb\u0101. T\u0101d\u0101 veid\u0101 d\u016bmi kolb\u0101 tiek atdzes\u0113ti. Tas ar\u012b nedaudz apsl\u0101p\u0113 \u016bdensp\u012bpes burbu\u013cojo\u0161o ska\u0146u, klus\u0101kai videi piem. skatoties filmu vai mijiedarbojoties ar citiem.<\/p>\n<p><strong>Lieto\u0161ana:<\/strong><br \/>\nDifuzors ir uzst\u0101d\u012bts uz \u016bdensp\u012bpes \u0101\u0137a (stumbra) gala.<\/p>\n<p><strong>Specifik\u0101cijas:<\/strong><br \/>\nMateri\u0101ls: Silikons<br \/>\nAugstums: 5 cm<br \/>\nCaurules diametrs: ~1,3-2, cm<br \/>\nRa\u017eo\u0161anas valsts: V\u0101cija<\/p>\n<p>Vai jums ir k\u0101di jaut\u0101jumi? Sazinies ar mums\u00a0<a href=\"https:\/\/hookahshop.lt\/lv\/kontaktiem\/\">kontaktu lapa<\/a>\u00a0vai rakstiet mums pa e-pastu\u00a0<a href=\"https:\/\/facebook.com\/HookahShop.lt\/\" target=\"_blank\" rel=\"noopener noreferrer\">Facebook konts<\/a>\u00a0un m\u0113s atbild\u0113sim uz j\u016bsu piepras\u012bjumu taj\u0101 pa\u0161\u0101 dien\u0101.<\/p>","protected":false},"excerpt":{"rendered":"<p>Izklied\u0113t\u0101js \u016bdensp\u012bpei Melns Darb\u012bbas process ir l\u012bdz\u012bgs filtram, jo tas sadala gaisa burbu\u013cus, kas pace\u013cas kolb\u0101. T\u0101d\u0101 veid\u0101 d\u016bmi kolb\u0101 tiek atdzes\u0113ti. Tas ar\u012b nedaudz sl\u0101p\u0113 \u016bdensp\u012bpes burbu\u013cojo\u0161o ska\u0146u, klus\u0101kai videi piem. skatoties filmu vai mijiedarbojoties ar citiem. Lieto\u0161ana: difuzoru novieto uz \u016bdensp\u012bpes v\u0101rpstas (k\u0101ta) gala. Specifik\u0101cijas: Materi\u0101ls: Silikons Augstums: 5 cm Caurules diametrs: ~1,3-2, cm [\u2026]<\/p>","protected":false},"featured_media":18980,"comment_status":"open","ping_status":"closed","template":"","meta":[],"_links":{"self":[{"href":"https:\/\/hookahshop.lt\/lv\/wp-json\/wp\/v2\/product\/18979"}],"collection":[{"href":"https:\/\/hookahshop.lt\/lv\/wp-json\/wp\/v2\/product"}],"about":[{"href":"https:\/\/hookahshop.lt\/lv\/wp-json\/wp\/v2\/types\/product"}],"replies":[{"embeddable":true,"href":"https:\/\/hookahshop.lt\/lv\/wp-json\/wp\/v2\/comments?post=18979"}],"version-history":[{"count":7,"href":"https:\/\/hookahshop.lt\/lv\/wp-json\/wp\/v2\/product\/18979\/revisions"}],"predecessor-version":[{"id":42986,"href":"https:\/\/hookahshop.lt\/lv\/wp-json\/wp\/v2\/product\/18979\/revisions\/42986"}],"wp:featuredmedia":[{"embeddable":true,"href":"https:\/\/hookahshop.lt\/lv\/wp-json\/wp\/v2\/media\/18980"}],"wp:attachment":[{"href":"https:\/\/hookahshop.lt\/lv\/wp-json\/wp\/v2\/media?parent=18979"}],"curies":[{"name":"wp","href":"https:\/\/api.w.org\/{rel}","templated":true}]}}