{"id":19046,"date":"2021-02-08T14:16:34","date_gmt":"2021-02-08T12:16:34","guid":{"rendered":"https:\/\/hookahshop.lt\/?post_type=product&#038;p=19046"},"modified":"2026-04-15T12:29:04","modified_gmt":"2026-04-15T09:29:04","slug":"karscio-kamera-amy-globe-heat-box-juoda","status":"publish","type":"product","link":"https:\/\/hookahshop.lt\/lv\/produkt\/heat-camera-amy-globe-heat-box-black\/","title":{"rendered":"Siltuma kamera AMY Globe Heat Box Black"},"content":{"rendered":"<h2>Siltuma kamera AMY Globe Heat Box Black<\/h2>\n<p>Tas ir paredz\u0113ts \u016bdensp\u012bpes kr\u016bzes sild\u012b\u0161anai ar dab\u012bg\u0101m kokosriekstu ogl\u0113m.<\/p>\n<p id=\"tw-target-text\" class=\"tw-data-text tw-text-large tw-ta\" dir=\"ltr\" data-placeholder=\"Vertimas\"><span lang=\"lt\">Siltuma kameras galven\u0101s priek\u0161roc\u012bbas:<\/span><\/p>\n<ul>\n<li><span lang=\"lt\">Atk\u0101rtoti lietojams;<\/span><\/li>\n<li><span lang=\"lt\">Vairs nav folijas;<\/span><\/li>\n<li><span lang=\"lt\">Akme\u0146ogles paliek viet\u0101 \u0113rt\u0101s formas d\u0113\u013c;<\/span><\/li>\n<li>Uzlabo gaisa cirkul\u0101ciju;<\/li>\n<li><span lang=\"lt\">Tas \u012bs\u0101 laik\u0101 uzsilst un uztur stabilu siltumu.<\/span><\/li>\n<\/ul>\n<p>Pre\u010du z\u012bme: AMY<br \/>\nAugstums: 5 cm<br \/>\nDiametrs: 8 cm<br \/>\nDzi\u013cums: ~2 cm<br \/>\nMateri\u0101ls: alum\u012bnijs, gumija<br \/>\nFunkcijas: divi rokturi<br \/>\nIzcelsmes valsts: V\u0101cija<\/p>\n<p>Vai jums ir k\u0101di jaut\u0101jumi? Sazinies ar mums\u00a0<a href=\"https:\/\/hookahshop.lt\/lv\/kontaktiem\/\">kontaktu lapa<\/a>\u00a0vai rakstiet mums pa e-pastu\u00a0<a href=\"https:\/\/facebook.com\/HookahShop.lt\/\" target=\"_blank\" rel=\"noopener noreferrer\">Facebook konts<\/a>\u00a0un m\u0113s atbild\u0113sim uz j\u016bsu piepras\u012bjumu taj\u0101 pa\u0161\u0101 dien\u0101.<\/p>\n<p>&nbsp;<\/p>","protected":false},"excerpt":{"rendered":"<p>Siltuma kamera AMY Globe Heat Box Black Tas ir paredz\u0113ts izmanto\u0161anai \u016bdensp\u012bpes gl\u0101zes sild\u012b\u0161anai ar dab\u012bg\u0101m kokosriekstu ogl\u0113m. Galven\u0101s siltuma kameras priek\u0161roc\u012bbas: Daudzk\u0101rt\u0113ja izmanto\u0161ana; Vairs nav nepiecie\u0161ama folija; Ogleklis paliek viet\u0101, pateicoties \u0113rtai formai; uzlabojas gaisa cirkul\u0101cija; Tas uzsilst \u012bs\u0101 laik\u0101 un saglab\u0101 siltumu stabili. Z\u012bmols: AMY Augstums: 5 cm Diametrs: 8 cm Dzi\u013cums: ~2 cm [\u2026]<\/p>","protected":false},"featured_media":19048,"comment_status":"open","ping_status":"closed","template":"","meta":[],"_links":{"self":[{"href":"https:\/\/hookahshop.lt\/lv\/wp-json\/wp\/v2\/product\/19046"}],"collection":[{"href":"https:\/\/hookahshop.lt\/lv\/wp-json\/wp\/v2\/product"}],"about":[{"href":"https:\/\/hookahshop.lt\/lv\/wp-json\/wp\/v2\/types\/product"}],"replies":[{"embeddable":true,"href":"https:\/\/hookahshop.lt\/lv\/wp-json\/wp\/v2\/comments?post=19046"}],"version-history":[{"count":6,"href":"https:\/\/hookahshop.lt\/lv\/wp-json\/wp\/v2\/product\/19046\/revisions"}],"predecessor-version":[{"id":29862,"href":"https:\/\/hookahshop.lt\/lv\/wp-json\/wp\/v2\/product\/19046\/revisions\/29862"}],"wp:featuredmedia":[{"embeddable":true,"href":"https:\/\/hookahshop.lt\/lv\/wp-json\/wp\/v2\/media\/19048"}],"wp:attachment":[{"href":"https:\/\/hookahshop.lt\/lv\/wp-json\/wp\/v2\/media?parent=19046"}],"curies":[{"name":"wp","href":"https:\/\/api.w.org\/{rel}","templated":true}]}}