{"id":19147,"date":"2021-02-13T18:18:01","date_gmt":"2021-02-13T16:18:01","guid":{"rendered":"https:\/\/hookahshop.lt\/?post_type=product&#038;p=19147"},"modified":"2026-04-06T23:28:40","modified_gmt":"2026-04-06T20:28:40","slug":"kaljanas-aladin-alux-admiral-black","status":"publish","type":"product","link":"https:\/\/hookahshop.lt\/lv\/produkt\/udenspipe-aladin-alux-admiral-black\/","title":{"rendered":"\u016adensp\u012bpe ALADIN Alux Admiral Black"},"content":{"rendered":"<h2>\u016adensp\u012bpe ALADIN Alux Admiral Black<\/h2>\n<p>Pateicoties kompaktajam izm\u0113ram, tas ir ide\u0101ls ce\u013cabiedrs tiem, kas v\u0113las ieg\u016bt kvalitat\u012bvu produktu ce\u013c\u0101.<\/p>\n<p><strong>Specifik\u0101cija:<\/strong><br \/>\n\u016adensp\u012bpes augstums: 50cm<br \/>\nMateri\u0101ls (\u0101r\u0113js): anod\u0113ts alum\u012bnijs<br \/>\nMateri\u0101ls (iek\u0161\u0113jais): ner\u016bs\u0113jo\u0161ais t\u0113rauds (stabu apak\u0161da\u013ca saskaras ar \u016bdeni)<\/p>\n<p><strong>Komplekt\u0101 ietilpst:<\/strong><br \/>\n- \u016bdensp\u012bpe,<br \/>\n- v\u012bt\u0146ota kolba,<br \/>\n- knaibles,<br \/>\n- Silikona \u0161\u013c\u016btene (m\u012bksts piesk\u0101riens) ar sprausl\u0101m<br \/>\n- Kauss<br \/>\n- Skurstenis<br \/>\n- Regul\u0113jams difuzors.<br \/>\n<img decoding=\"async\" loading=\"lazy\" class=\"alignnone size-medium wp-image-38444\" src=\"https:\/\/hookahshop.lt\/wp-content\/uploads\/2022\/02\/Pilna-kaljano-komplektacija-Kaljano-komplekto-sudetis-300x273.jpg\" alt=\"Pilns \u016bdensp\u012bpes komplekts - \u016adensp\u012bpes komplekta sast\u0101vs\" width=\"300\" height=\"273\" srcset=\"https:\/\/hookahshop.lt\/wp-content\/uploads\/2022\/02\/Pilna-kaljano-komplektacija-Kaljano-komplekto-sudetis-300x273.jpg 300w, https:\/\/hookahshop.lt\/wp-content\/uploads\/2022\/02\/Pilna-kaljano-komplektacija-Kaljano-komplekto-sudetis-13x12.jpg 13w, https:\/\/hookahshop.lt\/wp-content\/uploads\/2022\/02\/Pilna-kaljano-komplektacija-Kaljano-komplekto-sudetis-64x58.jpg 64w, https:\/\/hookahshop.lt\/wp-content\/uploads\/2022\/02\/Pilna-kaljano-komplektacija-Kaljano-komplekto-sudetis.jpg 550w\" sizes=\"(max-width: 300px) 100vw, 300px\" title=\"\"><\/p>\n<p>Vai jums ir k\u0101di jaut\u0101jumi? Sazinies ar mums\u00a0<a href=\"https:\/\/hookahshop.lt\/lv\/kontaktiem\/\">kontaktu lapa<\/a>\u00a0vai rakstiet mums pa e-pastu\u00a0<a href=\"https:\/\/facebook.com\/HookahShop.lt\/\" target=\"_blank\" rel=\"noopener noreferrer\">Facebook konts<\/a>\u00a0un m\u0113s atbild\u0113sim uz j\u016bsu piepras\u012bjumu taj\u0101 pa\u0161\u0101 dien\u0101.<\/p>\n<p>&nbsp;<\/p>","protected":false},"excerpt":{"rendered":"<p>\u016adensp\u012bpe ALADIN Alux Admiral Black Pateicoties t\u0101 kompaktajam izm\u0113ram, tas ir ide\u0101ls ce\u013cojumu sabiedrotais tiem, kas v\u0113las ieg\u016bt kvalitat\u012bvu produktu ce\u013c\u0101. Specifik\u0101cija: \u016adensp\u012bpes augstums: 50cm Materi\u0101ls (\u0101r\u0113jais): anod\u0113ts alum\u012bnijs Materi\u0101ls (iek\u0161\u0113jais): ner\u016bs\u0113jo\u0161ais t\u0113rauds (Apak\u0161\u0113j\u0101 k\u0101ta da\u013ca, kas pieskaras \u016bdenim) Komplekt\u0101 ietilpst: \u2013 \u016adensp\u012bpe, \u2013 Kolba ar v\u012btni, \u2013 Knaibles, \u2013 Silikona \u0161\u013c\u016btene (Soft touch) ar sprausl\u0101m, [...]<\/p>","protected":false},"featured_media":19148,"comment_status":"open","ping_status":"closed","template":"","meta":[],"_links":{"self":[{"href":"https:\/\/hookahshop.lt\/lv\/wp-json\/wp\/v2\/product\/19147"}],"collection":[{"href":"https:\/\/hookahshop.lt\/lv\/wp-json\/wp\/v2\/product"}],"about":[{"href":"https:\/\/hookahshop.lt\/lv\/wp-json\/wp\/v2\/types\/product"}],"replies":[{"embeddable":true,"href":"https:\/\/hookahshop.lt\/lv\/wp-json\/wp\/v2\/comments?post=19147"}],"version-history":[{"count":7,"href":"https:\/\/hookahshop.lt\/lv\/wp-json\/wp\/v2\/product\/19147\/revisions"}],"predecessor-version":[{"id":45544,"href":"https:\/\/hookahshop.lt\/lv\/wp-json\/wp\/v2\/product\/19147\/revisions\/45544"}],"wp:featuredmedia":[{"embeddable":true,"href":"https:\/\/hookahshop.lt\/lv\/wp-json\/wp\/v2\/media\/19148"}],"wp:attachment":[{"href":"https:\/\/hookahshop.lt\/lv\/wp-json\/wp\/v2\/media?parent=19147"}],"curies":[{"name":"wp","href":"https:\/\/api.w.org\/{rel}","templated":true}]}}