{"id":19215,"date":"2021-02-15T11:45:17","date_gmt":"2021-02-15T09:45:17","guid":{"rendered":"https:\/\/hookahshop.lt\/?post_type=product&#038;p=19215"},"modified":"2026-04-06T23:28:53","modified_gmt":"2026-04-06T20:28:53","slug":"kaljano-komplektas-aladin-alux-admiral-gold","status":"publish","type":"product","link":"https:\/\/hookahshop.lt\/lv\/produkt\/hookah-set-aladin-alux-admiral-gold\/","title":{"rendered":"\u016adensp\u012bpe uzst\u0101d\u012bja ALADIN Alux Admiral Gold"},"content":{"rendered":"<h2>\u016adensp\u012bpe uzst\u0101d\u012bja ALADIN Alux Admiral Gold<\/h2>\n<p>Pateicoties kompaktajam izm\u0113ram, tas ir ide\u0101ls ce\u013cabiedrs tiem, kas v\u0113las ieg\u016bt kvalitat\u012bvu produktu ce\u013c\u0101.<\/p>\n<p><strong>Specifik\u0101cija:<\/strong><br \/>\n\u016adensp\u012bpes augstums: 50cm<br \/>\nMateri\u0101ls (\u0101r\u0113js): anod\u0113ts alum\u012bnijs<br \/>\nMateri\u0101ls (iek\u0161\u0113jais): ner\u016bs\u0113jo\u0161ais t\u0113rauds (stabu apak\u0161da\u013ca saskaras ar \u016bdeni)<\/p>\n<p>Apr\u012bkojums:<br \/>\nV\u0101rpsta -1 gab.<br \/>\n\u016adensp\u012bpes pl\u0101ksne - 1 gab.<br \/>\nIemutnis - 1 gab.<br \/>\nSilikona \u0161\u013c\u016btene - 1 gab.<br \/>\nBl\u012bves - 2 gab.<br \/>\nKolba - 1 gab.<br \/>\nKnaibles - 1 gab.<br \/>\nSiltuma kamera - 1 gab.<br \/>\nKauss - 1gab.<br \/>\nOgles 1kg - 1gab.<br \/>\nPl\u012bts (kokog\u013cu \u0161\u0137iltavas) - 1gab.<\/p>\n<p>Vai jums ir k\u0101di jaut\u0101jumi? Sazinies ar mums\u00a0<a href=\"https:\/\/hookahshop.lt\/lv\/kontaktiem\/\">kontaktu lapa<\/a>\u00a0vai rakstiet mums pa e-pastu\u00a0<a href=\"https:\/\/facebook.com\/HookahShop.lt\/\" target=\"_blank\" rel=\"noopener noreferrer\">Facebook konts<\/a>\u00a0un m\u0113s atbild\u0113sim uz j\u016bsu piepras\u012bjumu taj\u0101 pa\u0161\u0101 dien\u0101.<\/p>","protected":false},"excerpt":{"rendered":"<p>\u016adensp\u012bpes komplekts ALADIN Alux Admiral Gold Pateicoties t\u0101 kompaktajam izm\u0113ram, tas ir ide\u0101ls ce\u013cojumu sabiedrotais tiem, kas v\u0113las ieg\u016bt kvalitat\u012bvu produktu ce\u013c\u0101. Specifik\u0101cija: \u016adensp\u012bpes augstums: 50cm Materi\u0101ls (\u0101r\u0113jais): anod\u0113ts alum\u012bnijs Materi\u0101ls (iek\u0161\u0113jais): ner\u016bs\u0113jo\u0161ais t\u0113rauds (Apak\u0161\u0113j\u0101 k\u0101ta da\u013ca, kas saskaras ar \u016bdeni) Pilns komplekts: V\u0101rpsta - 1 gab. \u016adensp\u012bpes \u0161\u0137\u012bvis - 1 gab. Mutes uzgalis - 1 gab. Silikona \u0161\u013c\u016btene \u2014 [\u2026]<\/p>","protected":false},"featured_media":28038,"comment_status":"open","ping_status":"closed","template":"","meta":[],"_links":{"self":[{"href":"https:\/\/hookahshop.lt\/lv\/wp-json\/wp\/v2\/product\/19215"}],"collection":[{"href":"https:\/\/hookahshop.lt\/lv\/wp-json\/wp\/v2\/product"}],"about":[{"href":"https:\/\/hookahshop.lt\/lv\/wp-json\/wp\/v2\/types\/product"}],"replies":[{"embeddable":true,"href":"https:\/\/hookahshop.lt\/lv\/wp-json\/wp\/v2\/comments?post=19215"}],"version-history":[{"count":3,"href":"https:\/\/hookahshop.lt\/lv\/wp-json\/wp\/v2\/product\/19215\/revisions"}],"predecessor-version":[{"id":32495,"href":"https:\/\/hookahshop.lt\/lv\/wp-json\/wp\/v2\/product\/19215\/revisions\/32495"}],"wp:featuredmedia":[{"embeddable":true,"href":"https:\/\/hookahshop.lt\/lv\/wp-json\/wp\/v2\/media\/28038"}],"wp:attachment":[{"href":"https:\/\/hookahshop.lt\/lv\/wp-json\/wp\/v2\/media?parent=19215"}],"curies":[{"name":"wp","href":"https:\/\/api.w.org\/{rel}","templated":true}]}}