{"id":19225,"date":"2021-02-15T12:02:59","date_gmt":"2021-02-15T10:02:59","guid":{"rendered":"https:\/\/hookahshop.lt\/?post_type=product&#038;p=19225"},"modified":"2026-04-06T23:28:55","modified_gmt":"2026-04-06T20:28:55","slug":"kaljano-komplektas-invi-nano-gun-metal-black","status":"publish","type":"product","link":"https:\/\/hookahshop.lt\/lv\/produkt\/hookah-set-invi-nano-gun-metal-black\/","title":{"rendered":"\u0100\u0137u komplekts INVI Nano Gun Metal Black"},"content":{"rendered":"<h2>\u0100\u0137u komplekts INVI Nano Gun Metal Black<\/h2>\n<p>T\u0101 ir neliela ner\u016bs\u0113jo\u0161\u0101 t\u0113rauda un stikla kombin\u0101cija - ce\u013cojuma mini \u016bdensp\u012bpe. Lielisks, kompakts \u016bdensp\u012bpe.<\/p>\n<p><strong>Specifik\u0101cija:<\/strong><br \/>\n\u016adensp\u012bpes augstums: 18cm<br \/>\nMateri\u0101ls (\u0101r\u0113js): anod\u0113ts alum\u012bnijs<br \/>\nMateri\u0101ls (iek\u0161\u0113jais): ner\u016bs\u0113jo\u0161ais t\u0113rauds (stabu apak\u0161da\u013ca saskaras ar \u016bdeni)<\/p>\n<p>Apr\u012bkojums:<br \/>\nV\u0101rpsta -1 gab.<br \/>\n\u016adensp\u012bpes pl\u0101ksne - 1 gab.<br \/>\nIemutnis - 1 gab.<br \/>\nSilikona \u0161\u013c\u016btene - 1 gab.<br \/>\nBl\u012bves - 2 gab.<br \/>\nKolba - 1 gab.<br \/>\nKnaibles - 1 gab.<br \/>\nSiltuma kamera - 1 gab.<br \/>\nKauss - 1gab.<br \/>\nOgles 1kg - 1gab.<br \/>\nPl\u012bts (kokog\u013cu \u0161\u0137iltavas) - 1gab.<\/p>\n<p>Vai jums ir k\u0101di jaut\u0101jumi? Sazinies ar mums\u00a0<a href=\"https:\/\/hookahshop.lt\/lv\/kontaktiem\/\">kontaktu lapa<\/a>\u00a0vai rakstiet mums pa e-pastu\u00a0<a href=\"https:\/\/facebook.com\/HookahShop.lt\/\" target=\"_blank\" rel=\"noopener noreferrer\">Facebook konts<\/a>\u00a0un m\u0113s atbild\u0113sim uz j\u016bsu piepras\u012bjumu taj\u0101 pa\u0161\u0101 dien\u0101.<\/p>","protected":false},"excerpt":{"rendered":"<p>\u016adensp\u012bpes komplekts INVI Nano Gun Metal Black \u0160\u012b ir neliela ner\u016bs\u0113jo\u0161\u0101 t\u0113rauda un stikla kombin\u0101cija - ce\u013cojumu mini \u016bdensp\u012bpe. Lieliska, kompakta \u016bdensp\u012bpe. Specifik\u0101cija: \u016adensp\u012bpes augstums: 18 cm Materi\u0101ls (\u0101r\u0113jais): anod\u0113ts alum\u012bnijs Materi\u0101ls (iek\u0161\u0113jais): ner\u016bs\u0113jo\u0161ais t\u0113rauds (k\u0101ta apak\u0161\u0113j\u0101 da\u013ca, kas non\u0101k saskar\u0113 ar \u016bdeni) Pilns komplekts: K\u0101ts - 1 gab. \u016adensp\u012bpes pl\u0101ksne - 1 gab. Iemutnis - 1 gab. Silikona \u0161\u013c\u016btene [\u2026]<\/p>","protected":false},"featured_media":28042,"comment_status":"open","ping_status":"closed","template":"","meta":[],"_links":{"self":[{"href":"https:\/\/hookahshop.lt\/lv\/wp-json\/wp\/v2\/product\/19225"}],"collection":[{"href":"https:\/\/hookahshop.lt\/lv\/wp-json\/wp\/v2\/product"}],"about":[{"href":"https:\/\/hookahshop.lt\/lv\/wp-json\/wp\/v2\/types\/product"}],"replies":[{"embeddable":true,"href":"https:\/\/hookahshop.lt\/lv\/wp-json\/wp\/v2\/comments?post=19225"}],"version-history":[{"count":3,"href":"https:\/\/hookahshop.lt\/lv\/wp-json\/wp\/v2\/product\/19225\/revisions"}],"predecessor-version":[{"id":35502,"href":"https:\/\/hookahshop.lt\/lv\/wp-json\/wp\/v2\/product\/19225\/revisions\/35502"}],"wp:featuredmedia":[{"embeddable":true,"href":"https:\/\/hookahshop.lt\/lv\/wp-json\/wp\/v2\/media\/28042"}],"wp:attachment":[{"href":"https:\/\/hookahshop.lt\/lv\/wp-json\/wp\/v2\/media?parent=19225"}],"curies":[{"name":"wp","href":"https:\/\/api.w.org\/{rel}","templated":true}]}}