{"id":19378,"date":"2021-02-18T18:48:57","date_gmt":"2021-02-18T16:48:57","guid":{"rendered":"https:\/\/hookahshop.lt\/?post_type=product&#038;p=19378"},"modified":"2026-04-15T12:28:48","modified_gmt":"2026-04-15T09:28:48","slug":"kaljanas-alpha-hookah-kappa-black-matte","status":"publish","type":"product","link":"https:\/\/hookahshop.lt\/lv\/produkt\/udenspipe-alfa-udenspipe-kappa-melns-matets\/","title":{"rendered":"\u016adensp\u012bpe ALPHA HOOKAH Kappa Black Matte"},"content":{"rendered":"<h2>\u016adensp\u012bpe ALPHA \u016adensp\u012bpe Kappa Black Matte<\/h2>\n<p>\u016adensp\u012bpes elementi ir kr\u0101soti ar iztur\u012bgu pulverkr\u0101su un saglab\u0101s savu izskatu ilgu laiku. Pateicoties anod\u0113\u0161anas procesam, \u016bdensp\u012bpe neoksid\u0113jas, kas ar\u012b pagarin\u0101s t\u0101s funkcionalit\u0101ti. Dizaineru izstr\u0101d\u0101ta, izgatavota no kvalitat\u012bviem materi\u0101liem, tai piem\u012bt izcilas k\u016bpin\u0101\u0161anas \u012bpa\u0161\u012bbas. Stil\u012bga \u016bdensp\u012bpe b\u016bs interjera dekor\u0101cija un lieliska d\u0101vana.<\/p>\n<p><strong>Raksturojums:<\/strong><br \/>\nSvars: apm\u0113ram 1445 gr<br \/>\nAugstums: 520 mm<br \/>\nV\u0101rpsta: ner\u016bs\u0113jo\u0161ais t\u0113rauds<br \/>\n\u0100rpuse: anod\u0113ts alum\u012bnijs<br \/>\nPamata materi\u0101ls: plastmasa<br \/>\nDifuzors: no\u0146emams ar v\u012btni<br \/>\nMutes uzgalis: anod\u0113ts ar alum\u012bniju p\u0101rkl\u0101ts ner\u016bs\u0113jo\u0161ais t\u0113rauds<br \/>\n\u0160\u013c\u016btene: m\u012bksts piesk\u0101riens<\/p>\n<p>Vai jums ir k\u0101di jaut\u0101jumi? Sazinies ar mums\u00a0<a href=\"https:\/\/hookahshop.lt\/lv\/kontaktiem\/\">kontaktu lapa<\/a>\u00a0vai rakstiet mums pa e-pastu\u00a0<a href=\"https:\/\/facebook.com\/HookahShop.lt\/\" target=\"_blank\" rel=\"noopener noreferrer\">Facebook konts<\/a>\u00a0un m\u0113s atbild\u0113sim uz j\u016bsu piepras\u012bjumu taj\u0101 pa\u0161\u0101 dien\u0101.<\/p>","protected":false},"excerpt":{"rendered":"<p>\u016adensp\u012bpe ALPHA Hookah Kappa Black Matte \u016adensp\u012bpes elementi ir kr\u0101soti ar iztur\u012bgu pulverkr\u0101su un saglab\u0101s savu izskatu ilgu laiku. Pateicoties anod\u0113\u0161anas procesam, \u016bdensp\u012bpe neoksid\u0113jas, kas ar\u012b pagarin\u0101s t\u0101s funkcionalit\u0101ti. Dizaineru izstr\u0101d\u0101ta, izgatavota no kvalitat\u012bviem materi\u0101liem, tai piem\u012bt izcilas k\u016bpin\u0101\u0161anas \u012bpa\u0161\u012bbas. Stil\u012bga \u016bdensp\u012bpe b\u016bs interjera dekor\u0101cija un lieliska d\u0101vana. Raksturojums: Svars: apm\u0113ram 1445 gr Augstums: 520 mm [\u2026]<\/p>","protected":false},"featured_media":19380,"comment_status":"open","ping_status":"closed","template":"","meta":[],"_links":{"self":[{"href":"https:\/\/hookahshop.lt\/lv\/wp-json\/wp\/v2\/product\/19378"}],"collection":[{"href":"https:\/\/hookahshop.lt\/lv\/wp-json\/wp\/v2\/product"}],"about":[{"href":"https:\/\/hookahshop.lt\/lv\/wp-json\/wp\/v2\/types\/product"}],"replies":[{"embeddable":true,"href":"https:\/\/hookahshop.lt\/lv\/wp-json\/wp\/v2\/comments?post=19378"}],"version-history":[{"count":11,"href":"https:\/\/hookahshop.lt\/lv\/wp-json\/wp\/v2\/product\/19378\/revisions"}],"predecessor-version":[{"id":22876,"href":"https:\/\/hookahshop.lt\/lv\/wp-json\/wp\/v2\/product\/19378\/revisions\/22876"}],"wp:featuredmedia":[{"embeddable":true,"href":"https:\/\/hookahshop.lt\/lv\/wp-json\/wp\/v2\/media\/19380"}],"wp:attachment":[{"href":"https:\/\/hookahshop.lt\/lv\/wp-json\/wp\/v2\/media?parent=19378"}],"curies":[{"name":"wp","href":"https:\/\/api.w.org\/{rel}","templated":true}]}}