{"id":19429,"date":"2021-02-19T14:17:38","date_gmt":"2021-02-19T12:17:38","guid":{"rendered":"https:\/\/hookahshop.lt\/?post_type=product&#038;p=19429"},"modified":"2026-04-17T23:29:16","modified_gmt":"2026-04-17T20:29:16","slug":"kaljanas-gorky-hookah-electro-soft-touch-white","status":"publish","type":"product","link":"https:\/\/hookahshop.lt\/lv\/produkt\/udenspipe-gorky-udenspipe-elektro-soft-touch-white\/","title":{"rendered":"\u016adensp\u012bpe GORKY HOOKAH Electro Soft Touch White"},"content":{"rendered":"<h2>\u016adensp\u012bpe GORKY \u016adensp\u012bpe Electro Soft Touch White<\/h2>\n<p>Ar lab\u0101kajiem materi\u0101liem tirg\u016b. Ner\u016bs\u0113jo\u0161\u0101 t\u0113rauda v\u0101rpsta, k\u0101ta apdare no m\u012bksta apstr\u0101d\u0101ta koka.<\/p>\n<p><strong>Specifik\u0101cijas:<\/strong><\/p>\n<p>Kop\u0113jais augstums: 570 mm.<br \/>\nKolbas augstums: 250 mm<br \/>\nMateri\u0101ls: ner\u016bs\u0113jo\u0161ais t\u0113rauds un koks.<\/p>\n<p>Vai jums ir k\u0101di jaut\u0101jumi? Sazinies ar mums\u00a0<a href=\"https:\/\/hookahshop.lt\/lv\/kontaktiem\/\">kontaktu lapa<\/a>\u00a0vai rakstiet mums pa e-pastu\u00a0<a href=\"https:\/\/facebook.com\/HookahShop.lt\/\" target=\"_blank\" rel=\"noopener noreferrer\">Facebook konts<\/a>\u00a0un m\u0113s atbild\u0113sim uz j\u016bsu piepras\u012bjumu taj\u0101 pa\u0161\u0101 dien\u0101.<\/p>","protected":false},"excerpt":{"rendered":"<p>\u016adensp\u012bpe GORKY \u016adensp\u012bpe Electro Soft Touch White Ar lab\u0101kajiem materi\u0101liem tirg\u016b. Ner\u016bs\u0113jo\u0161\u0101 t\u0113rauda v\u0101rpsta, k\u0101ta apdare no m\u012bksta apstr\u0101d\u0101ta koka. Specifik\u0101cijas: Kop\u0113jais augstums: 570 mm. Kolbas augstums: 250 mm Materi\u0101ls: ner\u016bs\u0113jo\u0161ais t\u0113rauds un koks. Vai jums ir k\u0101di jaut\u0101jumi? Sazinieties ar mums kontaktu lap\u0101 vai rakstiet mums uz m\u016bsu Facebook kontu un m\u0113s atbild\u0113sim uz j\u016bsu piepras\u012bjumu taj\u0101 pa\u0161\u0101 dien\u0101.<\/p>","protected":false},"featured_media":19430,"comment_status":"open","ping_status":"closed","template":"","meta":[],"_links":{"self":[{"href":"https:\/\/hookahshop.lt\/lv\/wp-json\/wp\/v2\/product\/19429"}],"collection":[{"href":"https:\/\/hookahshop.lt\/lv\/wp-json\/wp\/v2\/product"}],"about":[{"href":"https:\/\/hookahshop.lt\/lv\/wp-json\/wp\/v2\/types\/product"}],"replies":[{"embeddable":true,"href":"https:\/\/hookahshop.lt\/lv\/wp-json\/wp\/v2\/comments?post=19429"}],"version-history":[{"count":7,"href":"https:\/\/hookahshop.lt\/lv\/wp-json\/wp\/v2\/product\/19429\/revisions"}],"predecessor-version":[{"id":22910,"href":"https:\/\/hookahshop.lt\/lv\/wp-json\/wp\/v2\/product\/19429\/revisions\/22910"}],"wp:featuredmedia":[{"embeddable":true,"href":"https:\/\/hookahshop.lt\/lv\/wp-json\/wp\/v2\/media\/19430"}],"wp:attachment":[{"href":"https:\/\/hookahshop.lt\/lv\/wp-json\/wp\/v2\/media?parent=19429"}],"curies":[{"name":"wp","href":"https:\/\/api.w.org\/{rel}","templated":true}]}}