{"id":19439,"date":"2021-02-19T15:17:30","date_gmt":"2021-02-19T13:17:30","guid":{"rendered":"https:\/\/hookahshop.lt\/?post_type=product&#038;p=19439"},"modified":"2026-04-19T23:28:55","modified_gmt":"2026-04-19T20:28:55","slug":"kaljanas-hawk-zipper","status":"publish","type":"product","link":"https:\/\/hookahshop.lt\/lv\/produkt\/udenspipe-vanags-ravejsledzejs\/","title":{"rendered":"\u016adensp\u012bpe HAWK r\u0101v\u0113jsl\u0113dz\u0113js"},"content":{"rendered":"<h2>\u016adensp\u012bpes vanaga r\u0101v\u0113jsl\u0113dz\u0113js<\/h2>\n<p>Vid\u0113ja izm\u0113ra \u016bdensp\u012bpe ar vertik\u0101liem d\u016bmiem, kas p\u016b\u0161 no apak\u0161tases apak\u0161as. Piln\u012bb\u0101 aizsarg\u0101ts no r\u016bsas. Ner\u016bs\u0113jo\u0161\u0101 t\u0113rauda v\u0101rpsta ar koka k\u0101ta apdari.<\/p>\n<p><strong>Specifik\u0101cijas:<\/strong><\/p>\n<p>Augstums: 49 cm.<br \/>\nMateri\u0101li: ner\u016bs\u0113jo\u0161ais t\u0113rauds un koks.<br \/>\nStiprin\u0101jums ar gumiju<br \/>\n&quot;Syst\u00e8me de purge au-dessus du plato&quot; d\u016bmu izvad\u012b\u0161anas tehnolo\u0123ija.<\/p>\n<p>Vai jums ir k\u0101di jaut\u0101jumi? Sazinies ar mums\u00a0<a href=\"https:\/\/hookahshop.lt\/lv\/kontaktiem\/\">kontaktu lapa<\/a>\u00a0vai rakstiet mums pa e-pastu\u00a0<a href=\"https:\/\/facebook.com\/HookahShop.lt\/\" target=\"_blank\" rel=\"noopener noreferrer\">Facebook konts<\/a>\u00a0un m\u0113s atbild\u0113sim uz j\u016bsu piepras\u012bjumu taj\u0101 pa\u0161\u0101 dien\u0101.<\/p>","protected":false},"excerpt":{"rendered":"<p>\u016adensp\u012bpe Hawk Zipper Vid\u0113ja izm\u0113ra \u016bdensp\u012bpe ar vertik\u0101lu d\u016bmu izvadu no apak\u0161as. Piln\u012bb\u0101 aizsarg\u0101ta pret r\u016bsu. Ner\u016bs\u0113jo\u0161\u0101 t\u0113rauda k\u0101ts ar koka apdari. Specifik\u0101cijas: Augstums: 49 cm. Materi\u0101li: ner\u016bs\u0113jo\u0161ais t\u0113rauds un koks. Gumijas stiprin\u0101jums \u201cSyst\u00e8me de purge au-dessus du plateau\u201d d\u016bmu izvades tehnolo\u0123ija. Vai jums ir k\u0101di jaut\u0101jumi? Sazinieties ar mums kontaktlap\u0101 vai rakstiet mums Facebook un [\u2026]<\/p>","protected":false},"featured_media":19441,"comment_status":"open","ping_status":"closed","template":"","meta":[],"_links":{"self":[{"href":"https:\/\/hookahshop.lt\/lv\/wp-json\/wp\/v2\/product\/19439"}],"collection":[{"href":"https:\/\/hookahshop.lt\/lv\/wp-json\/wp\/v2\/product"}],"about":[{"href":"https:\/\/hookahshop.lt\/lv\/wp-json\/wp\/v2\/types\/product"}],"replies":[{"embeddable":true,"href":"https:\/\/hookahshop.lt\/lv\/wp-json\/wp\/v2\/comments?post=19439"}],"version-history":[{"count":3,"href":"https:\/\/hookahshop.lt\/lv\/wp-json\/wp\/v2\/product\/19439\/revisions"}],"predecessor-version":[{"id":19450,"href":"https:\/\/hookahshop.lt\/lv\/wp-json\/wp\/v2\/product\/19439\/revisions\/19450"}],"wp:featuredmedia":[{"embeddable":true,"href":"https:\/\/hookahshop.lt\/lv\/wp-json\/wp\/v2\/media\/19441"}],"wp:attachment":[{"href":"https:\/\/hookahshop.lt\/lv\/wp-json\/wp\/v2\/media?parent=19439"}],"curies":[{"name":"wp","href":"https:\/\/api.w.org\/{rel}","templated":true}]}}