{"id":19444,"date":"2021-02-19T16:18:24","date_gmt":"2021-02-19T14:18:24","guid":{"rendered":"https:\/\/hookahshop.lt\/?post_type=product&#038;p=19444"},"modified":"2026-04-14T23:28:48","modified_gmt":"2026-04-14T20:28:48","slug":"kaljanas-hawk-brown","status":"publish","type":"product","link":"https:\/\/hookahshop.lt\/lv\/produkt\/udenspipe-vanagbruns\/","title":{"rendered":"\u016adensp\u012bpe HAWK Brown"},"content":{"rendered":"<h2>\u016adensp\u012bpe HAWK Brown<\/h2>\n<p>Vid\u0113ja izm\u0113ra \u016bdensp\u012bpe ar vertik\u0101liem d\u016bmiem, kas p\u016b\u0161 no apak\u0161tases apak\u0161as. Piln\u012bb\u0101 aizsarg\u0101ts no r\u016bsas. Ner\u016bs\u0113jo\u0161\u0101 t\u0113rauda v\u0101rpsta ar koka k\u0101ta apdari.<\/p>\n<p><strong>Specifik\u0101cijas:<\/strong><\/p>\n<p>Augstums: 49 cm.<br \/>\nMateri\u0101li: ner\u016bs\u0113jo\u0161ais t\u0113rauds un koks.<br \/>\nStiprin\u0101jums ar gumiju<br \/>\n&quot;Syst\u00e8me de purge au-dessus du plato&quot; d\u016bmu izvad\u012b\u0161anas tehnolo\u0123ija.<\/p>\n<p><img decoding=\"async\" loading=\"lazy\" class=\"alignnone size-medium wp-image-38521\" src=\"https:\/\/hookahshop.lt\/wp-content\/uploads\/2020\/09\/stiebas-zarna-kandiklis-1-300x273.jpg\" alt=\"- hookahshop.lt\" width=\"300\" height=\"273\" srcset=\"https:\/\/hookahshop.lt\/wp-content\/uploads\/2020\/09\/stiebas-zarna-kandiklis-1-300x273.jpg 300w, https:\/\/hookahshop.lt\/wp-content\/uploads\/2020\/09\/stiebas-zarna-kandiklis-1-13x12.jpg 13w, https:\/\/hookahshop.lt\/wp-content\/uploads\/2020\/09\/stiebas-zarna-kandiklis-1-64x58.jpg 64w, https:\/\/hookahshop.lt\/wp-content\/uploads\/2020\/09\/stiebas-zarna-kandiklis-1.jpg 420w\" sizes=\"(max-width: 300px) 100vw, 300px\" title=\"\"><\/p>\n<p>Vai jums ir k\u0101di jaut\u0101jumi? Sazinies ar mums\u00a0<a href=\"https:\/\/hookahshop.lt\/lv\/kontaktiem\/\">kontaktu lapa<\/a>\u00a0vai rakstiet mums pa e-pastu\u00a0<a href=\"https:\/\/facebook.com\/HookahShop.lt\/\" target=\"_blank\" rel=\"noopener noreferrer\">Facebook konts<\/a>\u00a0un m\u0113s atbild\u0113sim uz j\u016bsu piepras\u012bjumu taj\u0101 pa\u0161\u0101 dien\u0101.<\/p>","protected":false},"excerpt":{"rendered":"<p>\u016adensp\u012bpe HAWK Brown Vid\u0113ja izm\u0113ra \u016bdensp\u012bpe ar vertik\u0101liem d\u016bmiem, kas p\u016b\u0161 no apak\u0161tas\u012btes apak\u0161as. Piln\u012bb\u0101 aizsarg\u0101ts no r\u016bsas. Ner\u016bs\u0113jo\u0161\u0101 t\u0113rauda v\u0101rpsta ar koka k\u0101ta apdari. Specifik\u0101cijas: Augstums: 49 cm. Materi\u0101li: ner\u016bs\u0113jo\u0161ais t\u0113rauds un koks. Stiprin\u0101jums ar gumijas &quot;Syst\u00e8me de purge au-dessus du plateau&quot; d\u016bmu p\u016b\u0161anas tehnolo\u0123iju. Vai jums ir k\u0101di jaut\u0101jumi? Sazinieties ar mums kontaktu lap\u0101 vai rakstiet mums uz m\u016bsu Facebook kontu un [\u2026]<\/p>","protected":false},"featured_media":19457,"comment_status":"open","ping_status":"closed","template":"","meta":[],"_links":{"self":[{"href":"https:\/\/hookahshop.lt\/lv\/wp-json\/wp\/v2\/product\/19444"}],"collection":[{"href":"https:\/\/hookahshop.lt\/lv\/wp-json\/wp\/v2\/product"}],"about":[{"href":"https:\/\/hookahshop.lt\/lv\/wp-json\/wp\/v2\/types\/product"}],"replies":[{"embeddable":true,"href":"https:\/\/hookahshop.lt\/lv\/wp-json\/wp\/v2\/comments?post=19444"}],"version-history":[{"count":6,"href":"https:\/\/hookahshop.lt\/lv\/wp-json\/wp\/v2\/product\/19444\/revisions"}],"predecessor-version":[{"id":45364,"href":"https:\/\/hookahshop.lt\/lv\/wp-json\/wp\/v2\/product\/19444\/revisions\/45364"}],"wp:featuredmedia":[{"embeddable":true,"href":"https:\/\/hookahshop.lt\/lv\/wp-json\/wp\/v2\/media\/19457"}],"wp:attachment":[{"href":"https:\/\/hookahshop.lt\/lv\/wp-json\/wp\/v2\/media?parent=19444"}],"curies":[{"name":"wp","href":"https:\/\/api.w.org\/{rel}","templated":true}]}}