{"id":19474,"date":"2021-02-19T18:40:57","date_gmt":"2021-02-19T16:40:57","guid":{"rendered":"https:\/\/hookahshop.lt\/?post_type=product&#038;p=19474"},"modified":"2026-05-13T23:29:02","modified_gmt":"2026-05-13T20:29:02","slug":"kaljanas-hooligan-black","status":"publish","type":"product","link":"https:\/\/hookahshop.lt\/lv\/produkt\/udenspipe-huligans-melns\/","title":{"rendered":"\u016adensp\u012bpe HOOLIGAN Melna"},"content":{"rendered":"<h2>\u016adensp\u012bpe HOOLIGAN Melna<\/h2>\n<p>\u016adensp\u012bpei ir ner\u016bs\u0113jo\u0161\u0101 t\u0113rauda k\u0101ts, kas ir p\u0101rkl\u0101ts ar plastmasu. &quot;Hookah HOOLIGAN&quot; ir veidota k\u0101 beisbola n\u016bja ar unik\u0101lu d\u016bmu muti. K\u0101 jau ierasts ar krievu \u016bdensp\u012bp\u0113m, tas iek\u013caujas kolb\u0101, izmantojot starpliku, t\u0101p\u0113c, ja kolba sapl\u012bst vai v\u0113laties citu kr\u0101su, vienm\u0113r varat to main\u012bt.<\/p>\n<p><strong>Specifik\u0101cijas:<\/strong><\/p>\n<p>Kop\u0113jais augstums: apm\u0113ram 62 cm.<br \/>\nKolbas kakla diametrs: apm\u0113ram 4,5 cm.<br \/>\nKolbas augstums: apm\u0113ram 27 cm.<br \/>\nMateri\u0101ls: ner\u016bs\u0113jo\u0161ais t\u0113rauds, plastmasa.<br \/>\nRa\u017eots Krievij\u0101.<\/p>\n<p><strong>Apr\u012bkojums:<\/strong><\/p>\n<p>\u016adensp\u012bpe<br \/>\nPl\u0101ksne<br \/>\nAdapteris<br \/>\nKolba<br \/>\nMutes iemutnis<br \/>\nZarnas.<br \/>\nHulig\u0101na kauss<\/p>\n<p>Vai jums ir k\u0101di jaut\u0101jumi? Sazinies ar mums\u00a0<a href=\"https:\/\/hookahshop.lt\/lv\/kontaktiem\/\">kontaktu lapa<\/a>\u00a0vai rakstiet mums pa e-pastu\u00a0<a href=\"https:\/\/facebook.com\/HookahShop.lt\/\" target=\"_blank\" rel=\"noopener noreferrer\">Facebook konts<\/a>\u00a0un m\u0113s atbild\u0113sim uz j\u016bsu piepras\u012bjumu taj\u0101 pa\u0161\u0101 dien\u0101.<\/p>","protected":false},"excerpt":{"rendered":"<p>\u016adensp\u012bpe HOOLIGAN Black \u016adensp\u012bpei ir ner\u016bs\u0113jo\u0161\u0101 t\u0113rauda k\u0101ts, kas ir p\u0101rkl\u0101ts ar plastmasu. &quot;Hookah HOOLIGAN&quot; ir veidota k\u0101 beisbola n\u016bja ar unik\u0101lu d\u016bmu muti. K\u0101 jau ierasts ar krievu \u016bdensp\u012bp\u0113m, tas iek\u013caujas kolb\u0101, izmantojot starpliku, t\u0101p\u0113c, ja kolba sapl\u012bst vai v\u0113laties citu kr\u0101su, vienm\u0113r varat to main\u012bt. Specifik\u0101cijas: Kop\u0113jais augstums: apm\u0113ram 62 cm. Kolbas kakli\u0146a diametrs: apm\u0113ram [\u2026]<\/p>","protected":false},"featured_media":19476,"comment_status":"open","ping_status":"closed","template":"","meta":[],"_links":{"self":[{"href":"https:\/\/hookahshop.lt\/lv\/wp-json\/wp\/v2\/product\/19474"}],"collection":[{"href":"https:\/\/hookahshop.lt\/lv\/wp-json\/wp\/v2\/product"}],"about":[{"href":"https:\/\/hookahshop.lt\/lv\/wp-json\/wp\/v2\/types\/product"}],"replies":[{"embeddable":true,"href":"https:\/\/hookahshop.lt\/lv\/wp-json\/wp\/v2\/comments?post=19474"}],"version-history":[{"count":6,"href":"https:\/\/hookahshop.lt\/lv\/wp-json\/wp\/v2\/product\/19474\/revisions"}],"predecessor-version":[{"id":44371,"href":"https:\/\/hookahshop.lt\/lv\/wp-json\/wp\/v2\/product\/19474\/revisions\/44371"}],"wp:featuredmedia":[{"embeddable":true,"href":"https:\/\/hookahshop.lt\/lv\/wp-json\/wp\/v2\/media\/19476"}],"wp:attachment":[{"href":"https:\/\/hookahshop.lt\/lv\/wp-json\/wp\/v2\/media?parent=19474"}],"curies":[{"name":"wp","href":"https:\/\/api.w.org\/{rel}","templated":true}]}}