{"id":19520,"date":"2021-02-22T13:05:26","date_gmt":"2021-02-22T11:05:26","guid":{"rendered":"https:\/\/hookahshop.lt\/?post_type=product&#038;p=19520"},"modified":"2026-04-17T23:29:21","modified_gmt":"2026-04-17T20:29:21","slug":"kaljanas-mattpear-simple-m-ball-black","status":"publish","type":"product","link":"https:\/\/hookahshop.lt\/lv\/produkt\/udenspipe-mattpear-simple-m-ball-black\/","title":{"rendered":"\u016adensp\u012bpe MATTPEAR Simple M Ball Black"},"content":{"rendered":"<h2>\u016adensp\u012bpe MATTPEAR Simple M Ball Black<\/h2>\n<p>\u0160\u012b ir vid\u0113ja izm\u0113ra \u016bdensp\u012bpe par pie\u0146emamu cenu, kas izgatavota no augstas kvalit\u0101tes plastmasas un ner\u016bs\u0113jo\u0161\u0101 t\u0113rauda.<\/p>\n<p><strong>\u0160\u012b mode\u013ca at\u0161\u0137ir\u012bg\u0101s iez\u012bmes:<\/strong><\/p>\n<p>Centr\u0101l\u0101 da\u013ca izgatavota no augstas kvalit\u0101tes plastmasas ar dekorat\u012bvu bumbi\u0146u vid\u016b.<br \/>\nGroz\u0101mais difuzors, lai main\u012btu \u016bdensp\u012bpes iegrimi.<br \/>\nMasts ir piln\u012bb\u0101 no\u0146emams ar v\u012bt\u0146otiem savienojumiem, padarot to \u013coti ietilp\u012bgu un \u0113rtu transport\u0113\u0161anai.<\/p>\n<p><img decoding=\"async\" loading=\"lazy\" class=\"alignnone size-medium wp-image-38521\" src=\"https:\/\/hookahshop.lt\/wp-content\/uploads\/2020\/09\/stiebas-zarna-kandiklis-1-300x273.jpg\" alt=\"- hookahshop.lt\" width=\"300\" height=\"273\" srcset=\"https:\/\/hookahshop.lt\/wp-content\/uploads\/2020\/09\/stiebas-zarna-kandiklis-1-300x273.jpg 300w, https:\/\/hookahshop.lt\/wp-content\/uploads\/2020\/09\/stiebas-zarna-kandiklis-1-13x12.jpg 13w, https:\/\/hookahshop.lt\/wp-content\/uploads\/2020\/09\/stiebas-zarna-kandiklis-1-64x58.jpg 64w, https:\/\/hookahshop.lt\/wp-content\/uploads\/2020\/09\/stiebas-zarna-kandiklis-1.jpg 420w\" sizes=\"(max-width: 300px) 100vw, 300px\" title=\"\"><\/p>\n<p>Vai jums ir k\u0101di jaut\u0101jumi? Sazinies ar mums\u00a0<a href=\"https:\/\/hookahshop.lt\/lv\/kontaktiem\/\">kontaktu lapa<\/a>\u00a0vai rakstiet mums pa e-pastu\u00a0<a href=\"https:\/\/facebook.com\/HookahShop.lt\/\" target=\"_blank\" rel=\"noopener noreferrer\">Facebook konts<\/a>\u00a0un m\u0113s atbild\u0113sim uz j\u016bsu piepras\u012bjumu taj\u0101 pa\u0161\u0101 dien\u0101.<\/p>","protected":false},"excerpt":{"rendered":"<p>\u016adensp\u012bpe MATTPEAR Simple M Ball Black \u0160\u012b ir vid\u0113ja izm\u0113ra \u016bdensp\u012bpe par pie\u0146emamu cenu, kas izgatavota no augstas kvalit\u0101tes plastmasas un ner\u016bs\u0113jo\u0161\u0101 t\u0113rauda. \u0160\u012b mode\u013ca at\u0161\u0137ir\u012bg\u0101s iez\u012bmes: Centr\u0101l\u0101 da\u013ca ir izgatavota no augstas kvalit\u0101tes plastmasas ar dekorat\u012bvu bumbi\u0146u vid\u016b. Pagrie\u017eams difuzors ir paredz\u0113ts \u016bdensp\u012bpes vilkmes mai\u0146ai. K\u0101ts ir piln\u012bb\u0101 no\u0146emams ar v\u012bt\u0146otiem savienojumiem, padarot to \u013coti ietilp\u012bgu un \u0113rtu transport\u0113\u0161anai. [\u2026]<\/p>","protected":false},"featured_media":19521,"comment_status":"open","ping_status":"closed","template":"","meta":[],"_links":{"self":[{"href":"https:\/\/hookahshop.lt\/lv\/wp-json\/wp\/v2\/product\/19520"}],"collection":[{"href":"https:\/\/hookahshop.lt\/lv\/wp-json\/wp\/v2\/product"}],"about":[{"href":"https:\/\/hookahshop.lt\/lv\/wp-json\/wp\/v2\/types\/product"}],"replies":[{"embeddable":true,"href":"https:\/\/hookahshop.lt\/lv\/wp-json\/wp\/v2\/comments?post=19520"}],"version-history":[{"count":5,"href":"https:\/\/hookahshop.lt\/lv\/wp-json\/wp\/v2\/product\/19520\/revisions"}],"predecessor-version":[{"id":37708,"href":"https:\/\/hookahshop.lt\/lv\/wp-json\/wp\/v2\/product\/19520\/revisions\/37708"}],"wp:featuredmedia":[{"embeddable":true,"href":"https:\/\/hookahshop.lt\/lv\/wp-json\/wp\/v2\/media\/19521"}],"wp:attachment":[{"href":"https:\/\/hookahshop.lt\/lv\/wp-json\/wp\/v2\/media?parent=19520"}],"curies":[{"name":"wp","href":"https:\/\/api.w.org\/{rel}","templated":true}]}}