{"id":19527,"date":"2021-02-22T13:26:40","date_gmt":"2021-02-22T11:26:40","guid":{"rendered":"https:\/\/hookahshop.lt\/?post_type=product&#038;p=19527"},"modified":"2026-04-15T23:28:53","modified_gmt":"2026-04-15T20:28:53","slug":"kaljanas-mattpear-mini-m-slim","status":"publish","type":"product","link":"https:\/\/hookahshop.lt\/lv\/produkt\/udenspipe-mattpear-mini-m-slim\/","title":{"rendered":"\u016adensp\u012bpe MATTPEAR Mini M Slim"},"content":{"rendered":"<h2>\u016adensp\u012bpe MATTPEAR Mini M Slim<\/h2>\n<p>\u0160\u012b ir maz\u0101ka MATTPEAR \u016bdensp\u012bpes versija, kas izgatavota no ner\u016bs\u0113jo\u0161\u0101 t\u0113rauda ar v\u012bt\u0146otu kolbu.<\/p>\n<p>T\u0101pat k\u0101 liel\u0101ki mode\u013ci, tas izmanto magn\u0113tiskos savienot\u0101jus. \u016adensp\u012bpes augstums 40 cm. K\u0101ts ir piln\u012bb\u0101 no\u0146emams ar v\u012bt\u0146otiem savienojumiem, t\u0101p\u0113c tas ir \u013coti ietilp\u012bgs un viegli transport\u0113jams.<\/p>\n<p>Vai jums ir k\u0101di jaut\u0101jumi? Sazinies ar mums\u00a0<a href=\"https:\/\/hookahshop.lt\/lv\/kontaktiem\/\">kontaktu lapa<\/a>\u00a0vai rakstiet mums pa e-pastu\u00a0<a href=\"https:\/\/facebook.com\/HookahShop.lt\/\" target=\"_blank\" rel=\"noopener noreferrer\">Facebook konts<\/a>\u00a0un m\u0113s atbild\u0113sim uz j\u016bsu piepras\u012bjumu taj\u0101 pa\u0161\u0101 dien\u0101.<\/p>\n<p>&nbsp;<\/p>","protected":false},"excerpt":{"rendered":"<p>\u016adensp\u012bpe MATTPEAR Mini M Slim \u0160\u012b ir maz\u0101ka MATTPEAR \u016bdensp\u012bpes versija, kas izgatavota no ner\u016bs\u0113jo\u0161\u0101 t\u0113rauda ar v\u012bt\u0146otu kolbu. T\u0101pat k\u0101 liel\u0101ki mode\u013ci, tas izmanto magn\u0113tiskos savienot\u0101jus. \u016adensp\u012bpes augstums 40 cm. K\u0101ts ir piln\u012bb\u0101 no\u0146emams ar v\u012bt\u0146otiem savienojumiem, t\u0101p\u0113c tas ir \u013coti ietilp\u012bgs un viegli transport\u0113jams. Vai jums ir k\u0101di jaut\u0101jumi? Sazinieties ar mums kontaktu lap\u0101 vai rakstiet mums uz m\u016bsu Facebook kontu un m\u0113s atbild\u0113sim [\u2026]<\/p>","protected":false},"featured_media":19530,"comment_status":"open","ping_status":"closed","template":"","meta":[],"_links":{"self":[{"href":"https:\/\/hookahshop.lt\/lv\/wp-json\/wp\/v2\/product\/19527"}],"collection":[{"href":"https:\/\/hookahshop.lt\/lv\/wp-json\/wp\/v2\/product"}],"about":[{"href":"https:\/\/hookahshop.lt\/lv\/wp-json\/wp\/v2\/types\/product"}],"replies":[{"embeddable":true,"href":"https:\/\/hookahshop.lt\/lv\/wp-json\/wp\/v2\/comments?post=19527"}],"version-history":[{"count":1,"href":"https:\/\/hookahshop.lt\/lv\/wp-json\/wp\/v2\/product\/19527\/revisions"}],"predecessor-version":[{"id":19531,"href":"https:\/\/hookahshop.lt\/lv\/wp-json\/wp\/v2\/product\/19527\/revisions\/19531"}],"wp:featuredmedia":[{"embeddable":true,"href":"https:\/\/hookahshop.lt\/lv\/wp-json\/wp\/v2\/media\/19530"}],"wp:attachment":[{"href":"https:\/\/hookahshop.lt\/lv\/wp-json\/wp\/v2\/media?parent=19527"}],"curies":[{"name":"wp","href":"https:\/\/api.w.org\/{rel}","templated":true}]}}