{"id":19575,"date":"2021-02-22T15:50:56","date_gmt":"2021-02-22T13:50:56","guid":{"rendered":"https:\/\/hookahshop.lt\/?post_type=product&#038;p=19575"},"modified":"2026-04-19T23:29:20","modified_gmt":"2026-04-19T20:29:20","slug":"taurele-kaljanui-lets-smoke-turkish","status":"publish","type":"product","link":"https:\/\/hookahshop.lt\/lv\/produkt\/stikls-udenspipe-lauj-smeket-turku\/","title":{"rendered":"Kauss \u016bdensp\u012bpei LETS SMOKE Turkish Glaze"},"content":{"rendered":"<h2>\u016adensp\u012bpes kauss LETS SMOKE turku<\/h2>\n<p>Kr\u016bz\u012bte ir izgatavota no m\u0101la un p\u0101rkl\u0101ta ar glaz\u016bru, pateicoties kurai t\u0101 var ilgsto\u0161i saglab\u0101t savas s\u0101kotn\u0113j\u0101s \u012bpa\u0161\u012bbas un izskatu.<\/p>\n<p>\u0160\u012b kr\u016bze vienm\u0113r\u012bgi sadala siltumu un uztur to visu k\u016bpin\u0101\u0161anas periodu.<\/p>\n<p>Kr\u016bzes ietilp\u012bba ir 15-18 grami.<\/p>\n<p><strong>Kr\u016bz\u012b\u0161u kr\u0101sas: tirk\u012bza, oran\u017ea, dzeltena, zila.<\/strong><\/p>\n<p>Vai jums ir k\u0101di jaut\u0101jumi? Sazinies ar mums\u00a0<a href=\"https:\/\/hookahshop.lt\/lv\/kontaktiem\/\">kontaktu lapa<\/a>\u00a0vai rakstiet mums pa e-pastu\u00a0<a href=\"https:\/\/facebook.com\/HookahShop.lt\/\" target=\"_blank\" rel=\"noopener noreferrer\">Facebook konts<\/a>\u00a0un m\u0113s atbild\u0113sim uz j\u016bsu piepras\u012bjumu taj\u0101 pa\u0161\u0101 dien\u0101.<\/p>\n<p>&nbsp;<\/p>\n<p>&nbsp;<\/p>","protected":false},"excerpt":{"rendered":"<p>B\u013coda \u016bdensp\u012bpei LETS SMOKE Turkish B\u013coda ir izgatavota no m\u0101la un p\u0101rkl\u0101ta ar glaz\u016bru, pateicoties kurai t\u0101 var saglab\u0101t savas s\u0101kotn\u0113j\u0101s \u012bpa\u0161\u012bbas un izskatu ilgu laiku. \u0160\u012b kr\u016bze vienm\u0113r\u012bgi sadala siltumu un uztur to visu k\u016bpin\u0101\u0161anas periodu. Kr\u016bzes ietilp\u012bba ir 15-18 grami. Kr\u016bz\u012b\u0161u kr\u0101sas: tirk\u012bza, oran\u017ea, dzeltena, zila. Vai jums ir k\u0101di jaut\u0101jumi? Sazinieties ar mums kontaktu lap\u0101 vai rakstiet mums m\u016bsu Facebook kont\u0101 un m\u0113s atbild\u0113sim [\u2026]<\/p>","protected":false},"featured_media":19579,"comment_status":"open","ping_status":"closed","template":"","meta":[],"_links":{"self":[{"href":"https:\/\/hookahshop.lt\/lv\/wp-json\/wp\/v2\/product\/19575"}],"collection":[{"href":"https:\/\/hookahshop.lt\/lv\/wp-json\/wp\/v2\/product"}],"about":[{"href":"https:\/\/hookahshop.lt\/lv\/wp-json\/wp\/v2\/types\/product"}],"replies":[{"embeddable":true,"href":"https:\/\/hookahshop.lt\/lv\/wp-json\/wp\/v2\/comments?post=19575"}],"version-history":[{"count":8,"href":"https:\/\/hookahshop.lt\/lv\/wp-json\/wp\/v2\/product\/19575\/revisions"}],"predecessor-version":[{"id":29541,"href":"https:\/\/hookahshop.lt\/lv\/wp-json\/wp\/v2\/product\/19575\/revisions\/29541"}],"wp:featuredmedia":[{"embeddable":true,"href":"https:\/\/hookahshop.lt\/lv\/wp-json\/wp\/v2\/media\/19579"}],"wp:attachment":[{"href":"https:\/\/hookahshop.lt\/lv\/wp-json\/wp\/v2\/media?parent=19575"}],"curies":[{"name":"wp","href":"https:\/\/api.w.org\/{rel}","templated":true}]}}