{"id":19627,"date":"2021-02-22T18:27:25","date_gmt":"2021-02-22T16:27:25","guid":{"rendered":"https:\/\/hookahshop.lt\/?post_type=product&#038;p=19627"},"modified":"2026-04-15T12:29:09","modified_gmt":"2026-04-15T09:29:09","slug":"kolba-kaljanui-njn-hookah-sp-blue-pearl","status":"publish","type":"product","link":"https:\/\/hookahshop.lt\/lv\/produkt\/udenspipe-kolba-njn-udenspipe-sp-zila-perle\/","title":{"rendered":"Kolba \u016bdensp\u012bpei NJN HOOKAH SP Blue Pearl"},"content":{"rendered":"<h2>Kolba \u016bdensp\u012bpei NJN HOOKAH SP Blue Pearl<\/h2>\n<p>Kolbu tikai ar rok\u0101m izgatavo lab\u0101kie Krievijas stikla p\u016bt\u0113ji. Pilienu forma ir viena no popul\u0101r\u0101kaj\u0101m tirg\u016b. Lieliski izskat\u0101s ar vis\u0101m \u016bdensp\u012bp\u0113m.<\/p>\n<p id=\"tw-target-text\" class=\"tw-data-text tw-text-large XcVN5d tw-ta\" dir=\"ltr\" data-placeholder=\"Vertimas\"><strong>Raksturojums:<\/strong><br \/>\nAugstums: 270 mm<br \/>\nKakla iek\u0161\u0113jais diametrs: 45mm<br \/>\nKakla \u0101r\u0113jais diametrs: 72 mm<br \/>\nSvars: 1,5 kg<br \/>\nRa\u017eots: roku darbs, Krievija.<\/p>\n<p dir=\"ltr\" data-placeholder=\"Vertimas\">Vai jums ir k\u0101di jaut\u0101jumi? Sazinies ar mums <a href=\"https:\/\/hookahshop.lt\/lv\/kontaktiem\/\">kontaktu lapa<\/a> vai rakstiet mums pa e-pastu <a href=\"https:\/\/facebook.com\/HookahShop.lt\/\" target=\"_blank\" rel=\"noopener noreferrer\">Facebook konts<\/a> un m\u0113s atbild\u0113sim uz j\u016bsu piepras\u012bjumu taj\u0101 pa\u0161\u0101 dien\u0101.<\/p>","protected":false},"excerpt":{"rendered":"<p>\u016adensp\u012bpes bla\u0161\u0137is NJN HOOKAH SP Blue Pearl Bla\u0161\u0137i izgatavo tikai ar rok\u0101m lab\u0101kie Krievijas stikla p\u016bt\u0113ji. Piliena forma ir viena no popul\u0101r\u0101kaj\u0101m tirg\u016b. Lieliski izskat\u0101s ar vis\u0101m \u016bdensp\u012bp\u0113m. Raksturojums: Augstums: 270 mm Iek\u0161\u0113jais kakli\u0146a diametrs: 45 mm \u0100r\u0113jais kakli\u0146a diametrs: 72 mm Svars: 1,5 kg Ra\u017eots: ar rok\u0101m, Krievij\u0101. Vai jums ir k\u0101di jaut\u0101jumi? Sazinieties ar mums kontaktlap\u0101 vai rakstiet [\u2026]<\/p>","protected":false},"featured_media":19628,"comment_status":"open","ping_status":"closed","template":"","meta":[],"_links":{"self":[{"href":"https:\/\/hookahshop.lt\/lv\/wp-json\/wp\/v2\/product\/19627"}],"collection":[{"href":"https:\/\/hookahshop.lt\/lv\/wp-json\/wp\/v2\/product"}],"about":[{"href":"https:\/\/hookahshop.lt\/lv\/wp-json\/wp\/v2\/types\/product"}],"replies":[{"embeddable":true,"href":"https:\/\/hookahshop.lt\/lv\/wp-json\/wp\/v2\/comments?post=19627"}],"version-history":[{"count":3,"href":"https:\/\/hookahshop.lt\/lv\/wp-json\/wp\/v2\/product\/19627\/revisions"}],"predecessor-version":[{"id":23049,"href":"https:\/\/hookahshop.lt\/lv\/wp-json\/wp\/v2\/product\/19627\/revisions\/23049"}],"wp:featuredmedia":[{"embeddable":true,"href":"https:\/\/hookahshop.lt\/lv\/wp-json\/wp\/v2\/media\/19628"}],"wp:attachment":[{"href":"https:\/\/hookahshop.lt\/lv\/wp-json\/wp\/v2\/media?parent=19627"}],"curies":[{"name":"wp","href":"https:\/\/api.w.org\/{rel}","templated":true}]}}