{"id":19631,"date":"2021-02-22T19:05:08","date_gmt":"2021-02-22T17:05:08","guid":{"rendered":"https:\/\/hookahshop.lt\/?post_type=product&#038;p=19631"},"modified":"2026-04-22T23:29:05","modified_gmt":"2026-04-22T20:29:05","slug":"kaljanas-shadows-evo-mini","status":"publish","type":"product","link":"https:\/\/hookahshop.lt\/lv\/produkt\/udenspipe-enas-evo-mini\/","title":{"rendered":"\u016adensp\u012bpe \u0112NAS EVO Mini"},"content":{"rendered":"<h2>\u016adensp\u012bpe \u0112NAS EVO Mini<\/h2>\n<p>\u0160is ir komp\u0101nijas Shadows kompaktais \u016bdensp\u012bpes modelis. Stil\u012bgs un kompakts komplekts kop\u0101 ar z\u012bmola somu. \u016adensp\u012bpe ir izgatavota no ner\u016bs\u0113jo\u0161\u0101 t\u0113rauda ar oglek\u013ca apdari, t\u0101p\u0113c k\u0101ts nesakarst un k\u016bpin\u0101tie d\u016bmi nesakarst, jo siltums izklied\u0113jas.<br \/>\n<span lang=\"lt\">Unik\u0101la \u0161\u012b mode\u013ca iez\u012bme ir pl\u0101ksnes un \u0161\u013c\u016btenes savienojuma stiprin\u0101juma sist\u0113ma ar magn\u0113tiem. Magn\u0113ti \u0101tri un stingri nofiks\u0113 visus elementus, ne\u013caujot tiem izkrist. Pateicoties \u0161ai stiprin\u0101juma sist\u0113mai, j\u016bs jebkur\u0101 laik\u0101 varat viegli no\u0146emt pl\u0101ksni un nokrat\u012bt uzkr\u0101tos pelnus. Iemutis ir no oglek\u013ca \u0161\u0137iedras un sast\u0101v no div\u0101m v\u012bt\u0146ot\u0101m da\u013c\u0101m. <\/span><span lang=\"lt\">Iek\u013caut\u0101 soma ir \u013coti kompakta un \u0113rta. Taj\u0101 ir sada\u013cas katrai \u016bdensp\u012bpes deta\u013cai. Pateicoties t\u0101 kompaktumam, to var izmantot k\u0101 ce\u013cojumu \u016bdensp\u012bpi.<\/span><\/p>\n<p><strong>Raksturojums:<\/strong><br \/>\n\u016adensp\u012bpes svars ar maisu: apm\u0113ram 2790 gr.<br \/>\n\u016adensp\u012bpes augstums ar kolbu: 405 mm.<br \/>\nV\u0101rpsta: ner\u016bs\u0113jo\u0161ais t\u0113rauds AISI 304, D11 mm.<br \/>\nPamata materi\u0101ls: poliacet\u0101ls.<br \/>\n\u0160\u013c\u016btenes savienot\u0101js: magn\u0113tisks.<br \/>\nDifuzors: no\u0146emams, v\u012bt\u0146ots, ner\u016bs\u0113jo\u0161ais t\u0113rauds.<br \/>\nIemute: ner\u016bs\u0113jo\u0161ais t\u0113rauds un oglek\u013ca imit\u0101cija.<br \/>\nIemutes garums: 320 mm.<br \/>\n\u0160\u013c\u016btene: m\u012bksts piesk\u0101riens.<br \/>\n\u0160\u013c\u016btenes garums: 1500 mm.<\/p>\n<p><strong>Apr\u012bkojums:<\/strong><br \/>\nV\u0101rpsta, pl\u0101ksne, iemutnis, \u0161\u013c\u016btene, difuzors, kolba, \u0161\u013c\u016btenes savienojums, bl\u012bves, knaibles un atspere.<br \/>\n<em><strong>Iek\u013cauta \u016bdensp\u012bpes ce\u013cojumu soma.<\/strong><\/em><\/p>\n<p>Vai jums ir k\u0101di jaut\u0101jumi? Sazinies ar mums\u00a0<a href=\"https:\/\/hookahshop.lt\/lv\/kontaktiem\/\">kontaktu lapa<\/a>\u00a0vai rakstiet mums pa e-pastu\u00a0<a href=\"https:\/\/facebook.com\/HookahShop.lt\/\" target=\"_blank\" rel=\"noopener noreferrer\">Facebook konts<\/a>\u00a0un m\u0113s atbild\u0113sim uz j\u016bsu piepras\u012bjumu taj\u0101 pa\u0161\u0101 dien\u0101.<\/p>","protected":false},"excerpt":{"rendered":"<p>\u016adensp\u012bpes SHADOWS EVO Mini \u0160is ir komp\u0101nijas Shadows kompaktais \u016bdensp\u012bpes modelis. Stil\u012bgs un kompakts komplekts kop\u0101 ar z\u012bmola somu. \u016adensp\u012bpe ir izgatavota no ner\u016bs\u0113jo\u0161\u0101 t\u0113rauda ar oglek\u013ca apdari, t\u0101p\u0113c k\u0101ts nesakarst un k\u016bpin\u0101tie d\u016bmi nesakarst, jo siltums izklied\u0113jas. Unik\u0101la \u0161\u012b mode\u013ca iez\u012bme ir pl\u0101ksnes un \u0161\u013c\u016btenes savienojuma stiprin\u0101juma sist\u0113ma ar magn\u0113tiem. Magn\u0113ti \u0101tri un stingri nofiks\u0113 [...]<\/p>","protected":false},"featured_media":19633,"comment_status":"open","ping_status":"closed","template":"","meta":[],"_links":{"self":[{"href":"https:\/\/hookahshop.lt\/lv\/wp-json\/wp\/v2\/product\/19631"}],"collection":[{"href":"https:\/\/hookahshop.lt\/lv\/wp-json\/wp\/v2\/product"}],"about":[{"href":"https:\/\/hookahshop.lt\/lv\/wp-json\/wp\/v2\/types\/product"}],"replies":[{"embeddable":true,"href":"https:\/\/hookahshop.lt\/lv\/wp-json\/wp\/v2\/comments?post=19631"}],"version-history":[{"count":5,"href":"https:\/\/hookahshop.lt\/lv\/wp-json\/wp\/v2\/product\/19631\/revisions"}],"predecessor-version":[{"id":29511,"href":"https:\/\/hookahshop.lt\/lv\/wp-json\/wp\/v2\/product\/19631\/revisions\/29511"}],"wp:featuredmedia":[{"embeddable":true,"href":"https:\/\/hookahshop.lt\/lv\/wp-json\/wp\/v2\/media\/19633"}],"wp:attachment":[{"href":"https:\/\/hookahshop.lt\/lv\/wp-json\/wp\/v2\/media?parent=19631"}],"curies":[{"name":"wp","href":"https:\/\/api.w.org\/{rel}","templated":true}]}}