{"id":19652,"date":"2021-02-23T14:22:07","date_gmt":"2021-02-23T12:22:07","guid":{"rendered":"https:\/\/hookahshop.lt\/?post_type=product&#038;p=19652"},"modified":"2026-05-13T13:52:07","modified_gmt":"2026-05-13T10:52:07","slug":"taurele-kaljanui-lets-smoke-cayman","status":"publish","type":"product","link":"https:\/\/hookahshop.lt\/lv\/produkt\/stikls-for-udenspipe-lets-smoke-cayman\/","title":{"rendered":"Kauss \u016bdensp\u012bpei LETS SMOKE Cayman"},"content":{"rendered":"<h2>Kauss \u016bdensp\u012bpei LETS SMOKE Cayman<\/h2>\n<p>Kr\u016bze ir izgatavota no augstas kvalit\u0101tes m\u0101la, t\u0101p\u0113c vienm\u0113r\u012bgi sadala siltumu un uztur to visu k\u016bpin\u0101\u0161anas periodu.<\/p>\n<p>Kr\u016bzes ietilp\u012bba ir 13-17 grami.<\/p>\n<p>Vai jums ir k\u0101di jaut\u0101jumi? Sazinies ar mums\u00a0<a href=\"https:\/\/hookahshop.lt\/lv\/kontaktiem\/\">kontaktu lapa<\/a>\u00a0vai rakstiet mums pa e-pastu\u00a0<a href=\"https:\/\/facebook.com\/HookahShop.lt\/\" target=\"_blank\" rel=\"noopener noreferrer\">Facebook konts<\/a>\u00a0un m\u0113s atbild\u0113sim uz j\u016bsu piepras\u012bjumu taj\u0101 pa\u0161\u0101 dien\u0101.<\/p>","protected":false},"excerpt":{"rendered":"<p>B\u013coda \u016bdensp\u012bpei LETS SMOKE Cayman B\u013coda ir izgatavota no augstas kvalit\u0101tes m\u0101la, t\u0101p\u0113c vienm\u0113r\u012bgi sadala siltumu un uztur to visu k\u016bpin\u0101\u0161anas periodu. Kr\u016bzes ietilp\u012bba ir 13-17 grami. Vai jums ir k\u0101di jaut\u0101jumi? Sazinieties ar mums kontaktu lap\u0101 vai rakstiet mums uz m\u016bsu Facebook kontu un m\u0113s atbild\u0113sim uz j\u016bsu piepras\u012bjumu taj\u0101 pa\u0161\u0101 dien\u0101.<\/p>","protected":false},"featured_media":19653,"comment_status":"open","ping_status":"closed","template":"","meta":[],"_links":{"self":[{"href":"https:\/\/hookahshop.lt\/lv\/wp-json\/wp\/v2\/product\/19652"}],"collection":[{"href":"https:\/\/hookahshop.lt\/lv\/wp-json\/wp\/v2\/product"}],"about":[{"href":"https:\/\/hookahshop.lt\/lv\/wp-json\/wp\/v2\/types\/product"}],"replies":[{"embeddable":true,"href":"https:\/\/hookahshop.lt\/lv\/wp-json\/wp\/v2\/comments?post=19652"}],"version-history":[{"count":5,"href":"https:\/\/hookahshop.lt\/lv\/wp-json\/wp\/v2\/product\/19652\/revisions"}],"predecessor-version":[{"id":29536,"href":"https:\/\/hookahshop.lt\/lv\/wp-json\/wp\/v2\/product\/19652\/revisions\/29536"}],"wp:featuredmedia":[{"embeddable":true,"href":"https:\/\/hookahshop.lt\/lv\/wp-json\/wp\/v2\/media\/19653"}],"wp:attachment":[{"href":"https:\/\/hookahshop.lt\/lv\/wp-json\/wp\/v2\/media?parent=19652"}],"curies":[{"name":"wp","href":"https:\/\/api.w.org\/{rel}","templated":true}]}}