{"id":19670,"date":"2021-02-24T20:39:58","date_gmt":"2021-02-24T18:39:58","guid":{"rendered":"https:\/\/hookahshop.lt\/?post_type=product&#038;p=19670"},"modified":"2026-04-17T23:29:40","modified_gmt":"2026-04-17T20:29:40","slug":"taurele-kaljanui-upper-combi-bowl-cosmo-green","status":"publish","type":"product","link":"https:\/\/hookahshop.lt\/lv\/produkt\/kauss-udenspipe-augseja-kombi-bloda-cosmo-zala\/","title":{"rendered":"Kauss \u016bdensp\u012bpei UPPER Combi Bowl Cosmo Green"},"content":{"rendered":"<h2>Kauss \u016bdensp\u012bpei UPPER Combi Bowl Cosmo Green<\/h2>\n<p>Kr\u016bz\u012bte ir izgatavota no kvalitat\u012bva m\u0101la un p\u0101rkl\u0101ta ar glaz\u016bru, pateicoties kurai t\u0101 var ilgsto\u0161i saglab\u0101t savas s\u0101kotn\u0113j\u0101s \u012bpa\u0161\u012bbas un izskatu. Katrs Upper Combi ir atsevi\u0161\u0137i iepakots ar z\u012bmola logotipu un kr\u016bzes nosaukumu.<\/p>\n<p>Piem\u0113rots individu\u0101lai un grupu sm\u0113\u0137\u0113\u0161anai. Tiek pat\u0113r\u0113ti 18-20 grami tabakas.<\/p>\n<p><strong>Raksturojums:<\/strong><br \/>\nAugstums: 110 mm.<br \/>\nDiametrs (\u0101r\u0113jais): 73 mm.<br \/>\nDiametrs (iek\u0161\u0113jais): 67 mm.<br \/>\nDzi\u013cums: 15mm.<br \/>\nCauruma diametrs: 12 mm.<br \/>\nCaurumu skaits: 1 gab.<br \/>\nSvars: apm\u0113ram 195 grami.<\/p>\n<p>Vai jums ir k\u0101di jaut\u0101jumi? Sazinies ar mums\u00a0<a href=\"https:\/\/hookahshop.lt\/lv\/kontaktiem\/\">kontaktu lapa<\/a>\u00a0vai rakstiet mums pa e-pastu\u00a0<a href=\"https:\/\/facebook.com\/HookahShop.lt\/\" target=\"_blank\" rel=\"noopener noreferrer\">Facebook konts<\/a>\u00a0un m\u0113s atbild\u0113sim uz j\u016bsu piepras\u012bjumu taj\u0101 pa\u0161\u0101 dien\u0101.<\/p>","protected":false},"excerpt":{"rendered":"<p>B\u013coda \u016bdensp\u012bpei UPPER Combi Bowl Cosmo Green B\u013coda ir izgatavota no kvalitat\u012bva m\u0101la un p\u0101rkl\u0101ta ar glaz\u016bru, pateicoties kurai t\u0101 var ilgsto\u0161i saglab\u0101t savas s\u0101kotn\u0113j\u0101s \u012bpa\u0161\u012bbas un izskatu. Katrs Upper Combi ir atsevi\u0161\u0137i iepakots ar z\u012bmola logotipu un kr\u016bzes nosaukumu. Piem\u0113rots individu\u0101lai un grupu sm\u0113\u0137\u0113\u0161anai. Tiek pat\u0113r\u0113ti 18-20 grami tabakas. Raksturlielumi: Augstums: 110 mm. Diametrs (\u0101r\u0113jais): 73 [\u2026]<\/p>","protected":false},"featured_media":19672,"comment_status":"open","ping_status":"closed","template":"","meta":[],"_links":{"self":[{"href":"https:\/\/hookahshop.lt\/lv\/wp-json\/wp\/v2\/product\/19670"}],"collection":[{"href":"https:\/\/hookahshop.lt\/lv\/wp-json\/wp\/v2\/product"}],"about":[{"href":"https:\/\/hookahshop.lt\/lv\/wp-json\/wp\/v2\/types\/product"}],"replies":[{"embeddable":true,"href":"https:\/\/hookahshop.lt\/lv\/wp-json\/wp\/v2\/comments?post=19670"}],"version-history":[{"count":3,"href":"https:\/\/hookahshop.lt\/lv\/wp-json\/wp\/v2\/product\/19670\/revisions"}],"predecessor-version":[{"id":29564,"href":"https:\/\/hookahshop.lt\/lv\/wp-json\/wp\/v2\/product\/19670\/revisions\/29564"}],"wp:featuredmedia":[{"embeddable":true,"href":"https:\/\/hookahshop.lt\/lv\/wp-json\/wp\/v2\/media\/19672"}],"wp:attachment":[{"href":"https:\/\/hookahshop.lt\/lv\/wp-json\/wp\/v2\/media?parent=19670"}],"curies":[{"name":"wp","href":"https:\/\/api.w.org\/{rel}","templated":true}]}}