{"id":19675,"date":"2021-02-24T20:59:32","date_gmt":"2021-02-24T18:59:32","guid":{"rendered":"https:\/\/hookahshop.lt\/?post_type=product&#038;p=19675"},"modified":"2026-04-15T23:29:04","modified_gmt":"2026-04-15T20:29:04","slug":"kolba-kaljanui-daly-black-matt-ribbon-i","status":"publish","type":"product","link":"https:\/\/hookahshop.lt\/lv\/produkt\/kolba-for-udenspipe-daly-black-matt-ribbon-i\/","title":{"rendered":"\u0100\u0137is DALY Black Matt Ribbon I"},"content":{"rendered":"<h2>\u0100\u0137is DALY Black Matt Ribbon I<\/h2>\n<p>\u0160\u012b kolba ir izgatavota no augstas kvalit\u0101tes stikla. Kolba ir piln\u012bgi melna, un mat\u0113ta apdare pie\u0161\u0137ir tai v\u0113l elegant\u0101ku kr\u0101su izskatu. Piem\u0113rots gandr\u012bz vis\u0101m m\u016bsdienu \u016bdensp\u012bp\u0113m. Kolbas mali\u0146a pal\u012bdz\u0113s \u0113rti notur\u0113t \u016bdensp\u012bpi, lai t\u0101 neizsl\u012bd\u0113tu no rok\u0101m. \u0160\u012b kolba ir p\u0101rkl\u0101ta ar augstas kvalit\u0101tes kr\u0101su, kas laika gait\u0101 pal\u012bdz\u0113s saglab\u0101t kolbu k\u0101 jaunu pat p\u0113c daudz\u0101m lieto\u0161anas reiz\u0113m.<\/p>\n<p><strong>Raksturojums:<\/strong><br \/>\nAugstums: 266 mm<br \/>\nSvars: ~1550 g<br \/>\n\u0100r\u0113jais diametrs: 75 mm<br \/>\nIek\u0161\u0113jais diametrs: 47 mm<br \/>\nProdukta materi\u0101ls: stikls<\/p>\n<p>Vai jums ir k\u0101di jaut\u0101jumi? Sazinies ar mums\u00a0<a href=\"https:\/\/hookahshop.lt\/lv\/kontaktiem\/\">kontaktu lapa<\/a>\u00a0vai rakstiet mums pa e-pastu\u00a0<a href=\"https:\/\/facebook.com\/HookahShop.lt\/\" target=\"_blank\" rel=\"noopener noreferrer\">Facebook konts<\/a>\u00a0un m\u0113s atbild\u0113sim uz j\u016bsu piepras\u012bjumu taj\u0101 pa\u0161\u0101 dien\u0101.<\/p>","protected":false},"excerpt":{"rendered":"<p>\u016adensp\u012bpes kolba DALY Black Matt Ribbon I \u0160\u012b kolba ir izgatavota no augstas kvalit\u0101tes stikla. Kolba ir piln\u012bgi melna, un mat\u0113ta apdare pie\u0161\u0137ir tai v\u0113l elegant\u0101ku kr\u0101su izskatu. Piem\u0113rots gandr\u012bz vis\u0101m m\u016bsdienu \u016bdensp\u012bp\u0113m. Kolbas mali\u0146a pal\u012bdz\u0113s \u0113rti notur\u0113t \u016bdensp\u012bpi, lai t\u0101 neizsl\u012bd\u0113tu no rok\u0101m. \u0160\u012b kolba ir p\u0101rkl\u0101ta ar augstas kvalit\u0101tes kr\u0101su, kas laika gait\u0101 pal\u012bdz\u0113s [\u2026]<\/p>","protected":false},"featured_media":24875,"comment_status":"open","ping_status":"closed","template":"","meta":[],"_links":{"self":[{"href":"https:\/\/hookahshop.lt\/lv\/wp-json\/wp\/v2\/product\/19675"}],"collection":[{"href":"https:\/\/hookahshop.lt\/lv\/wp-json\/wp\/v2\/product"}],"about":[{"href":"https:\/\/hookahshop.lt\/lv\/wp-json\/wp\/v2\/types\/product"}],"replies":[{"embeddable":true,"href":"https:\/\/hookahshop.lt\/lv\/wp-json\/wp\/v2\/comments?post=19675"}],"version-history":[{"count":9,"href":"https:\/\/hookahshop.lt\/lv\/wp-json\/wp\/v2\/product\/19675\/revisions"}],"predecessor-version":[{"id":45018,"href":"https:\/\/hookahshop.lt\/lv\/wp-json\/wp\/v2\/product\/19675\/revisions\/45018"}],"wp:featuredmedia":[{"embeddable":true,"href":"https:\/\/hookahshop.lt\/lv\/wp-json\/wp\/v2\/media\/24875"}],"wp:attachment":[{"href":"https:\/\/hookahshop.lt\/lv\/wp-json\/wp\/v2\/media?parent=19675"}],"curies":[{"name":"wp","href":"https:\/\/api.w.org\/{rel}","templated":true}]}}