{"id":19679,"date":"2021-02-24T21:16:52","date_gmt":"2021-02-24T19:16:52","guid":{"rendered":"https:\/\/hookahshop.lt\/?post_type=product&#038;p=19679"},"modified":"2026-04-15T12:28:44","modified_gmt":"2026-04-15T09:28:44","slug":"apsauginis-sietelis-kaljanui-njn-juodas","status":"publish","type":"product","link":"https:\/\/hookahshop.lt\/lv\/produkt\/aizsargsiets-for-udenspipe-njn-melns\/","title":{"rendered":"Aizsarg siets \u016bdensp\u012bpei NJN Black"},"content":{"rendered":"<h2>Aizsarg siets \u016bdensp\u012bpei NJN Black<\/h2>\n<p>Tas ne\u013cauj ogl\u0113m nejau\u0161i sadedzin\u0101t j\u016bsu d\u0101rgo mantu, sm\u0113\u0137\u0113jot m\u0101j\u0101s.<\/p>\n<p><strong>Raksturojums:<\/strong><br \/>\nAugstums: 200 mm.<br \/>\nDiametrs: 98mm.<br \/>\nSvars: apm\u0113ram 100 gr.<\/p>\n<p>Vai jums ir k\u0101di jaut\u0101jumi? Sazinies ar mums\u00a0<a href=\"https:\/\/hookahshop.lt\/lv\/kontaktiem\/\">kontaktu lapa<\/a>\u00a0vai rakstiet mums pa e-pastu\u00a0<a href=\"https:\/\/facebook.com\/HookahShop.lt\/\" target=\"_blank\" rel=\"noopener noreferrer\">Facebook konts<\/a>\u00a0un m\u0113s atbild\u0113sim uz j\u016bsu piepras\u012bjumu taj\u0101 pa\u0161\u0101 dien\u0101.<\/p>","protected":false},"excerpt":{"rendered":"<p>Aizsarg\u0101jo\u0161s sieti\u0146\u0161 \u016bdensp\u012bpei NJN Black Tas ne\u013cauj ogl\u0113m nejau\u0161i sadedzin\u0101t j\u016bsu d\u0101rgo \u012bpa\u0161umu, sm\u0113\u0137\u0113jot m\u0101j\u0101s. Raksturlielumi: Augstums: 200 mm. Diametrs: 98mm. Svars: apm\u0113ram 100 gr. Vai jums ir k\u0101di jaut\u0101jumi? Sazinieties ar mums kontaktu lap\u0101 vai rakstiet mums uz m\u016bsu Facebook kontu un m\u0113s atbild\u0113sim uz j\u016bsu piepras\u012bjumu taj\u0101 pa\u0161\u0101 dien\u0101.<\/p>","protected":false},"featured_media":19680,"comment_status":"open","ping_status":"closed","template":"","meta":[],"_links":{"self":[{"href":"https:\/\/hookahshop.lt\/lv\/wp-json\/wp\/v2\/product\/19679"}],"collection":[{"href":"https:\/\/hookahshop.lt\/lv\/wp-json\/wp\/v2\/product"}],"about":[{"href":"https:\/\/hookahshop.lt\/lv\/wp-json\/wp\/v2\/types\/product"}],"replies":[{"embeddable":true,"href":"https:\/\/hookahshop.lt\/lv\/wp-json\/wp\/v2\/comments?post=19679"}],"version-history":[{"count":4,"href":"https:\/\/hookahshop.lt\/lv\/wp-json\/wp\/v2\/product\/19679\/revisions"}],"predecessor-version":[{"id":28581,"href":"https:\/\/hookahshop.lt\/lv\/wp-json\/wp\/v2\/product\/19679\/revisions\/28581"}],"wp:featuredmedia":[{"embeddable":true,"href":"https:\/\/hookahshop.lt\/lv\/wp-json\/wp\/v2\/media\/19680"}],"wp:attachment":[{"href":"https:\/\/hookahshop.lt\/lv\/wp-json\/wp\/v2\/media?parent=19679"}],"curies":[{"name":"wp","href":"https:\/\/api.w.org\/{rel}","templated":true}]}}