{"id":19684,"date":"2021-02-24T21:59:01","date_gmt":"2021-02-24T19:59:01","guid":{"rendered":"https:\/\/hookahshop.lt\/?post_type=product&#038;p=19684"},"modified":"2026-04-18T23:29:06","modified_gmt":"2026-04-18T20:29:06","slug":"taurele-kaljanui-oblako-killer","status":"publish","type":"product","link":"https:\/\/hookahshop.lt\/lv\/produkt\/kauss-udenspipe-makonis-slepkava\/","title":{"rendered":"Kauss \u016bdensp\u012bpei OBLAKO Killer"},"content":{"rendered":"<h2>Kauss \u016bdensp\u012bpei OBLAKO Killer<\/h2>\n<p>Kr\u016bz\u012bte ir paredz\u0113ta ikdienas sm\u0113\u0137\u0113\u0161anai, lieliski piem\u0113rota vieglai un smagai tabakai.<\/p>\n<p>Tabakas pat\u0113ri\u0146\u0161 23-28 grami.<\/p>\n<p>Raksturojums:<br \/>\nAugstums: 120 mm.<br \/>\nDiametrs (\u0101r\u0113jais): 72 mm.<br \/>\nDiametrs (iek\u0161\u0113jais): 63 mm.<br \/>\nDzi\u013cums: 16mm.<br \/>\nCaurumu skaits: 5 gab.<br \/>\nSvars: apm\u0113ram 184 grami.<\/p>\n<p>Vai jums ir k\u0101di jaut\u0101jumi? Sazinies ar mums\u00a0<a href=\"https:\/\/hookahshop.lt\/lv\/kontaktiem\/\">kontaktu lapa<\/a>\u00a0vai rakstiet mums pa e-pastu\u00a0<a href=\"https:\/\/facebook.com\/HookahShop.lt\/\" target=\"_blank\" rel=\"noopener noreferrer\">Facebook konts<\/a>\u00a0un m\u0113s atbild\u0113sim uz j\u016bsu piepras\u012bjumu taj\u0101 pa\u0161\u0101 dien\u0101.<\/p>\n<p>&nbsp;<\/p>","protected":false},"excerpt":{"rendered":"<p>\u016adensp\u012bpes kr\u016bze OBLAKO Killer Kr\u016bz\u012bte ir paredz\u0113ta ikdienas sm\u0113\u0137\u0113\u0161anai, lieliski piem\u0113rota vieglai un smagai tabakai. Tabakas pat\u0113ri\u0146\u0161 23-28 grami. Raksturlielumi: Augstums: 120mm. Diametrs (\u0101r\u0113jais): 72 mm. Diametrs (iek\u0161\u0113jais): 63 mm. Dzi\u013cums: 16mm. Caurumu skaits: 5 gab. Svars: apm\u0113ram 184 grami. Vai jums ir k\u0101di jaut\u0101jumi? Sazinieties ar mums kontaktu lap\u0101 vai rakstiet mums uz m\u016bsu Facebook kontu, un m\u0113s atbild\u0113sim uz j\u016bsu piepras\u012bjumu [\u2026]<\/p>","protected":false},"featured_media":19685,"comment_status":"open","ping_status":"closed","template":"","meta":[],"_links":{"self":[{"href":"https:\/\/hookahshop.lt\/lv\/wp-json\/wp\/v2\/product\/19684"}],"collection":[{"href":"https:\/\/hookahshop.lt\/lv\/wp-json\/wp\/v2\/product"}],"about":[{"href":"https:\/\/hookahshop.lt\/lv\/wp-json\/wp\/v2\/types\/product"}],"replies":[{"embeddable":true,"href":"https:\/\/hookahshop.lt\/lv\/wp-json\/wp\/v2\/comments?post=19684"}],"version-history":[{"count":3,"href":"https:\/\/hookahshop.lt\/lv\/wp-json\/wp\/v2\/product\/19684\/revisions"}],"predecessor-version":[{"id":26690,"href":"https:\/\/hookahshop.lt\/lv\/wp-json\/wp\/v2\/product\/19684\/revisions\/26690"}],"wp:featuredmedia":[{"embeddable":true,"href":"https:\/\/hookahshop.lt\/lv\/wp-json\/wp\/v2\/media\/19685"}],"wp:attachment":[{"href":"https:\/\/hookahshop.lt\/lv\/wp-json\/wp\/v2\/media?parent=19684"}],"curies":[{"name":"wp","href":"https:\/\/api.w.org\/{rel}","templated":true}]}}