{"id":19689,"date":"2021-02-24T22:14:11","date_gmt":"2021-02-24T20:14:11","guid":{"rendered":"https:\/\/hookahshop.lt\/?post_type=product&#038;p=19689"},"modified":"2026-05-13T13:52:07","modified_gmt":"2026-05-13T10:52:07","slug":"taurele-kaljanui-lets-smoke-turkish-2","status":"publish","type":"product","link":"https:\/\/hookahshop.lt\/lv\/produkt\/kauss-udenspipe-lauj-smeket-turku-2\/","title":{"rendered":"\u016adensp\u012bpes kauss LETS SMOKE turku"},"content":{"rendered":"<h2>\u016adensp\u012bpes kauss LETS SMOKE turku<\/h2>\n<p>Kr\u016bze ir izgatavota no augstas kvalit\u0101tes m\u0101la, t\u0101p\u0113c vienm\u0113r\u012bgi sadala siltumu un uztur to visu k\u016bpin\u0101\u0161anas periodu.<\/p>\n<p>Kr\u016bzes ietilp\u012bba ir 14-18 grami.<\/p>\n<p>Vai jums ir k\u0101di jaut\u0101jumi? Sazinies ar mums\u00a0<a href=\"https:\/\/hookahshop.lt\/lv\/kontaktiem\/\">kontaktu lapa<\/a>\u00a0vai rakstiet mums pa e-pastu\u00a0<a href=\"https:\/\/facebook.com\/HookahShop.lt\/\" target=\"_blank\" rel=\"noopener noreferrer\">Facebook konts<\/a>\u00a0un m\u0113s atbild\u0113sim uz j\u016bsu piepras\u012bjumu taj\u0101 pa\u0161\u0101 dien\u0101.<\/p>","protected":false},"excerpt":{"rendered":"<p>B\u013coda \u016bdensp\u012bpei LETS SMOKE Turkish B\u013coda ir izgatavota no augstas kvalit\u0101tes m\u0101la, t\u0101p\u0113c vienm\u0113r\u012bgi sadala siltumu un uztur to visu k\u016bpin\u0101\u0161anas periodu. Kr\u016bzes ietilp\u012bba ir 14-18 grami. Vai jums ir k\u0101di jaut\u0101jumi? Sazinieties ar mums kontaktu lap\u0101 vai rakstiet mums uz m\u016bsu Facebook kontu un m\u0113s atbild\u0113sim uz j\u016bsu piepras\u012bjumu taj\u0101 pa\u0161\u0101 dien\u0101.<\/p>","protected":false},"featured_media":19690,"comment_status":"open","ping_status":"closed","template":"","meta":[],"_links":{"self":[{"href":"https:\/\/hookahshop.lt\/lv\/wp-json\/wp\/v2\/product\/19689"}],"collection":[{"href":"https:\/\/hookahshop.lt\/lv\/wp-json\/wp\/v2\/product"}],"about":[{"href":"https:\/\/hookahshop.lt\/lv\/wp-json\/wp\/v2\/types\/product"}],"replies":[{"embeddable":true,"href":"https:\/\/hookahshop.lt\/lv\/wp-json\/wp\/v2\/comments?post=19689"}],"version-history":[{"count":4,"href":"https:\/\/hookahshop.lt\/lv\/wp-json\/wp\/v2\/product\/19689\/revisions"}],"predecessor-version":[{"id":29540,"href":"https:\/\/hookahshop.lt\/lv\/wp-json\/wp\/v2\/product\/19689\/revisions\/29540"}],"wp:featuredmedia":[{"embeddable":true,"href":"https:\/\/hookahshop.lt\/lv\/wp-json\/wp\/v2\/media\/19690"}],"wp:attachment":[{"href":"https:\/\/hookahshop.lt\/lv\/wp-json\/wp\/v2\/media?parent=19689"}],"curies":[{"name":"wp","href":"https:\/\/api.w.org\/{rel}","templated":true}]}}