{"id":19693,"date":"2021-02-24T22:39:33","date_gmt":"2021-02-24T20:39:33","guid":{"rendered":"https:\/\/hookahshop.lt\/?post_type=product&#038;p=19693"},"modified":"2026-04-17T23:29:35","modified_gmt":"2026-04-17T20:29:35","slug":"taurele-kaljanui-japona-hookah-butterfly","status":"publish","type":"product","link":"https:\/\/hookahshop.lt\/lv\/produkt\/kauss-for-udenspipe-japanu-udenspipe-taurins\/","title":{"rendered":"\u016adensp\u012bpes kr\u016bze JAPONA HOOKAH Butterfly"},"content":{"rendered":"<h2>\u016adensp\u012bpes kr\u016bze JAPONA HOOKAH Butterfly<\/h2>\n<p>\u0160\u012b \u016bdensp\u012bpes b\u013coda ir v\u0113l viens jap\u0101\u0146u ra\u017eot\u0101ja \u0161edevrs. Unik\u0101lais izskats pie\u0161\u0137ir skaistumu katrai \u016bdensp\u012bpei. Kr\u016bze ir izgatavota no sarkan\u0101 m\u0101la, un t\u0101 ir izgatavota ar meistaru rok\u0101m uz podnieka ripas.<\/p>\n<p>Kr\u016bzes tilpums 17 g.<\/p>\n<p><strong>Raksturojums:<\/strong><br \/>\nAugstums: 116 mm;<br \/>\nDiametrs (\u0101r\u0113jais): 75 mm;<br \/>\nDiametrs (iek\u0161\u0113jais): 65 mm;<br \/>\nDzi\u013cums: 14mm;<br \/>\nCaurumu skaits: 1 gab.;<br \/>\nSvars: apm\u0113ram 155 grami.<\/p>\n<p>Vai jums ir k\u0101di jaut\u0101jumi? Sazinies ar mums\u00a0<a href=\"https:\/\/hookahshop.lt\/lv\/kontaktiem\/\">kontaktu lapa<\/a>\u00a0vai rakstiet mums pa e-pastu\u00a0<a href=\"https:\/\/facebook.com\/HookahShop.lt\/\" target=\"_blank\" rel=\"noopener noreferrer\">Facebook konts<\/a>\u00a0un m\u0113s atbild\u0113sim uz j\u016bsu piepras\u012bjumu taj\u0101 pa\u0161\u0101 dien\u0101.<\/p>\n<p>&nbsp;<\/p>","protected":false},"excerpt":{"rendered":"<p>\u016adensp\u012bpes kauss JAPAN HOOKAH Butterfly \u0160is \u016bdensp\u012bpes kauss ir v\u0113l viens jap\u0101\u0146u ra\u017eot\u0101ja \u0161edevrs. Unik\u0101lais izskats pie\u0161\u0137ir skaistumu katrai \u016bdensp\u012bpei. Kr\u016bze ir izgatavota no sarkan\u0101 m\u0101la, un t\u0101 ir izgatavota ar meistaru rok\u0101m uz podnieka ripas. Kr\u016bzes tilpums 17 g. Raksturlielumi: Augstums: 116 mm; Diametrs (\u0101r\u0113jais): 75 mm; Diametrs (iek\u0161\u0113jais): 65 mm; Dzi\u013cums: 14mm; Caurumu skaits: 1 gab.; Svars: [\u2026]<\/p>","protected":false},"featured_media":19694,"comment_status":"open","ping_status":"closed","template":"","meta":[],"_links":{"self":[{"href":"https:\/\/hookahshop.lt\/lv\/wp-json\/wp\/v2\/product\/19693"}],"collection":[{"href":"https:\/\/hookahshop.lt\/lv\/wp-json\/wp\/v2\/product"}],"about":[{"href":"https:\/\/hookahshop.lt\/lv\/wp-json\/wp\/v2\/types\/product"}],"replies":[{"embeddable":true,"href":"https:\/\/hookahshop.lt\/lv\/wp-json\/wp\/v2\/comments?post=19693"}],"version-history":[{"count":5,"href":"https:\/\/hookahshop.lt\/lv\/wp-json\/wp\/v2\/product\/19693\/revisions"}],"predecessor-version":[{"id":43016,"href":"https:\/\/hookahshop.lt\/lv\/wp-json\/wp\/v2\/product\/19693\/revisions\/43016"}],"wp:featuredmedia":[{"embeddable":true,"href":"https:\/\/hookahshop.lt\/lv\/wp-json\/wp\/v2\/media\/19694"}],"wp:attachment":[{"href":"https:\/\/hookahshop.lt\/lv\/wp-json\/wp\/v2\/media?parent=19693"}],"curies":[{"name":"wp","href":"https:\/\/api.w.org\/{rel}","templated":true}]}}