{"id":19708,"date":"2021-02-25T18:41:36","date_gmt":"2021-02-25T16:41:36","guid":{"rendered":"https:\/\/hookahshop.lt\/?post_type=product&#038;p=19708"},"modified":"2026-05-13T13:52:18","modified_gmt":"2026-05-13T10:52:18","slug":"zarna-silikonine-njn-juoda","status":"publish","type":"product","link":"https:\/\/hookahshop.lt\/lv\/produkt\/slutene-silikona-njn-melna\/","title":{"rendered":"Silikona \u0161\u013c\u016btene NJN Melna"},"content":{"rendered":"<h2>Silikona \u0161\u013c\u016btene NJN Melna<\/h2>\n<p>\u0160\u013c\u016btene ir izgatavota no medic\u012bnisk\u0101 silikona ar antistatisku Soft-Touch p\u0101rkl\u0101jumu, un tai nav sve\u0161as smakas. Pateicoties \u0161\u012bm \u012bpa\u0161\u012bb\u0101m, \u0161\u013c\u016btene paliek elast\u012bga.<\/p>\n<p><strong>Raksturojums:<\/strong><br \/>\nGarums: 1500mm.<br \/>\n\u0100r\u0113jais diametrs: 17 mm.<br \/>\nIek\u0161\u0113jais \u0161\u013c\u016btenes diametrs: 11mm.<br \/>\nP\u0101rkl\u0101jums: m\u012bksts piesk\u0101riens.<br \/>\nSvars: apm\u0113ram 250 grami.<\/p>\n<p>Vai jums ir k\u0101di jaut\u0101jumi? Sazinies ar mums\u00a0<a href=\"https:\/\/hookahshop.lt\/lv\/kontaktiem\/\">kontaktu lapa<\/a>\u00a0vai rakstiet mums pa e-pastu\u00a0<a href=\"https:\/\/facebook.com\/HookahShop.lt\/\" target=\"_blank\" rel=\"noopener noreferrer\">Facebook konts<\/a>\u00a0un m\u0113s atbild\u0113sim uz j\u016bsu piepras\u012bjumu taj\u0101 pa\u0161\u0101 dien\u0101.<\/p>","protected":false},"excerpt":{"rendered":"<p>Silikona \u0161\u013c\u016btene NJN melna \u0160\u013c\u016btene ir izgatavota no medic\u012bnisk\u0101 silikona ar antistatisku Soft-Touch p\u0101rkl\u0101jumu, un tai nav sve\u0161as smakas. Pateicoties \u0161\u012bm \u012bpa\u0161\u012bb\u0101m, \u0161\u013c\u016btene paliek elast\u012bga. Raksturlielumi: Garums: 1500mm. \u0100r\u0113jais diametrs: 17 mm. Iek\u0161\u0113jais \u0161\u013c\u016btenes diametrs: 11mm. P\u0101rkl\u0101jums: m\u012bksts piesk\u0101riens. Svars: apm\u0113ram 250 grami. Vai jums ir k\u0101di jaut\u0101jumi? Sazinieties ar mums kontaktu lap\u0101 vai rakstiet mums uz m\u016bsu Facebook kontu, un m\u0113s atbild\u0113sim uz j\u016bsu piepras\u012bjumu [\u2026]<\/p>","protected":false},"featured_media":19713,"comment_status":"open","ping_status":"closed","template":"","meta":[],"_links":{"self":[{"href":"https:\/\/hookahshop.lt\/lv\/wp-json\/wp\/v2\/product\/19708"}],"collection":[{"href":"https:\/\/hookahshop.lt\/lv\/wp-json\/wp\/v2\/product"}],"about":[{"href":"https:\/\/hookahshop.lt\/lv\/wp-json\/wp\/v2\/types\/product"}],"replies":[{"embeddable":true,"href":"https:\/\/hookahshop.lt\/lv\/wp-json\/wp\/v2\/comments?post=19708"}],"version-history":[{"count":6,"href":"https:\/\/hookahshop.lt\/lv\/wp-json\/wp\/v2\/product\/19708\/revisions"}],"predecessor-version":[{"id":45688,"href":"https:\/\/hookahshop.lt\/lv\/wp-json\/wp\/v2\/product\/19708\/revisions\/45688"}],"wp:featuredmedia":[{"embeddable":true,"href":"https:\/\/hookahshop.lt\/lv\/wp-json\/wp\/v2\/media\/19713"}],"wp:attachment":[{"href":"https:\/\/hookahshop.lt\/lv\/wp-json\/wp\/v2\/media?parent=19708"}],"curies":[{"name":"wp","href":"https:\/\/api.w.org\/{rel}","templated":true}]}}