{"id":19718,"date":"2021-02-25T20:00:31","date_gmt":"2021-02-25T18:00:31","guid":{"rendered":"https:\/\/hookahshop.lt\/?post_type=product&#038;p=19718"},"modified":"2026-04-17T23:29:10","modified_gmt":"2026-04-17T20:29:10","slug":"individualus-kaljano-kandiklis-japona","status":"publish","type":"product","link":"https:\/\/hookahshop.lt\/lv\/produkt\/pasutijuma-udenspipe-iemuti-japan\/","title":{"rendered":"Individu\u0101ls \u016bdensp\u012bpes iemutnis JAP\u0100NA"},"content":{"rendered":"<h2>Individu\u0101ls \u016bdensp\u012bpes iemutnis JAP\u0100NA<\/h2>\n<p>Mute ar iegrav\u0113tu misi\u0146a gredzenu, koka dekoru (osis). Pie firmas siksni\u0146as piestiprin\u0101ta ar karab\u012bni un japonas \u016bdensp\u012bpes hieroglifa att\u0113lu, ar apzelt\u012btu medaljonu.<\/p>\n<p>Vai jums ir k\u0101di jaut\u0101jumi? Sazinies ar mums\u00a0<a href=\"https:\/\/hookahshop.lt\/lv\/kontaktiem\/\">kontaktu lapa<\/a>\u00a0vai rakstiet mums pa e-pastu\u00a0<a href=\"https:\/\/facebook.com\/HookahShop.lt\/\" target=\"_blank\" rel=\"noopener noreferrer\">Facebook konts<\/a>\u00a0un m\u0113s atbild\u0113sim uz j\u016bsu piepras\u012bjumu taj\u0101 pa\u0161\u0101 dien\u0101.<\/p>","protected":false},"excerpt":{"rendered":"<p>Individu\u0101ls \u016bdensp\u012bpes iemutnis JAPAN Mutes uzgalis ar iegrav\u0113tu misi\u0146a gredzenu, koka dekoru (osis). Pie firmas siksni\u0146as piestiprin\u0101ta ar karab\u012bni un japonas \u016bdensp\u012bpes hieroglifa att\u0113lu, ar apzelt\u012btu medaljonu. Vai jums ir k\u0101di jaut\u0101jumi? Sazinieties ar mums kontaktu lap\u0101 vai rakstiet mums uz m\u016bsu Facebook kontu un m\u0113s atbild\u0113sim uz j\u016bsu piepras\u012bjumu taj\u0101 pa\u0161\u0101 dien\u0101.<\/p>","protected":false},"featured_media":19720,"comment_status":"open","ping_status":"closed","template":"","meta":[],"_links":{"self":[{"href":"https:\/\/hookahshop.lt\/lv\/wp-json\/wp\/v2\/product\/19718"}],"collection":[{"href":"https:\/\/hookahshop.lt\/lv\/wp-json\/wp\/v2\/product"}],"about":[{"href":"https:\/\/hookahshop.lt\/lv\/wp-json\/wp\/v2\/types\/product"}],"replies":[{"embeddable":true,"href":"https:\/\/hookahshop.lt\/lv\/wp-json\/wp\/v2\/comments?post=19718"}],"version-history":[{"count":5,"href":"https:\/\/hookahshop.lt\/lv\/wp-json\/wp\/v2\/product\/19718\/revisions"}],"predecessor-version":[{"id":44065,"href":"https:\/\/hookahshop.lt\/lv\/wp-json\/wp\/v2\/product\/19718\/revisions\/44065"}],"wp:featuredmedia":[{"embeddable":true,"href":"https:\/\/hookahshop.lt\/lv\/wp-json\/wp\/v2\/media\/19720"}],"wp:attachment":[{"href":"https:\/\/hookahshop.lt\/lv\/wp-json\/wp\/v2\/media?parent=19718"}],"curies":[{"name":"wp","href":"https:\/\/api.w.org\/{rel}","templated":true}]}}