{"id":19725,"date":"2021-02-25T20:13:15","date_gmt":"2021-02-25T18:13:15","guid":{"rendered":"https:\/\/hookahshop.lt\/?post_type=product&#038;p=19725"},"modified":"2026-04-22T23:28:49","modified_gmt":"2026-04-22T20:28:49","slug":"individualus-kaljano-kandiklis-lets-smoke","status":"publish","type":"product","link":"https:\/\/hookahshop.lt\/lv\/produkt\/pasutijuma-udenspipe-iemuti-lauj-smeket\/","title":{"rendered":"Atsevi\u0161\u0137s \u016bdensp\u012bpes iemutnis \u013bauj sm\u0113\u0137\u0113t"},"content":{"rendered":"<h2>Atsevi\u0161\u0137s \u016bdensp\u012bpes iemutnis \u013bauj sm\u0113\u0137\u0113t<\/h2>\n<p>\u0160is ir lieliska dizaina person\u012bgais iemuts, kas izgatavots no augstas kvalit\u0101tes plastmasas, t\u0101p\u0113c ir piln\u012bgi dro\u0161s.<\/p>\n<p>Vai jums ir k\u0101di jaut\u0101jumi? Sazinies ar mums\u00a0<a href=\"https:\/\/hookahshop.lt\/lv\/kontaktiem\/\">kontaktu lapa<\/a>\u00a0vai rakstiet mums pa e-pastu\u00a0<a href=\"https:\/\/facebook.com\/HookahShop.lt\/\" target=\"_blank\" rel=\"noopener noreferrer\">Facebook konts<\/a>\u00a0un m\u0113s atbild\u0113sim uz j\u016bsu piepras\u012bjumu taj\u0101 pa\u0161\u0101 dien\u0101.<\/p>","protected":false},"excerpt":{"rendered":"<p>Individu\u0101ls \u016bdensp\u012bpes iemuts LETS SMOKE \u0160is ir skaista dizaina person\u012bgais iemutnis, kas izgatavots no augstas kvalit\u0101tes plastmasas, t\u0101p\u0113c ir piln\u012bgi dro\u0161s. Vai jums ir k\u0101di jaut\u0101jumi? Sazinieties ar mums kontaktu lap\u0101 vai rakstiet mums uz m\u016bsu Facebook kontu un m\u0113s atbild\u0113sim uz j\u016bsu piepras\u012bjumu taj\u0101 pa\u0161\u0101 dien\u0101.<\/p>","protected":false},"featured_media":19727,"comment_status":"open","ping_status":"closed","template":"","meta":[],"_links":{"self":[{"href":"https:\/\/hookahshop.lt\/lv\/wp-json\/wp\/v2\/product\/19725"}],"collection":[{"href":"https:\/\/hookahshop.lt\/lv\/wp-json\/wp\/v2\/product"}],"about":[{"href":"https:\/\/hookahshop.lt\/lv\/wp-json\/wp\/v2\/types\/product"}],"replies":[{"embeddable":true,"href":"https:\/\/hookahshop.lt\/lv\/wp-json\/wp\/v2\/comments?post=19725"}],"version-history":[{"count":5,"href":"https:\/\/hookahshop.lt\/lv\/wp-json\/wp\/v2\/product\/19725\/revisions"}],"predecessor-version":[{"id":29325,"href":"https:\/\/hookahshop.lt\/lv\/wp-json\/wp\/v2\/product\/19725\/revisions\/29325"}],"wp:featuredmedia":[{"embeddable":true,"href":"https:\/\/hookahshop.lt\/lv\/wp-json\/wp\/v2\/media\/19727"}],"wp:attachment":[{"href":"https:\/\/hookahshop.lt\/lv\/wp-json\/wp\/v2\/media?parent=19725"}],"curies":[{"name":"wp","href":"https:\/\/api.w.org\/{rel}","templated":true}]}}