{"id":19732,"date":"2021-02-25T20:41:19","date_gmt":"2021-02-25T18:41:19","guid":{"rendered":"https:\/\/hookahshop.lt\/?post_type=product&#038;p=19732"},"modified":"2026-05-13T13:52:17","modified_gmt":"2026-05-13T10:52:17","slug":"vienkartiniai-kandikliai-kaljanui-arma-3cm-100vnt-black","status":"publish","type":"product","link":"https:\/\/hookahshop.lt\/lv\/produkt\/vienreizejas-lietosanas-iemuti-udenspipei-arma-3cm-100gab-melni\/","title":{"rendered":"Vienreizlietojamie \u0101\u0137i \u016bdensp\u012bpei ARMA 3cm 100gab Melns"},"content":{"rendered":"<h2>Vienreizlietojamie \u0101\u0137i \u016bdensp\u012bpei ARMA 3cm 100gab Melns<\/h2>\n<p>Vien\u0101 iepakojum\u0101 ir 100 gab. melni vienreiz\u0113j\u0101s lieto\u0161anas iemuti \u016bdensp\u012bpei. Izgatavoti no augstas kvalit\u0101tes plastmasas, t\u0101p\u0113c tie visi ir dro\u0161i.<\/p>\n<p>Vai jums ir k\u0101di jaut\u0101jumi? Sazinies ar mums\u00a0<a href=\"https:\/\/hookahshop.lt\/lv\/kontaktiem\/\">kontaktu lapa<\/a>\u00a0vai rakstiet mums pa e-pastu\u00a0<a href=\"https:\/\/facebook.com\/HookahShop.lt\/\" target=\"_blank\" rel=\"noopener noreferrer\">Facebook konts<\/a> un m\u0113s atbild\u0113sim uz j\u016bsu piepras\u012bjumu taj\u0101 pa\u0161\u0101 dien\u0101.<\/p>\n<p>&nbsp;<\/p>","protected":false},"excerpt":{"rendered":"<p>Vienreizlietojamie iemuti \u016bdensp\u012bpei ARMA 3cm 100gab Black One iepakojum\u0101 ir 100gab. melni vienreiz\u0113j\u0101s lieto\u0161anas iemuti \u016bdensp\u012bpei. Izgatavoti no augstas kvalit\u0101tes plastmasas, t\u0101p\u0113c tie visi ir dro\u0161i. Vai jums ir k\u0101di jaut\u0101jumi? Sazinieties ar mums kontaktu lap\u0101 vai rakstiet mums uz m\u016bsu Facebook kontu un m\u0113s atbild\u0113sim uz j\u016bsu piepras\u012bjumu taj\u0101 pa\u0161\u0101 dien\u0101. &nbsp;<\/p>","protected":false},"featured_media":19737,"comment_status":"open","ping_status":"closed","template":"","meta":[],"_links":{"self":[{"href":"https:\/\/hookahshop.lt\/lv\/wp-json\/wp\/v2\/product\/19732"}],"collection":[{"href":"https:\/\/hookahshop.lt\/lv\/wp-json\/wp\/v2\/product"}],"about":[{"href":"https:\/\/hookahshop.lt\/lv\/wp-json\/wp\/v2\/types\/product"}],"replies":[{"embeddable":true,"href":"https:\/\/hookahshop.lt\/lv\/wp-json\/wp\/v2\/comments?post=19732"}],"version-history":[{"count":4,"href":"https:\/\/hookahshop.lt\/lv\/wp-json\/wp\/v2\/product\/19732\/revisions"}],"predecessor-version":[{"id":29327,"href":"https:\/\/hookahshop.lt\/lv\/wp-json\/wp\/v2\/product\/19732\/revisions\/29327"}],"wp:featuredmedia":[{"embeddable":true,"href":"https:\/\/hookahshop.lt\/lv\/wp-json\/wp\/v2\/media\/19737"}],"wp:attachment":[{"href":"https:\/\/hookahshop.lt\/lv\/wp-json\/wp\/v2\/media?parent=19732"}],"curies":[{"name":"wp","href":"https:\/\/api.w.org\/{rel}","templated":true}]}}