{"id":19746,"date":"2021-02-26T16:11:02","date_gmt":"2021-02-26T14:11:02","guid":{"rendered":"https:\/\/hookahshop.lt\/?post_type=product&#038;p=19746"},"modified":"2026-04-14T23:28:57","modified_gmt":"2026-04-14T20:28:57","slug":"kaljanas-voodoo-micro-black","status":"publish","type":"product","link":"https:\/\/hookahshop.lt\/lv\/produkt\/udenspipe-voodoo-mikro-melna\/","title":{"rendered":"\u016adensp\u012bpe VOODOO Micro Black"},"content":{"rendered":"<h2>\u016adensp\u012bpe VOODOO Micro Black<\/h2>\n<p>T\u0101 ir augstas kvalit\u0101tes un maza izm\u0113ra \u016bdensp\u012bpe. Izgatavots no ner\u016bs\u0113jo\u0161\u0101 t\u0113rauda, anod\u0113ta alum\u012bnija un augstas kvalit\u0101tes polim\u0113ra. Tas izce\u013cas ar savu izm\u0113ru, tikai 34 cm, ir praktisks, t\u0101p\u0113c varat to \u0146emt l\u012bdzi ce\u013cojum\u0101 vai atva\u013cin\u0101jum\u0101.<\/p>\n<p>Vai jums ir k\u0101di jaut\u0101jumi? Sazinies ar mums\u00a0<a href=\"https:\/\/hookahshop.lt\/lv\/kontaktiem\/\">kontaktu lapa<\/a>\u00a0vai rakstiet mums pa e-pastu\u00a0<a href=\"https:\/\/facebook.com\/HookahShop.lt\/\" target=\"_blank\" rel=\"noopener noreferrer\">Facebook konts<\/a>\u00a0un m\u0113s atbild\u0113sim uz j\u016bsu piepras\u012bjumu taj\u0101 pa\u0161\u0101 dien\u0101.<\/p>","protected":false},"excerpt":{"rendered":"<p>\u016adensp\u012bpe VOODOO Micro Black \u0160\u012b ir augstas kvalit\u0101tes un maza izm\u0113ra \u016bdensp\u012bpe. Izgatavots no ner\u016bs\u0113jo\u0161\u0101 t\u0113rauda, anod\u0113ta alum\u012bnija un augstas kvalit\u0101tes polim\u0113ra. Tas izce\u013cas ar izm\u0113ru, tikai 34 cm, ir praktisks, t\u0101p\u0113c var \u0146emt l\u012bdzi ce\u013cojum\u0101 vai atva\u013cin\u0101jum\u0101. Vai jums ir k\u0101di jaut\u0101jumi? Sazinieties ar mums kontaktu lap\u0101 vai rakstiet mums uz m\u016bsu Facebook kontu, un m\u0113s atbild\u0113sim uz j\u016bsu piepras\u012bjumu [\u2026]<\/p>","protected":false},"featured_media":19747,"comment_status":"open","ping_status":"closed","template":"","meta":[],"_links":{"self":[{"href":"https:\/\/hookahshop.lt\/lv\/wp-json\/wp\/v2\/product\/19746"}],"collection":[{"href":"https:\/\/hookahshop.lt\/lv\/wp-json\/wp\/v2\/product"}],"about":[{"href":"https:\/\/hookahshop.lt\/lv\/wp-json\/wp\/v2\/types\/product"}],"replies":[{"embeddable":true,"href":"https:\/\/hookahshop.lt\/lv\/wp-json\/wp\/v2\/comments?post=19746"}],"version-history":[{"count":3,"href":"https:\/\/hookahshop.lt\/lv\/wp-json\/wp\/v2\/product\/19746\/revisions"}],"predecessor-version":[{"id":22661,"href":"https:\/\/hookahshop.lt\/lv\/wp-json\/wp\/v2\/product\/19746\/revisions\/22661"}],"wp:featuredmedia":[{"embeddable":true,"href":"https:\/\/hookahshop.lt\/lv\/wp-json\/wp\/v2\/media\/19747"}],"wp:attachment":[{"href":"https:\/\/hookahshop.lt\/lv\/wp-json\/wp\/v2\/media?parent=19746"}],"curies":[{"name":"wp","href":"https:\/\/api.w.org\/{rel}","templated":true}]}}