{"id":19933,"date":"2021-03-04T21:09:06","date_gmt":"2021-03-04T19:09:06","guid":{"rendered":"https:\/\/hookahshop.lt\/?post_type=product&#038;p=19933"},"modified":"2026-04-21T23:29:34","modified_gmt":"2026-04-21T20:29:34","slug":"kandiklis-kaljanui-aliumininis-juodas","status":"publish","type":"product","link":"https:\/\/hookahshop.lt\/lv\/produkt\/iemuti-for-udenspipe-aluminija-melns\/","title":{"rendered":"\u016adensp\u012bpes iemutnis Alum\u012bnijs Melns"},"content":{"rendered":"<h2>\u016adensp\u012bpes iemutnis Alum\u012bnijs Melns<\/h2>\n<p>Viengabalains iemutis, kas piem\u0113rots gandr\u012bz vis\u0101m silikona \u0161\u013c\u016bten\u0113m. Piem\u0113rots da\u017e\u0101da veida vienreizlietojamiem iemutiem.<\/p>\n<p><strong>Specifik\u0101cija:<\/strong><br \/>\nGarums: 36,5 cm<br \/>\nPlatums: 1,2 cm<br \/>\nKr\u0101sa melna<\/p>\n<p>Vai jums ir k\u0101di jaut\u0101jumi? Sazinies ar mums\u00a0<a href=\"https:\/\/hookahshop.lt\/lv\/kontaktiem\/\">kontaktu lapa<\/a>\u00a0vai rakstiet mums pa e-pastu\u00a0<a href=\"https:\/\/facebook.com\/HookahShop.lt\/\" target=\"_blank\" rel=\"noopener noreferrer\">Facebook konts<\/a>\u00a0un m\u0113s atbild\u0113sim uz j\u016bsu piepras\u012bjumu taj\u0101 pa\u0161\u0101 dien\u0101.<\/p>","protected":false},"excerpt":{"rendered":"<p>Iemutis \u016bdensp\u012bpei Alum\u012bnijs Melns Viengabala integr\u0101ls iemutis, piem\u0113rots gandr\u012bz vis\u0101m silikona \u0161\u013c\u016bten\u0113m. Piem\u0113rots da\u017e\u0101da veida vienreizlietojamiem iemutiem. Specifik\u0101cija: Garums: 36,5 cm Platums: 1,2 cm Kr\u0101sa: Melns Vai ir k\u0101di jaut\u0101jumi? Sazinieties ar mums kontaktu lap\u0101 vai rakstiet mums uz m\u016bsu Facebook kontu un m\u0113s atbild\u0113sim uz j\u016bsu piepras\u012bjumu taj\u0101 pa\u0161\u0101 dien\u0101.<\/p>","protected":false},"featured_media":32010,"comment_status":"open","ping_status":"closed","template":"","meta":[],"_links":{"self":[{"href":"https:\/\/hookahshop.lt\/lv\/wp-json\/wp\/v2\/product\/19933"}],"collection":[{"href":"https:\/\/hookahshop.lt\/lv\/wp-json\/wp\/v2\/product"}],"about":[{"href":"https:\/\/hookahshop.lt\/lv\/wp-json\/wp\/v2\/types\/product"}],"replies":[{"embeddable":true,"href":"https:\/\/hookahshop.lt\/lv\/wp-json\/wp\/v2\/comments?post=19933"}],"version-history":[{"count":5,"href":"https:\/\/hookahshop.lt\/lv\/wp-json\/wp\/v2\/product\/19933\/revisions"}],"predecessor-version":[{"id":36722,"href":"https:\/\/hookahshop.lt\/lv\/wp-json\/wp\/v2\/product\/19933\/revisions\/36722"}],"wp:featuredmedia":[{"embeddable":true,"href":"https:\/\/hookahshop.lt\/lv\/wp-json\/wp\/v2\/media\/32010"}],"wp:attachment":[{"href":"https:\/\/hookahshop.lt\/lv\/wp-json\/wp\/v2\/media?parent=19933"}],"curies":[{"name":"wp","href":"https:\/\/api.w.org\/{rel}","templated":true}]}}