{"id":19937,"date":"2021-03-04T21:24:18","date_gmt":"2021-03-04T19:24:18","guid":{"rendered":"https:\/\/hookahshop.lt\/?post_type=product&#038;p=19937"},"modified":"2026-04-21T23:29:10","modified_gmt":"2026-04-21T20:29:10","slug":"anglys-kaljanui-oasis-25mm-1kg","status":"publish","type":"product","link":"https:\/\/hookahshop.lt\/lv\/produkt\/ogles-udenspipei-oazei-25mm-1kg\/","title":{"rendered":"Kokogles \u016bdensp\u012bpei OASIS 25mm 1kg"},"content":{"rendered":"<h2>Kokogles \u016bdensp\u012bpei OASIS 25mm 1kg<\/h2>\n<p>Ogles ir izgatavotas no 100% dab\u012bg\u0101m izejviel\u0101m p\u0113c unik\u0101las formulas. Izmantojot \u0161o augst\u0101k\u0101s kvalit\u0101tes oglekli, varat b\u016bt p\u0101rliecin\u0101ti par piln\u012bgu videi draudz\u012bgumu. Lai aizdedzin\u0101tu ogles, nepiecie\u0161ama elektrisk\u0101 pl\u012bts \u016bdensp\u012bpei, t\u016bristu g\u0101zes pl\u012bts utt.<\/p>\n<p>Vai jums ir k\u0101di jaut\u0101jumi? Sazinies ar mums\u00a0<a href=\"https:\/\/hookahshop.lt\/lv\/kontaktiem\/\">kontaktu lapa<\/a>\u00a0vai rakstiet mums pa e-pastu\u00a0<a href=\"https:\/\/facebook.com\/HookahShop.lt\/\" target=\"_blank\" rel=\"noopener noreferrer\">Facebook konts<\/a>\u00a0un m\u0113s atbild\u0113sim uz j\u016bsu piepras\u012bjumu taj\u0101 pa\u0161\u0101 dien\u0101.<\/p>","protected":false},"excerpt":{"rendered":"<p>Ogles \u016bdensp\u012bpei OASIS 25mm 1kg Ogles ir izgatavotas no 100% dab\u012bg\u0101m izejviel\u0101m p\u0113c unik\u0101las formulas, Ogles nodro\u0161ina augstu siltuma l\u012bmeni un sve\u0161as smakas un gar\u0161as neesam\u012bbu, k\u0101 ar\u012b neatst\u0101j daudz pelnu. Ar \u0161o augst\u0101k\u0101s kvalit\u0101tes oglekli j\u016bs varat b\u016bt p\u0101rliecin\u0101ti par piln\u012bgu videi draudz\u012bgumu. Lai aizdedzin\u0101tu ogles, nepiecie\u0161ama elektrisk\u0101 pl\u012bts \u016bdensp\u012bpei, t\u016bristu g\u0101zes pl\u012bts utt. Vai jums ir k\u0101di jaut\u0101jumi? [\u2026]<\/p>","protected":false},"featured_media":19938,"comment_status":"open","ping_status":"closed","template":"","meta":[],"_links":{"self":[{"href":"https:\/\/hookahshop.lt\/lv\/wp-json\/wp\/v2\/product\/19937"}],"collection":[{"href":"https:\/\/hookahshop.lt\/lv\/wp-json\/wp\/v2\/product"}],"about":[{"href":"https:\/\/hookahshop.lt\/lv\/wp-json\/wp\/v2\/types\/product"}],"replies":[{"embeddable":true,"href":"https:\/\/hookahshop.lt\/lv\/wp-json\/wp\/v2\/comments?post=19937"}],"version-history":[{"count":2,"href":"https:\/\/hookahshop.lt\/lv\/wp-json\/wp\/v2\/product\/19937\/revisions"}],"predecessor-version":[{"id":20557,"href":"https:\/\/hookahshop.lt\/lv\/wp-json\/wp\/v2\/product\/19937\/revisions\/20557"}],"wp:featuredmedia":[{"embeddable":true,"href":"https:\/\/hookahshop.lt\/lv\/wp-json\/wp\/v2\/media\/19938"}],"wp:attachment":[{"href":"https:\/\/hookahshop.lt\/lv\/wp-json\/wp\/v2\/media?parent=19937"}],"curies":[{"name":"wp","href":"https:\/\/api.w.org\/{rel}","templated":true}]}}