{"id":19941,"date":"2021-03-04T21:32:47","date_gmt":"2021-03-04T19:32:47","guid":{"rendered":"https:\/\/hookahshop.lt\/?post_type=product&#038;p=19941"},"modified":"2026-04-21T23:29:10","modified_gmt":"2026-04-21T20:29:10","slug":"anglys-kaljanui-oasis-kaloud-edition-1kg","status":"publish","type":"product","link":"https:\/\/hookahshop.lt\/lv\/produkt\/ogles-for-udenspipe-oasis-kaloud-izdevums-1kg\/","title":{"rendered":"Kokogles \u016bdensp\u012bpei OASIS Kaloud Edition 1kg"},"content":{"rendered":"<h2>Kokogles \u016bdensp\u012bpei OASIS Kaloud Edition 1kg<\/h2>\n<p>Ra\u017eot\u0101js ir rad\u012bjis \u012bpa\u0161as formas ogles, kas lieliski iederas un iederas siltuma kamer\u0101. Ogles ir izgatavotas no 100% dab\u012bg\u0101m izejviel\u0101m p\u0113c unik\u0101las formulas. Izmantojot \u0161o augst\u0101k\u0101s kvalit\u0101tes oglekli, varat b\u016bt p\u0101rliecin\u0101ti par piln\u012bgu videi draudz\u012bgumu.<\/p>\n<p>Vai jums ir k\u0101di jaut\u0101jumi? Sazinies ar mums\u00a0<a href=\"https:\/\/hookahshop.lt\/lv\/kontaktiem\/\">kontaktu lapa<\/a>\u00a0vai rakstiet mums pa e-pastu\u00a0<a href=\"https:\/\/facebook.com\/HookahShop.lt\/\" target=\"_blank\" rel=\"noopener noreferrer\">Facebook konts<\/a>\u00a0un m\u0113s atbild\u0113sim uz j\u016bsu piepras\u012bjumu taj\u0101 pa\u0161\u0101 dien\u0101.<\/p>","protected":false},"excerpt":{"rendered":"<p>Ogleklis \u016bdensp\u012bpei OASIS Kaloud Edition 1kg Ra\u017eot\u0101js ir rad\u012bjis \u012bpa\u0161as formas ogles, kas lieliski iederas un ir piem\u0113rotas siltuma kamerai. Ogles ir izgatavotas no 100% dab\u012bg\u0101m izejviel\u0101m p\u0113c unik\u0101las formulas. Izmantojot \u0161o augst\u0101k\u0101s kvalit\u0101tes oglekli, varat b\u016bt p\u0101rliecin\u0101ti par piln\u012bgu videi draudz\u012bgumu. Tev ir [\u2026]<\/p>","protected":false},"featured_media":19942,"comment_status":"open","ping_status":"closed","template":"","meta":[],"_links":{"self":[{"href":"https:\/\/hookahshop.lt\/lv\/wp-json\/wp\/v2\/product\/19941"}],"collection":[{"href":"https:\/\/hookahshop.lt\/lv\/wp-json\/wp\/v2\/product"}],"about":[{"href":"https:\/\/hookahshop.lt\/lv\/wp-json\/wp\/v2\/types\/product"}],"replies":[{"embeddable":true,"href":"https:\/\/hookahshop.lt\/lv\/wp-json\/wp\/v2\/comments?post=19941"}],"version-history":[{"count":2,"href":"https:\/\/hookahshop.lt\/lv\/wp-json\/wp\/v2\/product\/19941\/revisions"}],"predecessor-version":[{"id":20558,"href":"https:\/\/hookahshop.lt\/lv\/wp-json\/wp\/v2\/product\/19941\/revisions\/20558"}],"wp:featuredmedia":[{"embeddable":true,"href":"https:\/\/hookahshop.lt\/lv\/wp-json\/wp\/v2\/media\/19942"}],"wp:attachment":[{"href":"https:\/\/hookahshop.lt\/lv\/wp-json\/wp\/v2\/media?parent=19941"}],"curies":[{"name":"wp","href":"https:\/\/api.w.org\/{rel}","templated":true}]}}