{"id":19962,"date":"2021-03-05T22:07:36","date_gmt":"2021-03-05T20:07:36","guid":{"rendered":"https:\/\/hookahshop.lt\/?post_type=product&#038;p=19962"},"modified":"2026-04-17T23:29:09","modified_gmt":"2026-04-17T20:29:09","slug":"gaubtas-taureles-kaitinimui-blade-hookah","status":"publish","type":"product","link":"https:\/\/hookahshop.lt\/lv\/produkt\/nosucejs-glazes-apkurei-asmens-udenspipe\/","title":{"rendered":"Kausa sild\u012b\u0161anas kauss BLADE HOOKAH"},"content":{"rendered":"<h2>Kausa sild\u012b\u0161anas kauss BLADE HOOKAH<\/h2>\n<p>Pasarg\u0101 no v\u0113ja, baudot \u0101ra \u016bdensp\u012bpes sesiju. To var izmantot k\u0101 aizsardz\u012bbu pret og\u013cu kri\u0161anu, k\u0101 ar\u012b tas pa\u0101trina \u016bdensp\u012bpes gatavo\u0161anas laiku, t\u0101p\u0113c v\u0113lams to lietot p\u0113c og\u013cu uzvilk\u0161anas nodarb\u012bbas s\u0101kum\u0101. Pateicoties robiem s\u0101nos, ogles neizdegs, bet ar\u012b nep\u0101rkars\u012bs.<\/p>\n<p>Vai jums ir k\u0101di jaut\u0101jumi? Sazinies ar mums\u00a0<a href=\"https:\/\/hookahshop.lt\/lv\/kontaktiem\/\">kontaktu lapa<\/a>\u00a0vai rakstiet mums pa e-pastu\u00a0<a href=\"https:\/\/facebook.com\/HookahShop.lt\/\" target=\"_blank\" rel=\"noopener noreferrer\">Facebook konts<\/a>\u00a0un m\u0113s atbild\u0113sim uz j\u016bsu piepras\u012bjumu taj\u0101 pa\u0161\u0101 dien\u0101.<\/p>","protected":false},"excerpt":{"rendered":"<p>BLADE HOOKAH kr\u016bzes apsildes nos\u016bc\u0113js Aizsarg\u0101 no v\u0113ja, baudot \u016bdensp\u012bpes sesiju \u0101r\u0101. To var izmantot k\u0101 aizsardz\u012bbu pret og\u013cu nokri\u0161anu, k\u0101 ar\u012b tas pa\u0101trina \u016bdensp\u012bpes gatavo\u0161anas laiku, t\u0101p\u0113c v\u0113lams to lietot seansa s\u0101kum\u0101 ar iesl\u0113gtiem ogl\u0113m. Pateicoties robiem s\u0101nos, ogles neizdegs, bet ar\u012b nep\u0101rkars\u012bs. Vai jums ir k\u0101di jaut\u0101jumi? Sazinieties ar mums kontaktu lap\u0101 vai rakstiet mums uz m\u016bsu Facebook kontu, un m\u0113s atbild\u0113sim uz j\u016bsu piepras\u012bjumu [\u2026]<\/p>","protected":false},"featured_media":19963,"comment_status":"open","ping_status":"closed","template":"","meta":[],"_links":{"self":[{"href":"https:\/\/hookahshop.lt\/lv\/wp-json\/wp\/v2\/product\/19962"}],"collection":[{"href":"https:\/\/hookahshop.lt\/lv\/wp-json\/wp\/v2\/product"}],"about":[{"href":"https:\/\/hookahshop.lt\/lv\/wp-json\/wp\/v2\/types\/product"}],"replies":[{"embeddable":true,"href":"https:\/\/hookahshop.lt\/lv\/wp-json\/wp\/v2\/comments?post=19962"}],"version-history":[{"count":4,"href":"https:\/\/hookahshop.lt\/lv\/wp-json\/wp\/v2\/product\/19962\/revisions"}],"predecessor-version":[{"id":33073,"href":"https:\/\/hookahshop.lt\/lv\/wp-json\/wp\/v2\/product\/19962\/revisions\/33073"}],"wp:featuredmedia":[{"embeddable":true,"href":"https:\/\/hookahshop.lt\/lv\/wp-json\/wp\/v2\/media\/19963"}],"wp:attachment":[{"href":"https:\/\/hookahshop.lt\/lv\/wp-json\/wp\/v2\/media?parent=19962"}],"curies":[{"name":"wp","href":"https:\/\/api.w.org\/{rel}","templated":true}]}}