{"id":19966,"date":"2021-03-05T22:20:27","date_gmt":"2021-03-05T20:20:27","guid":{"rendered":"https:\/\/hookahshop.lt\/?post_type=product&#038;p=19966"},"modified":"2026-04-14T23:29:01","modified_gmt":"2026-04-14T20:29:01","slug":"kaljano-tarpines-o-formos","status":"publish","type":"product","link":"https:\/\/hookahshop.lt\/lv\/produkt\/udenspipe-intermediate-o-formas\/","title":{"rendered":"\u016adensp\u012bpes starpposma O formas"},"content":{"rendered":"<h2>\u016adensp\u012bpes starpposma O formas<\/h2>\n<p>O-gredzenu komplekts. \u0160ie gredzeni ir paredz\u0113ti, lai cie\u0161i savienotu \u0161\u013c\u016bteni vai citas \u016bdensp\u012bpes da\u013cas ar v\u012btni. Komplekt\u0101 ir 5 gab.<\/p>\n<p>Izm\u0113ri: no 1cm un liel\u0101ki.<\/p>\n<p>Vai jums ir k\u0101di jaut\u0101jumi? Sazinies ar mums\u00a0<a href=\"https:\/\/hookahshop.lt\/lv\/kontaktiem\/\">kontaktu lapa<\/a>\u00a0vai rakstiet mums pa e-pastu\u00a0<a href=\"https:\/\/facebook.com\/HookahShop.lt\/\" target=\"_blank\" rel=\"noopener noreferrer\">Facebook konts<\/a>\u00a0un m\u0113s atbild\u0113sim uz j\u016bsu piepras\u012bjumu taj\u0101 pa\u0161\u0101 dien\u0101.<\/p>\n<p>&nbsp;<\/p>","protected":false},"excerpt":{"rendered":"<p>\u016adensp\u012bpes starpposma O veida gredzena komplekts. \u0160ie gredzeni ir paredz\u0113ti, lai cie\u0161i savienotu \u0161\u013c\u016bteni vai citas \u016bdensp\u012bpes da\u013cas ar v\u012btni. Komplekt\u0101 ir 5 gab. Izm\u0113ri: no 1cm un liel\u0101ki. Vai jums ir k\u0101di jaut\u0101jumi? Sazinieties ar mums kontaktu lap\u0101 vai rakstiet mums uz m\u016bsu Facebook kontu un m\u0113s atbild\u0113sim uz j\u016bsu piepras\u012bjumu taj\u0101 pa\u0161\u0101 dien\u0101. &nbsp;<\/p>","protected":false},"featured_media":19967,"comment_status":"open","ping_status":"closed","template":"","meta":[],"_links":{"self":[{"href":"https:\/\/hookahshop.lt\/lv\/wp-json\/wp\/v2\/product\/19966"}],"collection":[{"href":"https:\/\/hookahshop.lt\/lv\/wp-json\/wp\/v2\/product"}],"about":[{"href":"https:\/\/hookahshop.lt\/lv\/wp-json\/wp\/v2\/types\/product"}],"replies":[{"embeddable":true,"href":"https:\/\/hookahshop.lt\/lv\/wp-json\/wp\/v2\/comments?post=19966"}],"version-history":[{"count":4,"href":"https:\/\/hookahshop.lt\/lv\/wp-json\/wp\/v2\/product\/19966\/revisions"}],"predecessor-version":[{"id":45467,"href":"https:\/\/hookahshop.lt\/lv\/wp-json\/wp\/v2\/product\/19966\/revisions\/45467"}],"wp:featuredmedia":[{"embeddable":true,"href":"https:\/\/hookahshop.lt\/lv\/wp-json\/wp\/v2\/media\/19967"}],"wp:attachment":[{"href":"https:\/\/hookahshop.lt\/lv\/wp-json\/wp\/v2\/media?parent=19966"}],"curies":[{"name":"wp","href":"https:\/\/api.w.org\/{rel}","templated":true}]}}