{"id":19974,"date":"2021-03-05T22:46:20","date_gmt":"2021-03-05T20:46:20","guid":{"rendered":"https:\/\/hookahshop.lt\/?post_type=product&#038;p=19974"},"modified":"2026-04-06T23:29:18","modified_gmt":"2026-04-06T20:29:18","slug":"znyples-kaljano-anglims-aladin-wing","status":"publish","type":"product","link":"https:\/\/hookahshop.lt\/lv\/produkt\/knaibles-udenspipe-ogle-aladins-sparns\/","title":{"rendered":"\u016adensp\u012bpes kokogles knaibles ALADIN Wing"},"content":{"rendered":"<h2>\u016adensp\u012bpes kokogles knaibles ALADIN Wing<\/h2>\n<p>Eksotiskais un novatoriskais dizains nodro\u0161ina daudzveid\u012bbu knaibles m\u0101j\u0101s. Ar\u012b knaibles biezums un materi\u0101ls ir apzin\u0101ti izv\u0113l\u0113ts, lai nodro\u0161in\u0101tu maksim\u0101lu stabilit\u0101ti. Tas ir paman\u0101ms ar\u012b, darbinot knaibles, kuras j\u0101darbina ar liel\u0101ku sp\u0113ku nek\u0101 parastaj\u0101m oglek\u013ca knaibl\u0113m. Garums: 23 cm.<\/p>\n<p>Vai jums ir k\u0101di jaut\u0101jumi? Sazinies ar mums\u00a0<a href=\"https:\/\/hookahshop.lt\/lv\/kontaktiem\/\">kontaktu lapa<\/a>\u00a0vai rakstiet mums pa e-pastu\u00a0<a href=\"https:\/\/facebook.com\/HookahShop.lt\/\" target=\"_blank\" rel=\"noopener noreferrer\">Facebook konts<\/a>\u00a0un m\u0113s atbild\u0113sim uz j\u016bsu piepras\u012bjumu taj\u0101 pa\u0161\u0101 dien\u0101.<\/p>","protected":false},"excerpt":{"rendered":"<p>Knaibles \u016bdensp\u012bpes ogl\u0113m ALADIN Wing Eksotisks un inovat\u012bvs dizains nodro\u0161ina daudzveid\u012bgu knaibles sortimentu m\u0101j\u0101s. Ar\u012b knaibles biezums un materi\u0101ls ir apzin\u0101ti izv\u0113l\u0113ts, lai nodro\u0161in\u0101tu maksim\u0101lu stabilit\u0101ti. Tas ir paman\u0101ms ar\u012b, darbinot knaibles, kuras j\u0101darbina ar liel\u0101ku sp\u0113ku nek\u0101 parastaj\u0101m oglek\u013ca knaibl\u0113m. Garums: 23 cm. Vai jums ir k\u0101di jaut\u0101jumi? Sazinieties ar mums kontaktu lap\u0101 vai rakstiet mums [...]<\/p>","protected":false},"featured_media":19975,"comment_status":"open","ping_status":"closed","template":"","meta":[],"_links":{"self":[{"href":"https:\/\/hookahshop.lt\/lv\/wp-json\/wp\/v2\/product\/19974"}],"collection":[{"href":"https:\/\/hookahshop.lt\/lv\/wp-json\/wp\/v2\/product"}],"about":[{"href":"https:\/\/hookahshop.lt\/lv\/wp-json\/wp\/v2\/types\/product"}],"replies":[{"embeddable":true,"href":"https:\/\/hookahshop.lt\/lv\/wp-json\/wp\/v2\/comments?post=19974"}],"version-history":[{"count":5,"href":"https:\/\/hookahshop.lt\/lv\/wp-json\/wp\/v2\/product\/19974\/revisions"}],"predecessor-version":[{"id":45446,"href":"https:\/\/hookahshop.lt\/lv\/wp-json\/wp\/v2\/product\/19974\/revisions\/45446"}],"wp:featuredmedia":[{"embeddable":true,"href":"https:\/\/hookahshop.lt\/lv\/wp-json\/wp\/v2\/media\/19975"}],"wp:attachment":[{"href":"https:\/\/hookahshop.lt\/lv\/wp-json\/wp\/v2\/media?parent=19974"}],"curies":[{"name":"wp","href":"https:\/\/api.w.org\/{rel}","templated":true}]}}