{"id":19978,"date":"2021-03-06T00:27:40","date_gmt":"2021-03-05T22:27:40","guid":{"rendered":"https:\/\/hookahshop.lt\/?post_type=product&#038;p=19978"},"modified":"2026-04-24T23:28:46","modified_gmt":"2026-04-24T20:28:46","slug":"kaljanas-alpha-hookah-s-dark-blue","status":"publish","type":"product","link":"https:\/\/hookahshop.lt\/lv\/produkt\/udenspipe-alfa-udenspipe-s-tumsi-zils\/","title":{"rendered":"\u016adensp\u012bpe ALPHA HOOKAH S Tum\u0161i zila"},"content":{"rendered":"<h2>\u016adensp\u012bpe ALPHA HOOKAH S Tum\u0161i zila<\/h2>\n<p>Alpha Hookah Model S, Gada \u016bdensp\u012bpe p\u0113c John Calliano Awards 2018 un Hookah Club Show 2020.<\/p>\n<p>\u012apa\u0161u uzman\u012bbu piev\u0113r\u0161ot visu \u016bdensp\u012bpes elementu kvalit\u0101tei, Alpha Hookah rada minim\u0101listiska dizaina, bet \u013coti harizm\u0101tiskus mode\u013cus lieto\u0161anai m\u0101j\u0101s un iest\u0101d\u0113s.<br \/>\nJa v\u0113laties ne tikai sm\u0113\u0137\u0113\u0161anas piederumu funkcionalit\u0101ti, bet ar\u012b \u0101r\u0113j\u0101s priek\u0161roc\u012bbas, Alpha Hookah S ir v\u0113rts ieg\u0101d\u0101ties. Jebkur\u0161 s\u0113rijas modelis var k\u013c\u016bt par \u012bstu kluba vai restor\u0101na z\u0101les rot\u0101jumu un harmoniski harmoniz\u0113sies ar lauku m\u0101jas vai pils\u0113tas dz\u012bvok\u013ca k\u016bpin\u0101tavas iek\u0161\u0113jo apdari.<\/p>\n<p>Raksturojums:<br \/>\n- Augstums 500 mm<br \/>\n\u2013 Anod\u0113ta alum\u012bnija apdare, kr\u0101sota ar notur\u012bgu kr\u0101su.<br \/>\n\u2013 Pamatne ir izgatavota no v\u0101cu poliacet\u0101la ar ori\u0123in\u0101lo att\u012br\u012b\u0161anas sist\u0113mu<br \/>\n\u2013 No\u0146emams difuzors<br \/>\n- Magn\u0113tiskais savienojums<\/p>\n<p><strong>Apr\u012bkojums:<\/strong><br \/>\nV\u0101rpsta, pl\u0101ksne, \u0161\u013c\u016btene, iemutnis, bl\u012bves.<\/p>\n<p>Vai jums ir k\u0101di jaut\u0101jumi? Sazinies ar mums\u00a0<a href=\"https:\/\/hookahshop.lt\/lv\/kontaktiem\/\">kontaktu lapa<\/a>\u00a0vai rakstiet mums pa e-pastu\u00a0<a href=\"https:\/\/facebook.com\/HookahShop.lt\/\" target=\"_blank\" rel=\"noopener noreferrer\">Facebook konts<\/a>\u00a0un m\u0113s atbild\u0113sim uz j\u016bsu piepras\u012bjumu taj\u0101 pa\u0161\u0101 dien\u0101.<\/p>\n<p>&nbsp;<\/p>","protected":false},"excerpt":{"rendered":"<p>\u016adensp\u012bpe ALPHA HOOKAH S tum\u0161i zila &quot;Alpha Hookah Model S&quot;, &quot;Gada \u016bdensp\u012bpe&quot; saska\u0146\u0101 ar &quot;John Calliano Awards 2018&quot; un &quot;Hookah Club Show 2020&quot;. Piev\u0113r\u0161ot \u012bpa\u0161u uzman\u012bbu visu \u016bdensp\u012bpes elementu kvalit\u0101tei, &quot;Alpha Hookah&quot; rada minim\u0101listiskus, tom\u0113r \u013coti harizm\u0101tiskus mode\u013cus lieto\u0161anai m\u0101j\u0101s un iest\u0101d\u0113s. Ja dodat priek\u0161roku ne tikai funkcionalit\u0101tei, bet ar\u012b \u0101r\u0113jiem sm\u0113\u0137\u0113\u0161anas piederumiem [\u2026]<\/p>","protected":false},"featured_media":19979,"comment_status":"open","ping_status":"closed","template":"","meta":[],"_links":{"self":[{"href":"https:\/\/hookahshop.lt\/lv\/wp-json\/wp\/v2\/product\/19978"}],"collection":[{"href":"https:\/\/hookahshop.lt\/lv\/wp-json\/wp\/v2\/product"}],"about":[{"href":"https:\/\/hookahshop.lt\/lv\/wp-json\/wp\/v2\/types\/product"}],"replies":[{"embeddable":true,"href":"https:\/\/hookahshop.lt\/lv\/wp-json\/wp\/v2\/comments?post=19978"}],"version-history":[{"count":5,"href":"https:\/\/hookahshop.lt\/lv\/wp-json\/wp\/v2\/product\/19978\/revisions"}],"predecessor-version":[{"id":43310,"href":"https:\/\/hookahshop.lt\/lv\/wp-json\/wp\/v2\/product\/19978\/revisions\/43310"}],"wp:featuredmedia":[{"embeddable":true,"href":"https:\/\/hookahshop.lt\/lv\/wp-json\/wp\/v2\/media\/19979"}],"wp:attachment":[{"href":"https:\/\/hookahshop.lt\/lv\/wp-json\/wp\/v2\/media?parent=19978"}],"curies":[{"name":"wp","href":"https:\/\/api.w.org\/{rel}","templated":true}]}}