{"id":19982,"date":"2021-03-06T00:42:14","date_gmt":"2021-03-05T22:42:14","guid":{"rendered":"https:\/\/hookahshop.lt\/?post_type=product&#038;p=19982"},"modified":"2026-04-18T23:28:40","modified_gmt":"2026-04-18T20:28:40","slug":"kaljanas-alpha-hookah-s-green-candy","status":"publish","type":"product","link":"https:\/\/hookahshop.lt\/lv\/produkt\/udenspipe-alfa-udenspipe-s-zala-konfekte\/","title":{"rendered":"\u016adensp\u012bpe ALPHA HOOKAH S Green Candy"},"content":{"rendered":"<h2>\u016adensp\u012bpe ALPHA HOOKAH S Green Candy<\/h2>\n<p>Alpha Hookah Model S, Gada \u016bdensp\u012bpe p\u0113c John Calliano Awards 2018 un Hookah Club Show 2020.<\/p>\n<p>\u012apa\u0161u uzman\u012bbu piev\u0113r\u0161ot visu \u016bdensp\u012bpes elementu kvalit\u0101tei, Alpha Hookah rada minim\u0101listiska dizaina, bet \u013coti harizm\u0101tiskus mode\u013cus lieto\u0161anai m\u0101j\u0101s un iest\u0101d\u0113s.<br \/>\nJa v\u0113laties ne tikai sm\u0113\u0137\u0113\u0161anas piederumu funkcionalit\u0101ti, bet ar\u012b \u0101r\u0113j\u0101s priek\u0161roc\u012bbas, Alpha Hookah S ir v\u0113rts ieg\u0101d\u0101ties. Jebkur\u0161 s\u0113rijas modelis var k\u013c\u016bt par \u012bstu kluba vai restor\u0101na z\u0101les rot\u0101jumu un harmoniski harmoniz\u0113sies ar lauku m\u0101jas vai pils\u0113tas dz\u012bvok\u013ca k\u016bpin\u0101tavas iek\u0161\u0113jo apdari.<\/p>\n<p>Raksturojums:<br \/>\n- Augstums 500 mm<br \/>\n\u2013 Anod\u0113ta alum\u012bnija apdare, kr\u0101sota ar notur\u012bgu kr\u0101su.<br \/>\n\u2013 Pamatne ir izgatavota no v\u0101cu poliacet\u0101la ar ori\u0123in\u0101lo att\u012br\u012b\u0161anas sist\u0113mu<br \/>\n\u2013 No\u0146emams difuzors<br \/>\n- Magn\u0113tiskais savienojums<\/p>\n<p><strong>Apr\u012bkojums:<\/strong><br \/>\nV\u0101rpsta, pl\u0101ksne, \u0161\u013c\u016btene, iemutnis, bl\u012bves.<\/p>\n<p>Vai jums ir k\u0101di jaut\u0101jumi? Sazinies ar mums\u00a0<a href=\"https:\/\/hookahshop.lt\/lv\/kontaktiem\/\">kontaktu lapa<\/a>\u00a0vai rakstiet mums pa e-pastu\u00a0<a href=\"https:\/\/facebook.com\/HookahShop.lt\/\" target=\"_blank\" rel=\"noopener noreferrer\">Facebook konts<\/a>\u00a0un m\u0113s atbild\u0113sim uz j\u016bsu piepras\u012bjumu taj\u0101 pa\u0161\u0101 dien\u0101.<\/p>","protected":false},"excerpt":{"rendered":"<p>\u016adensp\u012bpe ALPHA HOOKAH S Green Candy \u201cAlpha Hookah Model S\u201d, \u201cGada \u016bdensp\u012bpe\u201d saska\u0146\u0101 ar \u201cJohn Calliano Awards 2018\u201d un \u201cHookah Club Show 2020\u201d. Piev\u0113r\u0161ot \u012bpa\u0161u uzman\u012bbu visu \u016bdensp\u012bpes elementu kvalit\u0101tei, \u201cAlpha Hookah\u201d rada minim\u0101listiskus, tom\u0113r \u013coti harizm\u0101tiskus mode\u013cus lieto\u0161anai m\u0101j\u0101s un iest\u0101d\u0113s. Ja dodat priek\u0161roku ne tikai funkcionalit\u0101tei, bet ar\u012b \u0101r\u0113jiem sm\u0113\u0137\u0113\u0161anas aksesu\u0101riem [\u2026]<\/p>","protected":false},"featured_media":19994,"comment_status":"open","ping_status":"closed","template":"","meta":[],"_links":{"self":[{"href":"https:\/\/hookahshop.lt\/lv\/wp-json\/wp\/v2\/product\/19982"}],"collection":[{"href":"https:\/\/hookahshop.lt\/lv\/wp-json\/wp\/v2\/product"}],"about":[{"href":"https:\/\/hookahshop.lt\/lv\/wp-json\/wp\/v2\/types\/product"}],"replies":[{"embeddable":true,"href":"https:\/\/hookahshop.lt\/lv\/wp-json\/wp\/v2\/comments?post=19982"}],"version-history":[{"count":5,"href":"https:\/\/hookahshop.lt\/lv\/wp-json\/wp\/v2\/product\/19982\/revisions"}],"predecessor-version":[{"id":42297,"href":"https:\/\/hookahshop.lt\/lv\/wp-json\/wp\/v2\/product\/19982\/revisions\/42297"}],"wp:featuredmedia":[{"embeddable":true,"href":"https:\/\/hookahshop.lt\/lv\/wp-json\/wp\/v2\/media\/19994"}],"wp:attachment":[{"href":"https:\/\/hookahshop.lt\/lv\/wp-json\/wp\/v2\/media?parent=19982"}],"curies":[{"name":"wp","href":"https:\/\/api.w.org\/{rel}","templated":true}]}}