{"id":20194,"date":"2021-03-07T01:30:11","date_gmt":"2021-03-06T23:30:11","guid":{"rendered":"https:\/\/hookahshop.lt\/?post_type=product&#038;p=20194"},"modified":"2026-04-14T23:29:01","modified_gmt":"2026-04-14T20:29:01","slug":"kandiklis-kaljanui-karma-yellow","status":"publish","type":"product","link":"https:\/\/hookahshop.lt\/lv\/produkt\/iemuti-for-udenspipe-karma-dzeltens\/","title":{"rendered":"Iemutnis \u016bdensp\u012bpei KARMA Yellow"},"content":{"rendered":"<h2>Iemutnis \u016bdensp\u012bpei KARMA Yellow<\/h2>\n<p>T\u0101 ir turku stila kombin\u0101cija ar ori\u0123in\u0101lu dizainu. No iek\u0161puses izgatavots no p\u0101rtikas kvalit\u0101tes ner\u016bs\u0113jo\u0161\u0101 t\u0113rauda, no \u0101rpuses ar koka riekstkoka dekoru, p\u0101rkl\u0101ts ar aizsarglaku. Pateicoties p\u0101rkl\u0101jumam ar vair\u0101kiem lakas sl\u0101\u0146iem, tas kalpos \u013coti ilgi, nemainot galveno kr\u0101su. Unik\u0101lais dizains un augst\u0101k\u0101s kvalit\u0101tes materi\u0101li neatst\u0101s j\u016bs vienaldz\u012bgus. Komplekt\u0101 ar silikona \u0161\u013c\u016bteni.<\/p>\n<p><strong>Raksturojums:<\/strong><br \/>\nTrok\u0161\u0146a sl\u0101p\u0113t\u0101ja garums: 430 mm<br \/>\nIek\u0161\u0113jais iemutnis: 10 mm<br \/>\n\u0160\u013c\u016btenes garums: 150 mm<br \/>\n\u0160\u013c\u016btenes \u0101r\u0113jais diametrs: 17mm<br \/>\nIek\u0161\u0113jais \u0161\u013c\u016btenes diametrs: 11mm<br \/>\n\u0160\u013c\u016btene: m\u012bksts piesk\u0101riens<br \/>\nIzp\u016bt\u0113ja un \u0161\u013c\u016btenes svars: aptuveni 425 grami<\/p>\n<p>Vai jums ir k\u0101di jaut\u0101jumi? Sazinies ar mums\u00a0<a href=\"https:\/\/hookahshop.lt\/lv\/kontaktiem\/\">kontaktu lapa<\/a>\u00a0vai rakstiet mums pa e-pastu\u00a0<a href=\"https:\/\/facebook.com\/HookahShop.lt\/\" target=\"_blank\" rel=\"noopener noreferrer\">Facebook konts<\/a>\u00a0un m\u0113s atbild\u0113sim uz j\u016bsu piepras\u012bjumu taj\u0101 pa\u0161\u0101 dien\u0101.<\/p>","protected":false},"excerpt":{"rendered":"<p>\u016adensp\u012bpei KARMA Dzeltens ir turku stila kombin\u0101cija ar ori\u0123in\u0101lu dizainu. No iek\u0161puses izgatavots no p\u0101rtikas kvalit\u0101tes ner\u016bs\u0113jo\u0161\u0101 t\u0113rauda, no \u0101rpuses ar koka riekstkoka dekoru, p\u0101rkl\u0101ts ar aizsarglaku. Pateicoties p\u0101rkl\u0101jumam ar vair\u0101kiem lakas sl\u0101\u0146iem, tas kalpos \u013coti ilgi, nemainot galveno kr\u0101su. Unik\u0101lais dizains un augst\u0101k\u0101s kvalit\u0101tes materi\u0101li neatst\u0101s j\u016bs vienaldz\u012bgus. Komplekt\u0101 ar silikona \u0161\u013c\u016bteni. Raksturojums: Izp\u016bt\u0113ja garums: 430 mm [\u2026]<\/p>","protected":false},"featured_media":20195,"comment_status":"open","ping_status":"closed","template":"","meta":[],"_links":{"self":[{"href":"https:\/\/hookahshop.lt\/lv\/wp-json\/wp\/v2\/product\/20194"}],"collection":[{"href":"https:\/\/hookahshop.lt\/lv\/wp-json\/wp\/v2\/product"}],"about":[{"href":"https:\/\/hookahshop.lt\/lv\/wp-json\/wp\/v2\/types\/product"}],"replies":[{"embeddable":true,"href":"https:\/\/hookahshop.lt\/lv\/wp-json\/wp\/v2\/comments?post=20194"}],"version-history":[{"count":4,"href":"https:\/\/hookahshop.lt\/lv\/wp-json\/wp\/v2\/product\/20194\/revisions"}],"predecessor-version":[{"id":37129,"href":"https:\/\/hookahshop.lt\/lv\/wp-json\/wp\/v2\/product\/20194\/revisions\/37129"}],"wp:featuredmedia":[{"embeddable":true,"href":"https:\/\/hookahshop.lt\/lv\/wp-json\/wp\/v2\/media\/20195"}],"wp:attachment":[{"href":"https:\/\/hookahshop.lt\/lv\/wp-json\/wp\/v2\/media?parent=20194"}],"curies":[{"name":"wp","href":"https:\/\/api.w.org\/{rel}","templated":true}]}}