{"id":20198,"date":"2021-03-07T01:52:12","date_gmt":"2021-03-06T23:52:12","guid":{"rendered":"https:\/\/hookahshop.lt\/?post_type=product&#038;p=20198"},"modified":"2026-04-14T23:28:41","modified_gmt":"2026-04-14T20:28:41","slug":"individualus-kaljano-kandiklis-cvp-yellow-2117","status":"publish","type":"product","link":"https:\/\/hookahshop.lt\/lv\/produkt\/pasutijuma-udenspipes-iemuti-cvp-yellow-2117\/","title":{"rendered":"Individu\u0101ls \u016bdensp\u012bpes iemutnis CVP Yellow 2117"},"content":{"rendered":"<h2>Individu\u0101lais \u016bdensp\u012bpes iemutnis CVP Yellow 2117<\/h2>\n<p>Dizainera iemuts, rotaslietas, amerik\u0101\u0146u akrils, bronzas gredzens un medaljons ar ra\u017eot\u0101ja logo. Aukla ir tekstila. Kr\u0101sa ir dzeltena.<\/p>\n<p>Vai jums ir k\u0101di jaut\u0101jumi? Sazinies ar mums\u00a0<a href=\"https:\/\/hookahshop.lt\/lv\/kontaktiem\/\">kontaktu lapa<\/a>\u00a0vai rakstiet mums pa e-pastu\u00a0<a href=\"https:\/\/facebook.com\/HookahShop.lt\/\" target=\"_blank\" rel=\"noopener noreferrer\">Facebook konts<\/a>\u00a0un m\u0113s atbild\u0113sim uz j\u016bsu piepras\u012bjumu taj\u0101 pa\u0161\u0101 dien\u0101.<\/p>","protected":false},"excerpt":{"rendered":"<p>Individu\u0101ls \u016bdensp\u012bpes iemutis CVP Yellow 2117 Dizainera iemutis, rotaslieta, amerik\u0101\u0146u akrils, bronzas gredzens un medaljons ar ra\u017eot\u0101ja logotipu. Auka - tekstils. Kr\u0101sa - dzeltena. Vai jums ir k\u0101di jaut\u0101jumi? Sazinieties ar mums kontaktlap\u0101 vai rakstiet mums Facebook, un m\u0113s atbild\u0113sim uz j\u016bsu piepras\u012bjumu taj\u0101 pa\u0161\u0101 dien\u0101.<\/p>","protected":false},"featured_media":20199,"comment_status":"open","ping_status":"closed","template":"","meta":[],"_links":{"self":[{"href":"https:\/\/hookahshop.lt\/lv\/wp-json\/wp\/v2\/product\/20198"}],"collection":[{"href":"https:\/\/hookahshop.lt\/lv\/wp-json\/wp\/v2\/product"}],"about":[{"href":"https:\/\/hookahshop.lt\/lv\/wp-json\/wp\/v2\/types\/product"}],"replies":[{"embeddable":true,"href":"https:\/\/hookahshop.lt\/lv\/wp-json\/wp\/v2\/comments?post=20198"}],"version-history":[{"count":6,"href":"https:\/\/hookahshop.lt\/lv\/wp-json\/wp\/v2\/product\/20198\/revisions"}],"predecessor-version":[{"id":36748,"href":"https:\/\/hookahshop.lt\/lv\/wp-json\/wp\/v2\/product\/20198\/revisions\/36748"}],"wp:featuredmedia":[{"embeddable":true,"href":"https:\/\/hookahshop.lt\/lv\/wp-json\/wp\/v2\/media\/20199"}],"wp:attachment":[{"href":"https:\/\/hookahshop.lt\/lv\/wp-json\/wp\/v2\/media?parent=20198"}],"curies":[{"name":"wp","href":"https:\/\/api.w.org\/{rel}","templated":true}]}}