{"id":20202,"date":"2021-03-07T01:57:07","date_gmt":"2021-03-06T23:57:07","guid":{"rendered":"https:\/\/hookahshop.lt\/?post_type=product&#038;p=20202"},"modified":"2026-04-22T23:28:48","modified_gmt":"2026-04-22T20:28:48","slug":"individualus-kaljano-kandiklis-cvp-red-2110","status":"publish","type":"product","link":"https:\/\/hookahshop.lt\/lv\/produkt\/custom-hookah-mouthpiece-cvp-red-2110\/","title":{"rendered":"Individu\u0101ls \u016bdensp\u012bpes iemutnis CVP Red 2110"},"content":{"rendered":"<h2>Individu\u0101ls \u016bdensp\u012bpes iemutnis CVP Red 2110<\/h2>\n<p>Dizainera iemutnis, rotaslietas, amerik\u0101\u0146u akrils, bronzas gredzens un medaljons ar ra\u017eot\u0101ja logo. Aukla ir tekstila. Kr\u0101sa ir sarkana ar melnu.<\/p>\n<p>Vai jums ir k\u0101di jaut\u0101jumi? Sazinies ar mums\u00a0<a href=\"https:\/\/hookahshop.lt\/lv\/kontaktiem\/\">kontaktu lapa<\/a>\u00a0vai rakstiet mums pa e-pastu\u00a0<a href=\"https:\/\/facebook.com\/HookahShop.lt\/\" target=\"_blank\" rel=\"noopener noreferrer\">Facebook konts<\/a>\u00a0un m\u0113s atbild\u0113sim uz j\u016bsu piepras\u012bjumu taj\u0101 pa\u0161\u0101 dien\u0101.<\/p>","protected":false},"excerpt":{"rendered":"<p>Individu\u0101ls \u016bdensp\u012bpes iemutis CVP Red 2110 Dizaina iemutis, rotaslieta, amerik\u0101\u0146u akrils, bronzas gredzens un medaljons ar ra\u017eot\u0101ja logotipu. Auka - tekstils. Kr\u0101sa - sarkana ar melnu. Vai jums ir k\u0101di jaut\u0101jumi? Sazinieties ar mums kontaktlap\u0101 vai rakstiet mums Facebook, un m\u0113s atbild\u0113sim uz j\u016bsu piepras\u012bjumu taj\u0101 pa\u0161\u0101 dien\u0101.<\/p>","protected":false},"featured_media":20203,"comment_status":"open","ping_status":"closed","template":"","meta":[],"_links":{"self":[{"href":"https:\/\/hookahshop.lt\/lv\/wp-json\/wp\/v2\/product\/20202"}],"collection":[{"href":"https:\/\/hookahshop.lt\/lv\/wp-json\/wp\/v2\/product"}],"about":[{"href":"https:\/\/hookahshop.lt\/lv\/wp-json\/wp\/v2\/types\/product"}],"replies":[{"embeddable":true,"href":"https:\/\/hookahshop.lt\/lv\/wp-json\/wp\/v2\/comments?post=20202"}],"version-history":[{"count":6,"href":"https:\/\/hookahshop.lt\/lv\/wp-json\/wp\/v2\/product\/20202\/revisions"}],"predecessor-version":[{"id":36747,"href":"https:\/\/hookahshop.lt\/lv\/wp-json\/wp\/v2\/product\/20202\/revisions\/36747"}],"wp:featuredmedia":[{"embeddable":true,"href":"https:\/\/hookahshop.lt\/lv\/wp-json\/wp\/v2\/media\/20203"}],"wp:attachment":[{"href":"https:\/\/hookahshop.lt\/lv\/wp-json\/wp\/v2\/media?parent=20202"}],"curies":[{"name":"wp","href":"https:\/\/api.w.org\/{rel}","templated":true}]}}