{"id":20206,"date":"2021-03-07T02:06:21","date_gmt":"2021-03-07T00:06:21","guid":{"rendered":"https:\/\/hookahshop.lt\/?post_type=product&#038;p=20206"},"modified":"2026-04-14T23:28:41","modified_gmt":"2026-04-14T20:28:41","slug":"individualus-kaljano-kandiklis-cvp-red-black-2110","status":"publish","type":"product","link":"https:\/\/hookahshop.lt\/lv\/produkt\/custom-udenspipe-iemuti-cvp-red-black-2110\/","title":{"rendered":"Individu\u0101ls \u016bdensp\u012bpes iemutnis CVP Red Black 2110"},"content":{"rendered":"<h2>Individu\u0101ls \u016bdensp\u012bpes iemutnis CVP Red Black 2110<\/h2>\n<p>Dizaineru veidots iemutis, rotaslietu darbs, amerik\u0101\u0146u akrils, bronzas gredzens un medaljons ar ra\u017eot\u0101ja logotipu. Aukla - tekstils. Kr\u0101sa - raiba.<\/p>\n<p>Vai jums ir k\u0101di jaut\u0101jumi? Sazinies ar mums\u00a0<a href=\"https:\/\/hookahshop.lt\/lv\/kontaktiem\/\">kontaktu lapa<\/a>\u00a0vai rakstiet mums pa e-pastu\u00a0<a href=\"https:\/\/facebook.com\/HookahShop.lt\/\" target=\"_blank\" rel=\"noopener noreferrer\">Facebook konts<\/a>\u00a0un m\u0113s atbild\u0113sim uz j\u016bsu piepras\u012bjumu taj\u0101 pa\u0161\u0101 dien\u0101<\/p>","protected":false},"excerpt":{"rendered":"<p>Custom Hookah Mouthpiece CVP Red Black 2110 Designer iemuti, rotaslietas, amerik\u0101\u0146u akrils, bronzas gredzens un medaljons ar ra\u017eot\u0101ja logotipu. Aukla ir tekstila. Kr\u0101sa raiba. Vai jums ir k\u0101di jaut\u0101jumi? Sazinieties ar mums kontaktu lap\u0101 vai rakstiet mums uz m\u016bsu Facebook kontu un m\u0113s atbild\u0113sim uz j\u016bsu piepras\u012bjumu taj\u0101 pa\u0161\u0101 dien\u0101<\/p>","protected":false},"featured_media":20207,"comment_status":"open","ping_status":"closed","template":"","meta":[],"_links":{"self":[{"href":"https:\/\/hookahshop.lt\/lv\/wp-json\/wp\/v2\/product\/20206"}],"collection":[{"href":"https:\/\/hookahshop.lt\/lv\/wp-json\/wp\/v2\/product"}],"about":[{"href":"https:\/\/hookahshop.lt\/lv\/wp-json\/wp\/v2\/types\/product"}],"replies":[{"embeddable":true,"href":"https:\/\/hookahshop.lt\/lv\/wp-json\/wp\/v2\/comments?post=20206"}],"version-history":[{"count":6,"href":"https:\/\/hookahshop.lt\/lv\/wp-json\/wp\/v2\/product\/20206\/revisions"}],"predecessor-version":[{"id":23343,"href":"https:\/\/hookahshop.lt\/lv\/wp-json\/wp\/v2\/product\/20206\/revisions\/23343"}],"wp:featuredmedia":[{"embeddable":true,"href":"https:\/\/hookahshop.lt\/lv\/wp-json\/wp\/v2\/media\/20207"}],"wp:attachment":[{"href":"https:\/\/hookahshop.lt\/lv\/wp-json\/wp\/v2\/media?parent=20206"}],"curies":[{"name":"wp","href":"https:\/\/api.w.org\/{rel}","templated":true}]}}