{"id":20239,"date":"2021-03-07T23:16:47","date_gmt":"2021-03-07T21:16:47","guid":{"rendered":"https:\/\/hookahshop.lt\/?post_type=product&#038;p=20239"},"modified":"2026-04-29T23:28:57","modified_gmt":"2026-04-29T20:28:57","slug":"kaljanas-honey-sigh-stick","status":"publish","type":"product","link":"https:\/\/hookahshop.lt\/lv\/produkt\/udenspipe-medus-noputa-stikis\/","title":{"rendered":"\u016adensp\u012bpe HONEY SIGH Stick"},"content":{"rendered":"<h2>\u016adensp\u012bpe HONEY SIGH Stick<\/h2>\n<p>\u0160\u012b ir l\u0113ta, uzticama \u016bdensp\u012bpe, kas izgatavota no p\u0101rtikas ner\u016bs\u0113jo\u0161\u0101 t\u0113rauda AISI 304. Visas \u016bdensp\u012bpes da\u013cas ir izgatavotas no t\u0113rauda un poliacet\u0101la. Honey Sigh Stick ir piln\u012bb\u0101 no\u0146emams modelis, kas \u013cauj to pa\u0146emt l\u012bdzi, atrodoties ce\u013c\u0101, vai \u0113rti tur\u0113t sakrautu m\u0101j\u0101s.<\/p>\n<p id=\"tw-target-text\" class=\"tw-data-text tw-text-large XcVN5d tw-ta\" dir=\"ltr\" data-placeholder=\"Vertimas\"><strong>Raksturojums:<\/strong><br \/>\n\u016adensp\u012bpes svars: apm\u0113ram 940 gr<br \/>\n\u016adensp\u012bpes augstums: 520 mm<br \/>\nIemutnis: ner\u016bs\u0113jo\u0161ais t\u0113rauds<br \/>\nTrok\u0161\u0146a sl\u0101p\u0113t\u0101ja garums: 297 mm.<\/p>\n<p><strong>Apr\u012bkojums:<\/strong><\/p>\n<p>V\u0101rpsta, iemutnis, pl\u0101ksne, \u0161\u013c\u016btene, bl\u012bves<\/p>\n<p dir=\"ltr\" data-placeholder=\"Vertimas\">Vai jums ir k\u0101di jaut\u0101jumi? Sazinies ar mums\u00a0<a href=\"https:\/\/hookahshop.lt\/lv\/kontaktiem\/\">kontaktu lapa<\/a>\u00a0vai rakstiet mums pa e-pastu\u00a0<a href=\"https:\/\/facebook.com\/HookahShop.lt\/\" target=\"_blank\" rel=\"noopener noreferrer\">Facebook konts<\/a>\u00a0un m\u0113s atbild\u0113sim uz j\u016bsu piepras\u012bjumu taj\u0101 pa\u0161\u0101 dien\u0101.<\/p>","protected":false},"excerpt":{"rendered":"<p>\u016adensp\u012bpe HONEY SIGH Stick \u0160\u012b ir l\u0113ta, uzticama \u016bdensp\u012bpe, kas izgatavota no p\u0101rtikas ner\u016bs\u0113jo\u0161\u0101 t\u0113rauda AISI 304. Visas \u016bdensp\u012bpes da\u013cas ir izgatavotas no t\u0113rauda un poliacet\u0101la. Honey Sigh Stick ir piln\u012bb\u0101 no\u0146emams modelis, kas \u013cauj to pa\u0146emt l\u012bdzi, atrodoties ce\u013c\u0101, vai \u0113rti tur\u0113t sakrautu m\u0101j\u0101s. Raksturlielumi: \u016adensp\u012bpes svars: apm\u0113ram 940 gr \u016adensp\u012bpes augstums: 520 mm Iestr\u0101de: ner\u016bs\u0113jo\u0161a [...]<\/p>","protected":false},"featured_media":20240,"comment_status":"open","ping_status":"closed","template":"","meta":[],"_links":{"self":[{"href":"https:\/\/hookahshop.lt\/lv\/wp-json\/wp\/v2\/product\/20239"}],"collection":[{"href":"https:\/\/hookahshop.lt\/lv\/wp-json\/wp\/v2\/product"}],"about":[{"href":"https:\/\/hookahshop.lt\/lv\/wp-json\/wp\/v2\/types\/product"}],"replies":[{"embeddable":true,"href":"https:\/\/hookahshop.lt\/lv\/wp-json\/wp\/v2\/comments?post=20239"}],"version-history":[{"count":6,"href":"https:\/\/hookahshop.lt\/lv\/wp-json\/wp\/v2\/product\/20239\/revisions"}],"predecessor-version":[{"id":40046,"href":"https:\/\/hookahshop.lt\/lv\/wp-json\/wp\/v2\/product\/20239\/revisions\/40046"}],"wp:featuredmedia":[{"embeddable":true,"href":"https:\/\/hookahshop.lt\/lv\/wp-json\/wp\/v2\/media\/20240"}],"wp:attachment":[{"href":"https:\/\/hookahshop.lt\/lv\/wp-json\/wp\/v2\/media?parent=20239"}],"curies":[{"name":"wp","href":"https:\/\/api.w.org\/{rel}","templated":true}]}}