{"id":20243,"date":"2021-03-08T00:13:46","date_gmt":"2021-03-07T22:13:46","guid":{"rendered":"https:\/\/hookahshop.lt\/?post_type=product&#038;p=20243"},"modified":"2026-04-29T23:28:57","modified_gmt":"2026-04-29T20:28:57","slug":"kaljanas-honey-sigh-urban-s","status":"publish","type":"product","link":"https:\/\/hookahshop.lt\/lv\/produkt\/udenspipe-medus-noputa-pilsetas-s\/","title":{"rendered":"\u016adensp\u012bpe HONEY SIGH Urban S"},"content":{"rendered":"<h2>\u016adensp\u012bpe HONEY SIGH Urban S<\/h2>\n<p>\u016adensp\u012bpei &quot;Honey Sigh Urban S&quot; ir izcilas veiktsp\u0113jas un k\u016bpin\u0101\u0161anas \u012bpa\u0161\u012bbas. Tas ir izgatavots no ner\u016bs\u0113jo\u0161\u0101 t\u0113rauda AISI 304. Ir uzst\u0101d\u012bts 5-portu iztuk\u0161o\u0161anas v\u0101rsts.<\/p>\n<p><strong>Raksturojums:<\/strong><br \/>\n\u016adensp\u012bpes svars: apm\u0113ram 1625 gr<br \/>\n\u016adensp\u012bpes augstums: 510 mm<br \/>\nMutes uzgalis: iegrav\u0113ts ner\u016bs\u0113jo\u0161ais t\u0113rauds<br \/>\nTrok\u0161\u0146a sl\u0101p\u0113t\u0101ja garums: 297 mm.<\/p>\n<p>Vai jums ir k\u0101di jaut\u0101jumi? Sazinies ar mums\u00a0<a href=\"https:\/\/hookahshop.lt\/lv\/kontaktiem\/\">kontaktu lapa<\/a>\u00a0vai rakstiet mums pa e-pastu\u00a0<a href=\"https:\/\/facebook.com\/HookahShop.lt\/\" target=\"_blank\" rel=\"noopener noreferrer\">Facebook konts<\/a>\u00a0un m\u0113s atbild\u0113sim uz j\u016bsu piepras\u012bjumu taj\u0101 pa\u0161\u0101 dien\u0101.<\/p>","protected":false},"excerpt":{"rendered":"<p>\u016adensp\u012bpe HONEY SIGH Urban S \u016adensp\u012bpei &quot;Honey Sigh Urban S&quot; ir izcilas veiktsp\u0113jas un k\u016bpin\u0101\u0161anas \u012bpa\u0161\u012bbas. Tas ir izgatavots no ner\u016bs\u0113jo\u0161\u0101 t\u0113rauda AISI 304. Ir uzst\u0101d\u012bts 5-portu iztuk\u0161o\u0161anas v\u0101rsts. Raksturlielumi: \u016adensp\u012bpes svars: aptuveni 1625 gr \u016adensp\u012bpes augstums: 510 mm Iestr\u0101de: iegrav\u0113ts ner\u016bs\u0113jo\u0161ais t\u0113rauds \u016adensp\u012bpes garums: 297 mm. Vai jums ir k\u0101di jaut\u0101jumi? Sazinieties ar mums kontaktu lap\u0101 vai rakstiet mums Facebook [\u2026]<\/p>","protected":false},"featured_media":20244,"comment_status":"open","ping_status":"closed","template":"","meta":[],"_links":{"self":[{"href":"https:\/\/hookahshop.lt\/lv\/wp-json\/wp\/v2\/product\/20243"}],"collection":[{"href":"https:\/\/hookahshop.lt\/lv\/wp-json\/wp\/v2\/product"}],"about":[{"href":"https:\/\/hookahshop.lt\/lv\/wp-json\/wp\/v2\/types\/product"}],"replies":[{"embeddable":true,"href":"https:\/\/hookahshop.lt\/lv\/wp-json\/wp\/v2\/comments?post=20243"}],"version-history":[{"count":3,"href":"https:\/\/hookahshop.lt\/lv\/wp-json\/wp\/v2\/product\/20243\/revisions"}],"predecessor-version":[{"id":40047,"href":"https:\/\/hookahshop.lt\/lv\/wp-json\/wp\/v2\/product\/20243\/revisions\/40047"}],"wp:featuredmedia":[{"embeddable":true,"href":"https:\/\/hookahshop.lt\/lv\/wp-json\/wp\/v2\/media\/20244"}],"wp:attachment":[{"href":"https:\/\/hookahshop.lt\/lv\/wp-json\/wp\/v2\/media?parent=20243"}],"curies":[{"name":"wp","href":"https:\/\/api.w.org\/{rel}","templated":true}]}}