{"id":20365,"date":"2021-03-12T20:08:31","date_gmt":"2021-03-12T18:08:31","guid":{"rendered":"https:\/\/hookahshop.lt\/?post_type=product&#038;p=20365"},"modified":"2026-04-18T23:29:06","modified_gmt":"2026-04-18T20:29:06","slug":"taurele-kaljanui-oblako-m-glazed-sky-blue","status":"publish","type":"product","link":"https:\/\/hookahshop.lt\/lv\/produkt\/kauss-udenspipe-oblako-m-glazets-debeszils\/","title":{"rendered":"\u016adensp\u012bpes kr\u016bze OBLAKO M Glazed Sky Blue"},"content":{"rendered":"<h2>\u016adensp\u012bpes kr\u016bze OBLAKO M Glazed Sky Blue<\/h2>\n<p>\u0160\u012b ir glaz\u0113ta, ikdienas sm\u0113\u0137\u0113\u0161anas gl\u0101ze, kas lieliski piem\u0113rota vieglai un smagai tabakai!<\/p>\n<p>Kr\u016bz\u012bte ir p\u0101rkl\u0101ta ar glaz\u016bru, pateicoties kurai t\u0101 var ilgsto\u0161i saglab\u0101t savas s\u0101kotn\u0113j\u0101s \u012bpa\u0161\u012bbas un izskatu. OBLAKO izmanto tikai cilv\u0113kiem draudz\u012bgu p\u0101rtikas glaz\u016bru, ko izstr\u0101d\u0101ju\u0161i partneri specializ\u0113t\u0101s laboratorij\u0101s, kas atrodas G\u017ee\u013cskoje, vien\u0101 no tradicion\u0101lajiem keramikas ra\u017eo\u0161anas centriem Krievij\u0101.<\/p>\n<p>Tabakas tase satur 20\u201323 g.<\/p>\n<p>Specifik\u0101cijas:<br \/>\nAugstums: 118 mm<br \/>\nDiametrs (\u0101r\u0113jais): 74 mm<br \/>\nDiametrs (iek\u0161\u0113jais): 68 mm<br \/>\nDzi\u013cums: 12 mm<br \/>\nUrbuma diametrs: 12 mm<br \/>\nUrbumu skaits: 1<br \/>\nSvars: apm\u0113ram 182 g.<\/p>\n<p>Vai jums ir k\u0101di jaut\u0101jumi? Sazinies ar mums\u00a0<a href=\"https:\/\/hookahshop.lt\/lv\/kontaktiem\/\">kontaktu lapa<\/a>\u00a0vai rakstiet mums pa e-pastu\u00a0<a href=\"https:\/\/facebook.com\/HookahShop.lt\/\" target=\"_blank\" rel=\"noopener noreferrer\">Facebook konts<\/a>\u00a0un m\u0113s atbild\u0113sim uz j\u016bsu piepras\u012bjumu taj\u0101 pa\u0161\u0101 dien\u0101.<\/p>","protected":false},"excerpt":{"rendered":"<p>\u016adensp\u012bpes b\u013codi\u0146a OBLAKO M Glaz\u0113ta debeszila \u0160\u012b ir glaz\u0113ta b\u013codi\u0146a ikdienas sm\u0113\u0137\u0113\u0161anai, kas ir ide\u0101li piem\u0113rota gan vieglai, gan smagai tabakai! B\u013codi\u0146a ir p\u0101rkl\u0101ta ar glaz\u016bru, pateicoties kurai t\u0101 ilgsto\u0161i saglab\u0101 savas s\u0101kotn\u0113j\u0101s \u012bpa\u0161\u012bbas un izskatu. OBLAKO izmanto tikai p\u0101rtikas kvalit\u0101tes glaz\u016bru, kas ir nekait\u012bga cilv\u0113kiem, ko izstr\u0101d\u0101ja partneri specializ\u0113t\u0101s laboratorij\u0101s, kas atrodas vien\u0101 no tradicion\u0101lajiem Krievijas keramikas ra\u017eo\u0161anas centriem [\u2026]<\/p>","protected":false},"featured_media":21284,"comment_status":"open","ping_status":"closed","template":"","meta":[],"_links":{"self":[{"href":"https:\/\/hookahshop.lt\/lv\/wp-json\/wp\/v2\/product\/20365"}],"collection":[{"href":"https:\/\/hookahshop.lt\/lv\/wp-json\/wp\/v2\/product"}],"about":[{"href":"https:\/\/hookahshop.lt\/lv\/wp-json\/wp\/v2\/types\/product"}],"replies":[{"embeddable":true,"href":"https:\/\/hookahshop.lt\/lv\/wp-json\/wp\/v2\/comments?post=20365"}],"version-history":[{"count":4,"href":"https:\/\/hookahshop.lt\/lv\/wp-json\/wp\/v2\/product\/20365\/revisions"}],"predecessor-version":[{"id":37914,"href":"https:\/\/hookahshop.lt\/lv\/wp-json\/wp\/v2\/product\/20365\/revisions\/37914"}],"wp:featuredmedia":[{"embeddable":true,"href":"https:\/\/hookahshop.lt\/lv\/wp-json\/wp\/v2\/media\/21284"}],"wp:attachment":[{"href":"https:\/\/hookahshop.lt\/lv\/wp-json\/wp\/v2\/media?parent=20365"}],"curies":[{"name":"wp","href":"https:\/\/api.w.org\/{rel}","templated":true}]}}