{"id":20369,"date":"2021-03-12T20:34:33","date_gmt":"2021-03-12T18:34:33","guid":{"rendered":"https:\/\/hookahshop.lt\/?post_type=product&#038;p=20369"},"modified":"2026-04-18T23:28:37","modified_gmt":"2026-04-18T20:28:37","slug":"individualus-kaljano-kandiklis-mattpear-persona","status":"publish","type":"product","link":"https:\/\/hookahshop.lt\/lv\/produkt\/pasutijuma-udenspipes-iemuti-mattpear-persona\/","title":{"rendered":"Individu\u0101ls \u016bdensp\u012bpes iemutnis MATTPEAR Persona"},"content":{"rendered":"<h2>Individu\u0101ls \u016bdensp\u012bpes iemutnis MATTPEAR Persona<\/h2>\n<p>Izgatavots no medic\u012bnisk\u0101s kvalit\u0101tes t\u0113rauda, tam ir silikona Softtouch savienojums ar iek\u0161\u0113jo diametru 11 mm. Atsevi\u0161\u0137ais iemutnis ir iepakots kast\u012bt\u0113 kop\u0101 ar melnu \u0101das auklu.<\/p>\n<p>Specifik\u0101cija:<br \/>\nMateri\u0101ls: Medic\u012bniskais t\u0113rauds<br \/>\nIzm\u0113ri: 7,5 cm x 1,5 cm<\/p>\n<p>Vai jums ir k\u0101di jaut\u0101jumi? Sazinies ar mums\u00a0<a href=\"https:\/\/hookahshop.lt\/lv\/kontaktiem\/\">kontaktu lapa<\/a>\u00a0vai rakstiet mums pa e-pastu\u00a0<a href=\"https:\/\/facebook.com\/HookahShop.lt\/\" target=\"_blank\" rel=\"noopener noreferrer\">Facebook konts<\/a>\u00a0un m\u0113s atbild\u0113sim uz j\u016bsu piepras\u012bjumu taj\u0101 pa\u0161\u0101 dien\u0101.<\/p>","protected":false},"excerpt":{"rendered":"<p>Piel\u0101gots \u016bdensp\u012bpes iemutnis MATTPEAR Persona Izgatavots no medic\u012bnisk\u0101s kvalit\u0101tes t\u0113rauda ar silikona Softtouch savienot\u0101ju ar iek\u0161\u0113jo diametru 11 mm. Atsevi\u0161\u0137ais iemutnis ir iepakots kast\u012bt\u0113 kop\u0101 ar melnu \u0101das auklu. Specifik\u0101cija: Materi\u0101ls: Medic\u012bniskais t\u0113rauds Izm\u0113ri: 7.5cm x 1.5cm Jaut\u0101jumi? Sazinieties ar mums kontaktu lap\u0101 vai rakstiet mums uz m\u016bsu Facebook kontu, un m\u0113s atbild\u0113sim uz j\u016bsu piepras\u012bjumu [\u2026]<\/p>","protected":false},"featured_media":20370,"comment_status":"open","ping_status":"closed","template":"","meta":[],"_links":{"self":[{"href":"https:\/\/hookahshop.lt\/lv\/wp-json\/wp\/v2\/product\/20369"}],"collection":[{"href":"https:\/\/hookahshop.lt\/lv\/wp-json\/wp\/v2\/product"}],"about":[{"href":"https:\/\/hookahshop.lt\/lv\/wp-json\/wp\/v2\/types\/product"}],"replies":[{"embeddable":true,"href":"https:\/\/hookahshop.lt\/lv\/wp-json\/wp\/v2\/comments?post=20369"}],"version-history":[{"count":5,"href":"https:\/\/hookahshop.lt\/lv\/wp-json\/wp\/v2\/product\/20369\/revisions"}],"predecessor-version":[{"id":29885,"href":"https:\/\/hookahshop.lt\/lv\/wp-json\/wp\/v2\/product\/20369\/revisions\/29885"}],"wp:featuredmedia":[{"embeddable":true,"href":"https:\/\/hookahshop.lt\/lv\/wp-json\/wp\/v2\/media\/20370"}],"wp:attachment":[{"href":"https:\/\/hookahshop.lt\/lv\/wp-json\/wp\/v2\/media?parent=20369"}],"curies":[{"name":"wp","href":"https:\/\/api.w.org\/{rel}","templated":true}]}}