{"id":20375,"date":"2021-03-12T21:17:01","date_gmt":"2021-03-12T19:17:01","guid":{"rendered":"https:\/\/hookahshop.lt\/?post_type=product&#038;p=20375"},"modified":"2026-04-20T23:28:55","modified_gmt":"2026-04-20T20:28:55","slug":"kaljanas-hoob-atom-black","status":"publish","type":"product","link":"https:\/\/hookahshop.lt\/lv\/produkt\/udenspipe-hoob-atom-melns\/","title":{"rendered":"\u016adensp\u012bpe HOOB Atom black"},"content":{"rendered":"<h2>\u016adensp\u012bpe HOOB Atom Black<\/h2>\n<p>T\u0101 ir viena no revolucion\u0101r\u0101kaj\u0101m un kompakt\u0101kaj\u0101m \u016bdensp\u012bp\u0113m. Jau popul\u0101rais Hoob melnais dizains un \u0161\u012bs \u016bdensp\u012bpes nestandarta formas padara to patiesi unik\u0101lu, to var izmantot, kur vien v\u0113laties, dab\u0101, m\u0101j\u0101s, biroj\u0101. Kvalitat\u012bvi materi\u0101li ir ide\u0101li saska\u0146oti, lai nodro\u0161in\u0101tu ilg\u0101ko \u016bdensp\u012bpes kalpo\u0161anas laiku un atbilstu m\u016bsdien\u012bgam izskatam.<\/p>\n<p>Anod\u0113ta alum\u012bnija \u016bdensp\u012bpes da\u013ca ar \u012bpa\u0161u zelta un melnu mat\u0113tu p\u0101rkl\u0101jumu, ar ner\u016bs\u0113jo\u0161\u0101 t\u0113rauda centr\u0101lo cauruli.<br \/>\nHoob Magnetic Lock\u00ae unik\u0101la \u016bdensp\u012bpes savienojuma sist\u0113ma un magn\u0113tisko \u0161\u013c\u016bte\u0146u savienot\u0101ji.<\/p>\n<p>\u016adensp\u012bpe Hoob Atom Black ir priek\u0161mets, ko varat izmantot ar jebkur\u0101m kr\u016bz\u012bt\u0113m un silikona \u0161\u013c\u016bten\u0113m.<\/p>\n<p><strong>Apr\u012bkojums:<\/strong><br \/>\nV\u0101rpstas ner\u016bs\u0113jo\u0161ais t\u0113rauds<br \/>\nStiprin\u0101juma sist\u0113mas &quot;Hoob Magnetic Lock\u00ae&quot; magn\u0113ti<br \/>\nMagn\u0113tisk\u0101s \u0161\u013c\u016btenes savienot\u0101js<br \/>\nPlexiglas kolbas pamatne ar zelta p\u0101rsl\u0101m<br \/>\nIntegr\u0113ts rokturis un nodal\u012bjums LED apgaismojumam.<br \/>\nNer\u016bs\u0113jo\u0161\u0101 t\u0113rauda mini pl\u0101ksne ogl\u0113m<br \/>\nAugstums: 21 cm<br \/>\nApak\u0161\u0113j\u0101s da\u013cas diametrs: 13mm<br \/>\n\u0160\u013c\u016btenes savienot\u0101ja diametrs: 10 mm<br \/>\nDubult\u0101 izpl\u016bdes sist\u0113ma;<br \/>\nSavienojumu skaits l\u012bdz 2 \u0161\u013c\u016bten\u0113m;<\/p>\n<p><strong>Komplekt\u0101 nav iemut\u0146a un \u0161\u013c\u016btenes.<\/strong><\/p>\n<p>Vai jums ir k\u0101di jaut\u0101jumi? Sazinies ar mums\u00a0<a href=\"https:\/\/hookahshop.lt\/lv\/kontaktiem\/\">kontaktu lapa<\/a>\u00a0vai rakstiet mums pa e-pastu\u00a0<a href=\"https:\/\/facebook.com\/HookahShop.lt\/\" target=\"_blank\" rel=\"noopener noreferrer\">Facebook konts<\/a>\u00a0un m\u0113s atbild\u0113sim uz j\u016bsu piepras\u012bjumu taj\u0101 pa\u0161\u0101 dien\u0101.<\/p>","protected":false},"excerpt":{"rendered":"<p>\u016adensp\u012bpe HOOB Atom Black \u0160\u012b ir viena no revolucion\u0101r\u0101kaj\u0101m un kompakt\u0101kaj\u0101m \u016bdensp\u012bp\u0113m. Jau popul\u0101rais &quot;Hoob&quot; melnais dizains un \u0161\u012bs \u016bdensp\u012bpes nestandarta formas padara to patiesi unik\u0101lu, to var izmantot jebkur, kur v\u0113laties \u2013 dab\u0101, m\u0101j\u0101s, biroj\u0101. Augstas kvalit\u0101tes materi\u0101li ir ide\u0101li apvienoti, lai nodro\u0161in\u0101tu \u016bdensp\u012bpes ilg\u0101ko kalpo\u0161anas laiku un harmoniz\u0113tos ar moderno izskatu. Anod\u0113t\u0101 alum\u012bnija \u016bdensp\u012bpes da\u013ca [\u2026]<\/p>","protected":false},"featured_media":25062,"comment_status":"open","ping_status":"closed","template":"","meta":[],"_links":{"self":[{"href":"https:\/\/hookahshop.lt\/lv\/wp-json\/wp\/v2\/product\/20375"}],"collection":[{"href":"https:\/\/hookahshop.lt\/lv\/wp-json\/wp\/v2\/product"}],"about":[{"href":"https:\/\/hookahshop.lt\/lv\/wp-json\/wp\/v2\/types\/product"}],"replies":[{"embeddable":true,"href":"https:\/\/hookahshop.lt\/lv\/wp-json\/wp\/v2\/comments?post=20375"}],"version-history":[{"count":4,"href":"https:\/\/hookahshop.lt\/lv\/wp-json\/wp\/v2\/product\/20375\/revisions"}],"predecessor-version":[{"id":26713,"href":"https:\/\/hookahshop.lt\/lv\/wp-json\/wp\/v2\/product\/20375\/revisions\/26713"}],"wp:featuredmedia":[{"embeddable":true,"href":"https:\/\/hookahshop.lt\/lv\/wp-json\/wp\/v2\/media\/25062"}],"wp:attachment":[{"href":"https:\/\/hookahshop.lt\/lv\/wp-json\/wp\/v2\/media?parent=20375"}],"curies":[{"name":"wp","href":"https:\/\/api.w.org\/{rel}","templated":true}]}}