{"id":20391,"date":"2021-03-12T22:20:22","date_gmt":"2021-03-12T20:20:22","guid":{"rendered":"https:\/\/hookahshop.lt\/?post_type=product&#038;p=20391"},"modified":"2026-04-19T23:29:02","modified_gmt":"2026-04-19T20:29:02","slug":"kaljanas-nube-white-one","status":"publish","type":"product","link":"https:\/\/hookahshop.lt\/lv\/produkt\/udenspipe-nubs-balts-viens\/","title":{"rendered":"\u016adensp\u012bpe NUBE White One"},"content":{"rendered":"<h2>\u016adensp\u012bpe NUBE White One<\/h2>\n<p>\u016adensp\u012bpe, kas diez vai var\u0113tu b\u016bt unik\u0101l\u0101ka. Nube Unique Black One augst\u0101 kvalit\u0101te ir viegli kopjama, un taj\u0101 tiek izmantoti augstas kvalit\u0101tes materi\u0101li, piem\u0113ram, ner\u016bs\u0113jo\u0161ais t\u0113rauds un poliacet\u0101ls.<\/p>\n<p>Unik\u0101lais izp\u016b\u0161anas v\u0101rsts \u013cauj izp\u016bsto gaisu novirz\u012bt tie\u0161i kr\u016bz\u0113, t\u0101d\u0113j\u0101di to atdzes\u0113jot.<\/p>\n<p><strong>Apr\u012bkojums:<\/strong><br \/>\nV\u0101rpsta, pl\u0101ksne, deglis, silikona \u0161\u013c\u016btene (balta).<\/p>\n<p><img decoding=\"async\" loading=\"lazy\" class=\"alignnone size-medium wp-image-38521\" src=\"https:\/\/hookahshop.lt\/wp-content\/uploads\/2020\/09\/stiebas-zarna-kandiklis-1-300x273.jpg\" alt=\"- hookahshop.lt\" width=\"300\" height=\"273\" srcset=\"https:\/\/hookahshop.lt\/wp-content\/uploads\/2020\/09\/stiebas-zarna-kandiklis-1-300x273.jpg 300w, https:\/\/hookahshop.lt\/wp-content\/uploads\/2020\/09\/stiebas-zarna-kandiklis-1-13x12.jpg 13w, https:\/\/hookahshop.lt\/wp-content\/uploads\/2020\/09\/stiebas-zarna-kandiklis-1-64x58.jpg 64w, https:\/\/hookahshop.lt\/wp-content\/uploads\/2020\/09\/stiebas-zarna-kandiklis-1.jpg 420w\" sizes=\"(max-width: 300px) 100vw, 300px\" title=\"\"><\/p>\n<p><strong>Tehnisk\u0101s specifik\u0101cijas:<\/strong><br \/>\nKop\u0113jais augstums: apm\u0113ram 58 cm<br \/>\nMateri\u0101ls: ner\u016bs\u0113jo\u0161ais t\u0113rauds<br \/>\nRa\u017eots Krievij\u0101<\/p>\n<p>Vai jums ir k\u0101di jaut\u0101jumi? Sazinies ar mums\u00a0<a href=\"https:\/\/hookahshop.lt\/lv\/kontaktiem\/\">kontaktu lapa<\/a>\u00a0vai rakstiet mums pa e-pastu\u00a0<a href=\"https:\/\/facebook.com\/HookahShop.lt\/\" target=\"_blank\" rel=\"noopener noreferrer\">Facebook konts<\/a>\u00a0un m\u0113s atbild\u0113sim uz j\u016bsu piepras\u012bjumu taj\u0101 pa\u0161\u0101 dien\u0101.<\/p>","protected":false},"excerpt":{"rendered":"<p>\u016adensp\u012bpe NUBE White One \u016adensp\u012bpe, kas diez vai var\u0113tu b\u016bt unik\u0101l\u0101ka. Nube Unique Black One augst\u0101 kvalit\u0101te ir viegli kopjama, un taj\u0101 tiek izmantoti augstas kvalit\u0101tes materi\u0101li, piem\u0113ram, ner\u016bs\u0113jo\u0161ais t\u0113rauds un poliacet\u0101ls. Unik\u0101lais izp\u016b\u0161anas v\u0101rsts \u013cauj izp\u016bsto gaisu novirz\u012bt tie\u0161i kr\u016bz\u0113, t\u0101d\u0113j\u0101di to atdzes\u0113jot. Pilns komplekts: V\u0101rpsta, pl\u0101ksne, deglis, silikona \u0161\u013c\u016btene (balta). Tehnisk\u0101s specifik\u0101cijas: Visp\u0101r\u012bgi [\u2026]<\/p>","protected":false},"featured_media":20392,"comment_status":"open","ping_status":"closed","template":"","meta":[],"_links":{"self":[{"href":"https:\/\/hookahshop.lt\/lv\/wp-json\/wp\/v2\/product\/20391"}],"collection":[{"href":"https:\/\/hookahshop.lt\/lv\/wp-json\/wp\/v2\/product"}],"about":[{"href":"https:\/\/hookahshop.lt\/lv\/wp-json\/wp\/v2\/types\/product"}],"replies":[{"embeddable":true,"href":"https:\/\/hookahshop.lt\/lv\/wp-json\/wp\/v2\/comments?post=20391"}],"version-history":[{"count":6,"href":"https:\/\/hookahshop.lt\/lv\/wp-json\/wp\/v2\/product\/20391\/revisions"}],"predecessor-version":[{"id":44485,"href":"https:\/\/hookahshop.lt\/lv\/wp-json\/wp\/v2\/product\/20391\/revisions\/44485"}],"wp:featuredmedia":[{"embeddable":true,"href":"https:\/\/hookahshop.lt\/lv\/wp-json\/wp\/v2\/media\/20392"}],"wp:attachment":[{"href":"https:\/\/hookahshop.lt\/lv\/wp-json\/wp\/v2\/media?parent=20391"}],"curies":[{"name":"wp","href":"https:\/\/api.w.org\/{rel}","templated":true}]}}